{"id":12731,"date":"2023-01-31T17:15:47","date_gmt":"2023-01-31T17:15:47","guid":{"rendered":"https:\/\/www.molanoige.com\/product\/super-saver-irish-certificates-pack-100-pieces\/"},"modified":"2026-02-02T18:14:25","modified_gmt":"2026-02-02T18:14:25","slug":"super-saver-irish-certificates-pack-100-pieces","status":"publish","type":"product","link":"https:\/\/www.molanoige.com\/ga\/product\/super-saver-irish-certificates-pack-100-pieces\/","title":{"rendered":"Pac\u00e1iste Teastas \u00c9ireannach(100 p\u00edosa)"},"content":{"rendered":"<p>Save more than 25% on a pack of\u00a0 &#8216;must have\u2019 Irish Certificates. 100 x A5 Certificates in total!<\/p>\n<p>The pack includes:<\/p>\n<ul>\n<li><strong>20 L\u00e9itheoir na Seachtaine \u2013 Irish reader of the week certificates<\/strong><\/li>\n<li><strong>20 R\u00e9alta na Seachtaine \u2013 Irish Star of the Week Certificates<\/strong><\/li>\n<li><strong>20 An Tinreamh Is Fearr \u2013 Irish Attendance Certificate<\/strong><\/li>\n<li><strong>20 Scr\u00edbhneoir na Seachtaine \u2013 Irish Writer of the Week Certificates<\/strong><\/li>\n<li><strong>20 Gradam an Mh\u00fainteora \u2013 Teacher\u2019s Award certificates<\/strong><\/li>\n<\/ul>\n","protected":false},"excerpt":{"rendered":"<p>Save more than 25% on a pack of\u00a0 &#8216;must have\u2019 Irish Certificates. 100 x A5 Certificates in total! The pack includes: 20 L\u00e9itheoir na Seachtaine \u2013 Irish reader of the week certificates 20 R\u00e9alta na Seachtaine \u2013 Irish Star of the Week Certificates 20 An Tinreamh Is Fearr \u2013 Irish Attendance Certificate 20 Scr\u00edbhneoir na [&hellip;]<\/p>\n","protected":false},"featured_media":12733,"comment_status":"open","ping_status":"closed","template":"","meta":{"_exactmetrics_skip_tracking":false,"_exactmetrics_sitenote_active":false,"_exactmetrics_sitenote_note":"","_exactmetrics_sitenote_category":0,"site-sidebar-layout":"default","site-content-layout":"default","ast-site-content-layout":"default","site-content-style":"default","site-sidebar-style":"default","ast-global-header-display":"","ast-banner-title-visibility":"","ast-main-header-display":"","ast-hfb-above-header-display":"","ast-hfb-below-header-display":"","ast-hfb-mobile-header-display":"","site-post-title":"","ast-breadcrumbs-content":"","ast-featured-img":"","footer-sml-layout":"","theme-transparent-header-meta":"default","adv-header-id-meta":"","stick-header-meta":"","header-above-stick-meta":"","header-main-stick-meta":"","header-below-stick-meta":"","astra-migrate-meta-layouts":"default","ast-page-background-enabled":"default","ast-page-background-meta":{"desktop":{"background-color":"","background-image":"","background-repeat":"repeat","background-position":"center center","background-size":"auto","background-attachment":"scroll","background-type":"","background-media":"","overlay-type":"","overlay-color":"","overlay-opacity":"","overlay-gradient":""},"tablet":{"background-color":"","background-image":"","background-repeat":"repeat","background-position":"center center","background-size":"auto","background-attachment":"scroll","background-type":"","background-media":"","overlay-type":"","overlay-color":"","overlay-opacity":"","overlay-gradient":""},"mobile":{"background-color":"","background-image":"","background-repeat":"repeat","background-position":"center center","background-size":"auto","background-attachment":"scroll","background-type":"","background-media":"","overlay-type":"","overlay-color":"","overlay-opacity":"","overlay-gradient":""}},"ast-content-background-meta":{"desktop":{"background-color":"var(--ast-global-color-5)","background-image":"","background-repeat":"repeat","background-position":"center center","background-size":"auto","background-attachment":"scroll","background-type":"","background-media":"","overlay-type":"","overlay-color":"","overlay-opacity":"","overlay-gradient":""},"tablet":{"background-color":"var(--ast-global-color-5)","background-image":"","background-repeat":"repeat","background-position":"center center","background-size":"auto","background-attachment":"scroll","background-type":"","background-media":"","overlay-type":"","overlay-color":"","overlay-opacity":"","overlay-gradient":""},"mobile":{"background-color":"var(--ast-global-color-5)","background-image":"","background-repeat":"repeat","background-position":"center center","background-size":"auto","background-attachment":"scroll","background-type":"","background-media":"","overlay-type":"","overlay-color":"","overlay-opacity":"","overlay-gradient":""}}},"product_brand":[],"product_cat":[793,806,794,805,807,834,825,822],"product_tag":[],"class_list":{"0":"post-12731","1":"product","2":"type-product","3":"status-publish","4":"has-post-thumbnail","6":"product_cat-gaeilge","7":"product_cat-iarraht-moladh","8":"product_cat-pacai-snag","9":"product_cat-certificates","10":"product_cat-teastais-gaeilge","11":"product_cat-ceimniu","12":"product_cat-pacai","13":"product_cat-seachtain-na-gaeilge","14":"desktop-align-left","15":"tablet-align-left","16":"mobile-align-left","18":"first","19":"instock","20":"sale","21":"shipping-taxable","22":"purchasable","23":"product-type-simple"},"_links":{"self":[{"href":"https:\/\/www.molanoige.com\/ga\/wp-json\/wp\/v2\/product\/12731","targetHints":{"allow":["GET"]}}],"collection":[{"href":"https:\/\/www.molanoige.com\/ga\/wp-json\/wp\/v2\/product"}],"about":[{"href":"https:\/\/www.molanoige.com\/ga\/wp-json\/wp\/v2\/types\/product"}],"replies":[{"embeddable":true,"href":"https:\/\/www.molanoige.com\/ga\/wp-json\/wp\/v2\/comments?post=12731"}],"wp:featuredmedia":[{"embeddable":true,"href":"https:\/\/www.molanoige.com\/ga\/wp-json\/wp\/v2\/media\/12733"}],"wp:attachment":[{"href":"https:\/\/www.molanoige.com\/ga\/wp-json\/wp\/v2\/media?parent=12731"}],"wp:term":[{"taxonomy":"product_brand","embeddable":true,"href":"https:\/\/www.molanoige.com\/ga\/wp-json\/wp\/v2\/product_brand?post=12731"},{"taxonomy":"product_cat","embeddable":true,"href":"https:\/\/www.molanoige.com\/ga\/wp-json\/wp\/v2\/product_cat?post=12731"},{"taxonomy":"product_tag","embeddable":true,"href":"https:\/\/www.molanoige.com\/ga\/wp-json\/wp\/v2\/product_tag?post=12731"}],"curies":[{"name":"wp","href":"https:\/\/api.w.org\/{rel}","templated":true}]}}