{"id":12725,"date":"2023-02-05T14:03:10","date_gmt":"2023-02-05T14:03:10","guid":{"rendered":"https:\/\/www.molanoige.com\/product\/realta-snag-pack\/"},"modified":"2026-02-02T18:14:24","modified_gmt":"2026-02-02T18:14:24","slug":"realta-snag-pack","status":"publish","type":"product","link":"https:\/\/www.molanoige.com\/ga\/product\/realta-snag-pack\/","title":{"rendered":"R\u00e9alta SnaG Pack"},"content":{"rendered":"<p>Colourful Pack containing lots of prizes and stickers for your pupils.<\/p>\n<p>By purchasing a SnaG 2023 Pack, you are fully equipped to celebrate both occasions in your classroom and school community.<\/p>\n<p>&nbsp;<\/p>\n<p><strong>Who is it for?<\/strong>\u00a0Classroom teachers, SETs, and principals teaching in a Gaelscoil or English-medium school.<\/p>\n<p><strong>What is in it?<\/strong> There\u2019s something for everyone in your class with 8 different products and lots of prizes!<\/p>\n<p>&nbsp;<\/p>\n<p>Each pack contains:<\/p>\n<p>20 x R\u00e9alta na Seachtaine \u2013 Irish Star of the Week Certificates<\/p>\n<p>10 x Activity Bookmarks Leabharmharcanna \u2013 \u201cIs Fearr Gaeilge Briste, n\u00e1 B\u00e9arla Cliste\u201d<\/p>\n<p>10 x Mini Certificates \u2013 C\u00e1rta\u00ed beaga le N\u00f3ta \u00f3 mo mh\u00fainteoir<\/p>\n<p>5 x Badges \u2013 &#8216;Gaeilgeoir na Seachtaine\u2019<\/p>\n<p>8 x Mixed Irish Pencils (An-Mhaith, Gaeilgeoir na Seachtaine, Ar Fheabhas, Go Hiontach, Comhghairdeas)<\/p>\n<p>6 x Obair Mhaith pens<\/p>\n<p>24 x Irish teacher\u2019s praise stickers<\/p>\n<p>24 x Irish cute animals stickers<\/p>\n<p>&nbsp;<\/p>\n<p>&nbsp;<\/p>\n<p>&nbsp;<\/p>\n","protected":false},"excerpt":{"rendered":"<p>Colourful Pack containing lots of prizes and stickers for your pupils. By purchasing a SnaG 2023 Pack, you are fully equipped to celebrate both occasions in your classroom and school community. &nbsp; Who is it for?\u00a0Classroom teachers, SETs, and principals teaching in a Gaelscoil or English-medium school. What is in it? There\u2019s something for everyone [&hellip;]<\/p>\n","protected":false},"featured_media":12726,"comment_status":"open","ping_status":"closed","template":"","meta":{"_exactmetrics_skip_tracking":false,"_exactmetrics_sitenote_active":false,"_exactmetrics_sitenote_note":"","_exactmetrics_sitenote_category":0,"site-sidebar-layout":"default","site-content-layout":"default","ast-site-content-layout":"default","site-content-style":"default","site-sidebar-style":"default","ast-global-header-display":"","ast-banner-title-visibility":"","ast-main-header-display":"","ast-hfb-above-header-display":"","ast-hfb-below-header-display":"","ast-hfb-mobile-header-display":"","site-post-title":"","ast-breadcrumbs-content":"","ast-featured-img":"","footer-sml-layout":"","theme-transparent-header-meta":"default","adv-header-id-meta":"","stick-header-meta":"","header-above-stick-meta":"","header-main-stick-meta":"","header-below-stick-meta":"","astra-migrate-meta-layouts":"default","ast-page-background-enabled":"default","ast-page-background-meta":{"desktop":{"background-color":"","background-image":"","background-repeat":"repeat","background-position":"center center","background-size":"auto","background-attachment":"scroll","background-type":"","background-media":"","overlay-type":"","overlay-color":"","overlay-opacity":"","overlay-gradient":""},"tablet":{"background-color":"","background-image":"","background-repeat":"repeat","background-position":"center center","background-size":"auto","background-attachment":"scroll","background-type":"","background-media":"","overlay-type":"","overlay-color":"","overlay-opacity":"","overlay-gradient":""},"mobile":{"background-color":"","background-image":"","background-repeat":"repeat","background-position":"center center","background-size":"auto","background-attachment":"scroll","background-type":"","background-media":"","overlay-type":"","overlay-color":"","overlay-opacity":"","overlay-gradient":""}},"ast-content-background-meta":{"desktop":{"background-color":"var(--ast-global-color-5)","background-image":"","background-repeat":"repeat","background-position":"center center","background-size":"auto","background-attachment":"scroll","background-type":"","background-media":"","overlay-type":"","overlay-color":"","overlay-opacity":"","overlay-gradient":""},"tablet":{"background-color":"var(--ast-global-color-5)","background-image":"","background-repeat":"repeat","background-position":"center center","background-size":"auto","background-attachment":"scroll","background-type":"","background-media":"","overlay-type":"","overlay-color":"","overlay-opacity":"","overlay-gradient":""},"mobile":{"background-color":"var(--ast-global-color-5)","background-image":"","background-repeat":"repeat","background-position":"center center","background-size":"auto","background-attachment":"scroll","background-type":"","background-media":"","overlay-type":"","overlay-color":"","overlay-opacity":"","overlay-gradient":""}}},"product_brand":[],"product_cat":[793,794,825,822],"product_tag":[],"class_list":{"0":"post-12725","1":"product","2":"type-product","3":"status-publish","4":"has-post-thumbnail","6":"product_cat-gaeilge","7":"product_cat-pacai-snag","8":"product_cat-pacai","9":"product_cat-seachtain-na-gaeilge","10":"desktop-align-left","11":"tablet-align-left","12":"mobile-align-left","14":"first","15":"outofstock","16":"shipping-taxable","17":"purchasable","18":"product-type-simple"},"_links":{"self":[{"href":"https:\/\/www.molanoige.com\/ga\/wp-json\/wp\/v2\/product\/12725","targetHints":{"allow":["GET"]}}],"collection":[{"href":"https:\/\/www.molanoige.com\/ga\/wp-json\/wp\/v2\/product"}],"about":[{"href":"https:\/\/www.molanoige.com\/ga\/wp-json\/wp\/v2\/types\/product"}],"replies":[{"embeddable":true,"href":"https:\/\/www.molanoige.com\/ga\/wp-json\/wp\/v2\/comments?post=12725"}],"wp:featuredmedia":[{"embeddable":true,"href":"https:\/\/www.molanoige.com\/ga\/wp-json\/wp\/v2\/media\/12726"}],"wp:attachment":[{"href":"https:\/\/www.molanoige.com\/ga\/wp-json\/wp\/v2\/media?parent=12725"}],"wp:term":[{"taxonomy":"product_brand","embeddable":true,"href":"https:\/\/www.molanoige.com\/ga\/wp-json\/wp\/v2\/product_brand?post=12725"},{"taxonomy":"product_cat","embeddable":true,"href":"https:\/\/www.molanoige.com\/ga\/wp-json\/wp\/v2\/product_cat?post=12725"},{"taxonomy":"product_tag","embeddable":true,"href":"https:\/\/www.molanoige.com\/ga\/wp-json\/wp\/v2\/product_tag?post=12725"}],"curies":[{"name":"wp","href":"https:\/\/api.w.org\/{rel}","templated":true}]}}