{"id":12723,"date":"2023-02-05T17:22:18","date_gmt":"2023-02-05T17:22:18","guid":{"rendered":"https:\/\/www.molanoige.com\/product\/pinn-ni-neart-go-cur-le-cheile-irish-pens-6-pcs\/"},"modified":"2026-02-02T18:14:24","modified_gmt":"2026-02-02T18:14:24","slug":"pinn-ni-neart-go-cur-le-cheile-irish-pens-6-pcs","status":"publish","type":"product","link":"https:\/\/www.molanoige.com\/ga\/product\/pinn-ni-neart-go-cur-le-cheile-irish-pens-6-pcs\/","title":{"rendered":"Pinn &#8216;N\u00ed neart go cur le ch\u00e9ile\u2019 (6 pcs)"},"content":{"rendered":"<p>Is ioma\u00ed seanfhocal ciallmhar at\u00e1 sa traidisi\u00fan Gaelach, ach is d\u00f3cha gurb \u00e9 seo ceann de na cinn is iomr\u00e1it\u00ed agus is m\u00f3 a luaitear.<\/p>\n<p>\u201cN\u00ed neart go cur le ch\u00e9ile\u201d<\/p>\n<p>Is bealach iontach \u00e9 seo cuidi\u00fa le dalta\u00ed roinnt nathanna cainte a fhoghlaim as Gaeilge. Peann \u00e1lainn or\u00e1iste miotalach, le seanfhocal deas as Gaeilge.<\/p>\n<p>&nbsp;<\/p>\n<p>Set of 6 orange pens with Irish translating to\u00a0&#8216;There is no strength without unity\u2019<\/p>\n","protected":false},"excerpt":{"rendered":"<p>Is ioma\u00ed seanfhocal ciallmhar at\u00e1 sa traidisi\u00fan Gaelach, ach is d\u00f3cha gurb \u00e9 seo ceann de na cinn is iomr\u00e1it\u00ed agus is m\u00f3 a luaitear. \u201cN\u00ed neart go cur le ch\u00e9ile\u201d Is bealach iontach \u00e9 seo cuidi\u00fa le dalta\u00ed roinnt nathanna cainte a fhoghlaim as Gaeilge. Peann \u00e1lainn or\u00e1iste miotalach, le seanfhocal deas as Gaeilge. [&hellip;]<\/p>\n","protected":false},"featured_media":12724,"comment_status":"open","ping_status":"closed","template":"","meta":{"_exactmetrics_skip_tracking":false,"_exactmetrics_sitenote_active":false,"_exactmetrics_sitenote_note":"","_exactmetrics_sitenote_category":0,"site-sidebar-layout":"default","site-content-layout":"default","ast-site-content-layout":"default","site-content-style":"default","site-sidebar-style":"default","ast-global-header-display":"","ast-banner-title-visibility":"","ast-main-header-display":"","ast-hfb-above-header-display":"","ast-hfb-below-header-display":"","ast-hfb-mobile-header-display":"","site-post-title":"","ast-breadcrumbs-content":"","ast-featured-img":"","footer-sml-layout":"","theme-transparent-header-meta":"default","adv-header-id-meta":"","stick-header-meta":"","header-above-stick-meta":"","header-main-stick-meta":"","header-below-stick-meta":"","astra-migrate-meta-layouts":"default","ast-page-background-enabled":"default","ast-page-background-meta":{"desktop":{"background-color":"","background-image":"","background-repeat":"repeat","background-position":"center center","background-size":"auto","background-attachment":"scroll","background-type":"","background-media":"","overlay-type":"","overlay-color":"","overlay-opacity":"","overlay-gradient":""},"tablet":{"background-color":"","background-image":"","background-repeat":"repeat","background-position":"center center","background-size":"auto","background-attachment":"scroll","background-type":"","background-media":"","overlay-type":"","overlay-color":"","overlay-opacity":"","overlay-gradient":""},"mobile":{"background-color":"","background-image":"","background-repeat":"repeat","background-position":"center center","background-size":"auto","background-attachment":"scroll","background-type":"","background-media":"","overlay-type":"","overlay-color":"","overlay-opacity":"","overlay-gradient":""}},"ast-content-background-meta":{"desktop":{"background-color":"var(--ast-global-color-5)","background-image":"","background-repeat":"repeat","background-position":"center center","background-size":"auto","background-attachment":"scroll","background-type":"","background-media":"","overlay-type":"","overlay-color":"","overlay-opacity":"","overlay-gradient":""},"tablet":{"background-color":"var(--ast-global-color-5)","background-image":"","background-repeat":"repeat","background-position":"center center","background-size":"auto","background-attachment":"scroll","background-type":"","background-media":"","overlay-type":"","overlay-color":"","overlay-opacity":"","overlay-gradient":""},"mobile":{"background-color":"var(--ast-global-color-5)","background-image":"","background-repeat":"repeat","background-position":"center center","background-size":"auto","background-attachment":"scroll","background-type":"","background-media":"","overlay-type":"","overlay-color":"","overlay-opacity":"","overlay-gradient":""}}},"product_brand":[],"product_cat":[799,793,814,842,822],"product_tag":[],"class_list":{"0":"post-12723","1":"product","2":"type-product","3":"status-publish","4":"has-post-thumbnail","6":"product_cat-bronntanais-duaiseanna","7":"product_cat-gaeilge","8":"product_cat-pinn-2","9":"product_cat-pinn-gaeilge","10":"product_cat-seachtain-na-gaeilge","11":"desktop-align-left","12":"tablet-align-left","13":"mobile-align-left","15":"first","16":"instock","17":"shipping-taxable","18":"purchasable","19":"product-type-simple"},"_links":{"self":[{"href":"https:\/\/www.molanoige.com\/ga\/wp-json\/wp\/v2\/product\/12723","targetHints":{"allow":["GET"]}}],"collection":[{"href":"https:\/\/www.molanoige.com\/ga\/wp-json\/wp\/v2\/product"}],"about":[{"href":"https:\/\/www.molanoige.com\/ga\/wp-json\/wp\/v2\/types\/product"}],"replies":[{"embeddable":true,"href":"https:\/\/www.molanoige.com\/ga\/wp-json\/wp\/v2\/comments?post=12723"}],"wp:featuredmedia":[{"embeddable":true,"href":"https:\/\/www.molanoige.com\/ga\/wp-json\/wp\/v2\/media\/12724"}],"wp:attachment":[{"href":"https:\/\/www.molanoige.com\/ga\/wp-json\/wp\/v2\/media?parent=12723"}],"wp:term":[{"taxonomy":"product_brand","embeddable":true,"href":"https:\/\/www.molanoige.com\/ga\/wp-json\/wp\/v2\/product_brand?post=12723"},{"taxonomy":"product_cat","embeddable":true,"href":"https:\/\/www.molanoige.com\/ga\/wp-json\/wp\/v2\/product_cat?post=12723"},{"taxonomy":"product_tag","embeddable":true,"href":"https:\/\/www.molanoige.com\/ga\/wp-json\/wp\/v2\/product_tag?post=12723"}],"curies":[{"name":"wp","href":"https:\/\/api.w.org\/{rel}","templated":true}]}}