{"id":12710,"date":"2023-03-04T15:57:57","date_gmt":"2023-03-04T15:57:57","guid":{"rendered":"https:\/\/www.molanoige.com\/product\/bulk-24-pc-sharpeners-irish\/"},"modified":"2026-02-02T18:14:23","modified_gmt":"2026-02-02T18:14:23","slug":"bulk-24-pc-sharpeners-irish","status":"publish","type":"product","link":"https:\/\/www.molanoige.com\/ga\/product\/bulk-24-pc-sharpeners-irish\/","title":{"rendered":"G\u00e9araitheoir\u00ed m\u00f3rch\u00f3ir 24 ph\u00edosa \u2013 \u00c9ireannach"},"content":{"rendered":"<p>Is m\u00f3 an spraoi at\u00e1 ag baint leis an bhfoghlaim leis an ngabh\u00e1las scoile foirfe. Is iad na G\u00e9araitheoir\u00ed Peann luaidhe geala seo an breis iontach d\u2019aon bhosca sol\u00e1thairt\u00ed scoile don bhaile n\u00f3 don seomra ranga. Cuir iad le m\u00e1la\u00ed bronntanais agus bronntanais ar ais ar scoil chun a chinnti\u00fa go bhfuil na huirlis\u00ed foghlama cearta ag na dalta\u00ed. <\/p>\n<p>Is bronntanas iontach \u00c9ireannach iad do Sheachtain na Gaeilge. T\u00e1 gream\u00e1n maisithe ar gach g\u00e9araitheoir le fr\u00e1sa Gaeilge air: <\/p>\n<p>\u2013 Go Deas (Go Deas\/Maith) <\/p>\n<p>\u2013 Obair \u00c1lainn (Lovely Work) <\/p>\n<p>Tagann na g\u00e9araitheoir\u00ed peann luaidhe seo i ndathanna geala \u00e9ags\u00fala, roghnaigh do cheann is fearr leat! <\/p>\n<p>T\u00e1 dh\u00e1 pholl i ngach g\u00e9araitheoir do pheann luaidhe rialta agus ollmh\u00f3ra. Cuid\u00edonn coime\u00e1d\u00e1n m\u00f3r cl\u00fadaithe lena n-ionad oibre a choinne\u00e1il slachtmhar. <\/p>\n<p>24 g\u00e9araitheoir in aghaidh an phac\u00e1iste <\/p>\n<p>M\u00e9id: 3.5cm x 4.5cm<\/p>\n","protected":false},"excerpt":{"rendered":"<p>Is m\u00f3 an spraoi at\u00e1 ag baint leis an bhfoghlaim leis an ngabh\u00e1las scoile foirfe. Is iad na G\u00e9araitheoir\u00ed Peann luaidhe geala seo an breis iontach d\u2019aon bhosca sol\u00e1thairt\u00ed scoile don bhaile n\u00f3 don seomra ranga. Cuir iad le m\u00e1la\u00ed bronntanais agus bronntanais ar ais ar scoil chun a chinnti\u00fa go bhfuil na huirlis\u00ed foghlama [&hellip;]<\/p>\n","protected":false},"featured_media":12711,"comment_status":"open","ping_status":"closed","template":"","meta":{"_exactmetrics_skip_tracking":false,"_exactmetrics_sitenote_active":false,"_exactmetrics_sitenote_note":"","_exactmetrics_sitenote_category":0,"site-sidebar-layout":"default","site-content-layout":"default","ast-site-content-layout":"default","site-content-style":"default","site-sidebar-style":"default","ast-global-header-display":"","ast-banner-title-visibility":"","ast-main-header-display":"","ast-hfb-above-header-display":"","ast-hfb-below-header-display":"","ast-hfb-mobile-header-display":"","site-post-title":"","ast-breadcrumbs-content":"","ast-featured-img":"","footer-sml-layout":"","theme-transparent-header-meta":"default","adv-header-id-meta":"","stick-header-meta":"","header-above-stick-meta":"","header-main-stick-meta":"","header-below-stick-meta":"","astra-migrate-meta-layouts":"default","ast-page-background-enabled":"default","ast-page-background-meta":{"desktop":{"background-color":"","background-image":"","background-repeat":"repeat","background-position":"center center","background-size":"auto","background-attachment":"scroll","background-type":"","background-media":"","overlay-type":"","overlay-color":"","overlay-opacity":"","overlay-gradient":""},"tablet":{"background-color":"","background-image":"","background-repeat":"repeat","background-position":"center center","background-size":"auto","background-attachment":"scroll","background-type":"","background-media":"","overlay-type":"","overlay-color":"","overlay-opacity":"","overlay-gradient":""},"mobile":{"background-color":"","background-image":"","background-repeat":"repeat","background-position":"center center","background-size":"auto","background-attachment":"scroll","background-type":"","background-media":"","overlay-type":"","overlay-color":"","overlay-opacity":"","overlay-gradient":""}},"ast-content-background-meta":{"desktop":{"background-color":"var(--ast-global-color-5)","background-image":"","background-repeat":"repeat","background-position":"center center","background-size":"auto","background-attachment":"scroll","background-type":"","background-media":"","overlay-type":"","overlay-color":"","overlay-opacity":"","overlay-gradient":""},"tablet":{"background-color":"var(--ast-global-color-5)","background-image":"","background-repeat":"repeat","background-position":"center center","background-size":"auto","background-attachment":"scroll","background-type":"","background-media":"","overlay-type":"","overlay-color":"","overlay-opacity":"","overlay-gradient":""},"mobile":{"background-color":"var(--ast-global-color-5)","background-image":"","background-repeat":"repeat","background-position":"center center","background-size":"auto","background-attachment":"scroll","background-type":"","background-media":"","overlay-type":"","overlay-color":"","overlay-opacity":"","overlay-gradient":""}}},"product_brand":[],"product_cat":[799,793,823,822],"product_tag":[],"class_list":{"0":"post-12710","1":"product","2":"type-product","3":"status-publish","4":"has-post-thumbnail","6":"product_cat-bronntanais-duaiseanna","7":"product_cat-gaeilge","8":"product_cat-gearaitheoiri","9":"product_cat-seachtain-na-gaeilge","10":"desktop-align-left","11":"tablet-align-left","12":"mobile-align-left","14":"first","15":"instock","16":"shipping-taxable","17":"purchasable","18":"product-type-simple"},"_links":{"self":[{"href":"https:\/\/www.molanoige.com\/ga\/wp-json\/wp\/v2\/product\/12710","targetHints":{"allow":["GET"]}}],"collection":[{"href":"https:\/\/www.molanoige.com\/ga\/wp-json\/wp\/v2\/product"}],"about":[{"href":"https:\/\/www.molanoige.com\/ga\/wp-json\/wp\/v2\/types\/product"}],"replies":[{"embeddable":true,"href":"https:\/\/www.molanoige.com\/ga\/wp-json\/wp\/v2\/comments?post=12710"}],"wp:featuredmedia":[{"embeddable":true,"href":"https:\/\/www.molanoige.com\/ga\/wp-json\/wp\/v2\/media\/12711"}],"wp:attachment":[{"href":"https:\/\/www.molanoige.com\/ga\/wp-json\/wp\/v2\/media?parent=12710"}],"wp:term":[{"taxonomy":"product_brand","embeddable":true,"href":"https:\/\/www.molanoige.com\/ga\/wp-json\/wp\/v2\/product_brand?post=12710"},{"taxonomy":"product_cat","embeddable":true,"href":"https:\/\/www.molanoige.com\/ga\/wp-json\/wp\/v2\/product_cat?post=12710"},{"taxonomy":"product_tag","embeddable":true,"href":"https:\/\/www.molanoige.com\/ga\/wp-json\/wp\/v2\/product_tag?post=12710"}],"curies":[{"name":"wp","href":"https:\/\/api.w.org\/{rel}","templated":true}]}}