{"id":12696,"date":"2023-03-23T14:02:28","date_gmt":"2023-03-23T14:02:28","guid":{"rendered":"https:\/\/www.molanoige.com\/product\/sea-creatures-erasers-12pc\/"},"modified":"2026-02-02T18:14:21","modified_gmt":"2026-02-02T18:14:21","slug":"sea-creatures-erasers-12pc","status":"publish","type":"product","link":"https:\/\/www.molanoige.com\/ga\/product\/sea-creatures-erasers-12pc\/","title":{"rendered":"Scrios\u00e1in Cr\u00e9at\u00fair Mara 12 ph\u00edosa"},"content":{"rendered":"<p>Scrios bot\u00fain le cabhair na n-ainmhithe uisceacha riachtanacha seo. Breisi\u00fa cliste ar shol\u00e1thairt\u00ed m\u00fainteoir\u00ed, oireann na scrios\u00e1in den scoth seo go hiontach le t\u00e9ama seomra ranga faoin bhfarraige. Le smugairle r\u00f3in, siorcanna, iasc agus n\u00edos m\u00f3, cuir le c\u00f3fra taisce do sheomra ranga iad n\u00f3 tabhair c\u00fapla ceann do gach dalta le h\u00fas\u00e1id i rith na bliana! Rubar. <\/p>\n<p>12 scrios\u00e1n beag in aghaidh an phac\u00e1iste (3\/4&#8243;)<\/p>\n","protected":false},"excerpt":{"rendered":"<p>Scrios bot\u00fain le cabhair na n-ainmhithe uisceacha riachtanacha seo. Breisi\u00fa cliste ar shol\u00e1thairt\u00ed m\u00fainteoir\u00ed, oireann na scrios\u00e1in den scoth seo go hiontach le t\u00e9ama seomra ranga faoin bhfarraige. Le smugairle r\u00f3in, siorcanna, iasc agus n\u00edos m\u00f3, cuir le c\u00f3fra taisce do sheomra ranga iad n\u00f3 tabhair c\u00fapla ceann do gach dalta le h\u00fas\u00e1id i rith [&hellip;]<\/p>\n","protected":false},"featured_media":12698,"comment_status":"open","ping_status":"closed","template":"","meta":{"_exactmetrics_skip_tracking":false,"_exactmetrics_sitenote_active":false,"_exactmetrics_sitenote_note":"","_exactmetrics_sitenote_category":0,"site-sidebar-layout":"default","site-content-layout":"default","ast-site-content-layout":"default","site-content-style":"default","site-sidebar-style":"default","ast-global-header-display":"","ast-banner-title-visibility":"","ast-main-header-display":"","ast-hfb-above-header-display":"","ast-hfb-below-header-display":"","ast-hfb-mobile-header-display":"","site-post-title":"","ast-breadcrumbs-content":"","ast-featured-img":"","footer-sml-layout":"","theme-transparent-header-meta":"default","adv-header-id-meta":"","stick-header-meta":"","header-above-stick-meta":"","header-main-stick-meta":"","header-below-stick-meta":"","astra-migrate-meta-layouts":"default","ast-page-background-enabled":"default","ast-page-background-meta":{"desktop":{"background-color":"","background-image":"","background-repeat":"repeat","background-position":"center center","background-size":"auto","background-attachment":"scroll","background-type":"","background-media":"","overlay-type":"","overlay-color":"","overlay-opacity":"","overlay-gradient":""},"tablet":{"background-color":"","background-image":"","background-repeat":"repeat","background-position":"center center","background-size":"auto","background-attachment":"scroll","background-type":"","background-media":"","overlay-type":"","overlay-color":"","overlay-opacity":"","overlay-gradient":""},"mobile":{"background-color":"","background-image":"","background-repeat":"repeat","background-position":"center center","background-size":"auto","background-attachment":"scroll","background-type":"","background-media":"","overlay-type":"","overlay-color":"","overlay-opacity":"","overlay-gradient":""}},"ast-content-background-meta":{"desktop":{"background-color":"var(--ast-global-color-5)","background-image":"","background-repeat":"repeat","background-position":"center center","background-size":"auto","background-attachment":"scroll","background-type":"","background-media":"","overlay-type":"","overlay-color":"","overlay-opacity":"","overlay-gradient":""},"tablet":{"background-color":"var(--ast-global-color-5)","background-image":"","background-repeat":"repeat","background-position":"center center","background-size":"auto","background-attachment":"scroll","background-type":"","background-media":"","overlay-type":"","overlay-color":"","overlay-opacity":"","overlay-gradient":""},"mobile":{"background-color":"var(--ast-global-color-5)","background-image":"","background-repeat":"repeat","background-position":"center center","background-size":"auto","background-attachment":"scroll","background-type":"","background-media":"","overlay-type":"","overlay-color":"","overlay-opacity":"","overlay-gradient":""}}},"product_brand":[],"product_cat":[799,798],"product_tag":[931,997,998],"class_list":{"0":"post-12696","1":"product","2":"type-product","3":"status-publish","4":"has-post-thumbnail","6":"product_cat-bronntanais-duaiseanna","7":"product_cat-erasers","8":"product_tag-erasers","9":"product_tag-ocean","10":"product_tag-sea-life","11":"desktop-align-left","12":"tablet-align-left","13":"mobile-align-left","15":"first","16":"instock","17":"shipping-taxable","18":"purchasable","19":"product-type-simple"},"_links":{"self":[{"href":"https:\/\/www.molanoige.com\/ga\/wp-json\/wp\/v2\/product\/12696","targetHints":{"allow":["GET"]}}],"collection":[{"href":"https:\/\/www.molanoige.com\/ga\/wp-json\/wp\/v2\/product"}],"about":[{"href":"https:\/\/www.molanoige.com\/ga\/wp-json\/wp\/v2\/types\/product"}],"replies":[{"embeddable":true,"href":"https:\/\/www.molanoige.com\/ga\/wp-json\/wp\/v2\/comments?post=12696"}],"wp:featuredmedia":[{"embeddable":true,"href":"https:\/\/www.molanoige.com\/ga\/wp-json\/wp\/v2\/media\/12698"}],"wp:attachment":[{"href":"https:\/\/www.molanoige.com\/ga\/wp-json\/wp\/v2\/media?parent=12696"}],"wp:term":[{"taxonomy":"product_brand","embeddable":true,"href":"https:\/\/www.molanoige.com\/ga\/wp-json\/wp\/v2\/product_brand?post=12696"},{"taxonomy":"product_cat","embeddable":true,"href":"https:\/\/www.molanoige.com\/ga\/wp-json\/wp\/v2\/product_cat?post=12696"},{"taxonomy":"product_tag","embeddable":true,"href":"https:\/\/www.molanoige.com\/ga\/wp-json\/wp\/v2\/product_tag?post=12696"}],"curies":[{"name":"wp","href":"https:\/\/api.w.org\/{rel}","templated":true}]}}