{"id":12694,"date":"2023-03-23T14:13:05","date_gmt":"2023-03-23T14:13:05","guid":{"rendered":"https:\/\/www.molanoige.com\/product\/mini-zoo-animals-erasers-24pc\/"},"modified":"2026-02-02T18:14:21","modified_gmt":"2026-02-02T18:14:21","slug":"mini-zoo-animals-erasers-24pc","status":"publish","type":"product","link":"https:\/\/www.molanoige.com\/ga\/product\/mini-zoo-animals-erasers-24pc\/","title":{"rendered":"Scrios\u00e1in Bheaga Ainmhithe Z\u00fa 24 ph\u00edosa"},"content":{"rendered":"<p>Eilifint\u00ed agus sior\u00e1if agus hippos, a Dhia! Gheobhaidh t\u00fa iad seo go l\u00e9ir agus n\u00edos m\u00f3 leis an mbaili\u00fach\u00e1n seo de scrios\u00e1in ainmhithe z\u00fa. Foirfe le haghaidh bronntanais agus duaiseanna ranga, beidh gr\u00e1 ag gach dalta do na scrios\u00e1in seo. D\u00e9an cluiche de chun a fheice\u00e1il c\u00e9 is f\u00e9idir leis an l\u00edon is m\u00f3 ainmhithe a bhaili\u00fa mar dhuaiseanna as dea-iompar! Rubar. <\/p>\n<p>24 scrios\u00e1n beag in aghaidh an phac\u00e1iste (3\/4&#8243;)<\/p>\n","protected":false},"excerpt":{"rendered":"<p>Eilifint\u00ed agus sior\u00e1if agus hippos, a Dhia! Gheobhaidh t\u00fa iad seo go l\u00e9ir agus n\u00edos m\u00f3 leis an mbaili\u00fach\u00e1n seo de scrios\u00e1in ainmhithe z\u00fa. Foirfe le haghaidh bronntanais agus duaiseanna ranga, beidh gr\u00e1 ag gach dalta do na scrios\u00e1in seo. D\u00e9an cluiche de chun a fheice\u00e1il c\u00e9 is f\u00e9idir leis an l\u00edon is m\u00f3 ainmhithe [&hellip;]<\/p>\n","protected":false},"featured_media":12695,"comment_status":"open","ping_status":"closed","template":"","meta":{"_exactmetrics_skip_tracking":false,"_exactmetrics_sitenote_active":false,"_exactmetrics_sitenote_note":"","_exactmetrics_sitenote_category":0,"site-sidebar-layout":"default","site-content-layout":"default","ast-site-content-layout":"default","site-content-style":"default","site-sidebar-style":"default","ast-global-header-display":"","ast-banner-title-visibility":"","ast-main-header-display":"","ast-hfb-above-header-display":"","ast-hfb-below-header-display":"","ast-hfb-mobile-header-display":"","site-post-title":"","ast-breadcrumbs-content":"","ast-featured-img":"","footer-sml-layout":"","theme-transparent-header-meta":"default","adv-header-id-meta":"","stick-header-meta":"","header-above-stick-meta":"","header-main-stick-meta":"","header-below-stick-meta":"","astra-migrate-meta-layouts":"default","ast-page-background-enabled":"default","ast-page-background-meta":{"desktop":{"background-color":"","background-image":"","background-repeat":"repeat","background-position":"center center","background-size":"auto","background-attachment":"scroll","background-type":"","background-media":"","overlay-type":"","overlay-color":"","overlay-opacity":"","overlay-gradient":""},"tablet":{"background-color":"","background-image":"","background-repeat":"repeat","background-position":"center center","background-size":"auto","background-attachment":"scroll","background-type":"","background-media":"","overlay-type":"","overlay-color":"","overlay-opacity":"","overlay-gradient":""},"mobile":{"background-color":"","background-image":"","background-repeat":"repeat","background-position":"center center","background-size":"auto","background-attachment":"scroll","background-type":"","background-media":"","overlay-type":"","overlay-color":"","overlay-opacity":"","overlay-gradient":""}},"ast-content-background-meta":{"desktop":{"background-color":"var(--ast-global-color-5)","background-image":"","background-repeat":"repeat","background-position":"center center","background-size":"auto","background-attachment":"scroll","background-type":"","background-media":"","overlay-type":"","overlay-color":"","overlay-opacity":"","overlay-gradient":""},"tablet":{"background-color":"var(--ast-global-color-5)","background-image":"","background-repeat":"repeat","background-position":"center center","background-size":"auto","background-attachment":"scroll","background-type":"","background-media":"","overlay-type":"","overlay-color":"","overlay-opacity":"","overlay-gradient":""},"mobile":{"background-color":"var(--ast-global-color-5)","background-image":"","background-repeat":"repeat","background-position":"center center","background-size":"auto","background-attachment":"scroll","background-type":"","background-media":"","overlay-type":"","overlay-color":"","overlay-opacity":"","overlay-gradient":""}}},"product_brand":[],"product_cat":[799,798],"product_tag":[995,996],"class_list":{"0":"post-12694","1":"product","2":"type-product","3":"status-publish","4":"has-post-thumbnail","6":"product_cat-bronntanais-duaiseanna","7":"product_cat-erasers","8":"product_tag-safari-animals","9":"product_tag-wild-animals-erasers","10":"desktop-align-left","11":"tablet-align-left","12":"mobile-align-left","14":"first","15":"outofstock","16":"shipping-taxable","17":"purchasable","18":"product-type-simple"},"_links":{"self":[{"href":"https:\/\/www.molanoige.com\/ga\/wp-json\/wp\/v2\/product\/12694","targetHints":{"allow":["GET"]}}],"collection":[{"href":"https:\/\/www.molanoige.com\/ga\/wp-json\/wp\/v2\/product"}],"about":[{"href":"https:\/\/www.molanoige.com\/ga\/wp-json\/wp\/v2\/types\/product"}],"replies":[{"embeddable":true,"href":"https:\/\/www.molanoige.com\/ga\/wp-json\/wp\/v2\/comments?post=12694"}],"wp:featuredmedia":[{"embeddable":true,"href":"https:\/\/www.molanoige.com\/ga\/wp-json\/wp\/v2\/media\/12695"}],"wp:attachment":[{"href":"https:\/\/www.molanoige.com\/ga\/wp-json\/wp\/v2\/media?parent=12694"}],"wp:term":[{"taxonomy":"product_brand","embeddable":true,"href":"https:\/\/www.molanoige.com\/ga\/wp-json\/wp\/v2\/product_brand?post=12694"},{"taxonomy":"product_cat","embeddable":true,"href":"https:\/\/www.molanoige.com\/ga\/wp-json\/wp\/v2\/product_cat?post=12694"},{"taxonomy":"product_tag","embeddable":true,"href":"https:\/\/www.molanoige.com\/ga\/wp-json\/wp\/v2\/product_tag?post=12694"}],"curies":[{"name":"wp","href":"https:\/\/api.w.org\/{rel}","templated":true}]}}