{"id":12692,"date":"2023-03-28T08:25:32","date_gmt":"2023-03-28T08:25:32","guid":{"rendered":"https:\/\/www.molanoige.com\/product\/emoji-notepads\/"},"modified":"2026-02-02T18:14:21","modified_gmt":"2026-02-02T18:14:21","slug":"emoji-notepads","status":"publish","type":"product","link":"https:\/\/www.molanoige.com\/ga\/product\/emoji-notepads\/","title":{"rendered":"Cl\u00f3nna N\u00f3ta\u00ed Emoji"},"content":{"rendered":"<p>Coinnigh s\u00fail ar cib\u00e9 rud is mian leat agus scr\u00edobh s\u00edos sc\u00e9alta grinn greannmhara sna Leabhr\u00e1in N\u00f3ta\u00ed Emoji seo. Le measc\u00e1n d\u2019aghaidheanna greannmhara emoji ar gach cl\u00fadach, is bronntanais agus s\u00f3l\u00e1ist\u00ed iontacha iad na leabhr\u00e1in n\u00f3ta\u00ed p\u00e1ip\u00e9ir seo do sheomra\u00ed ranga. 4&#8243; 30 leathanach b\u00e1n in aghaidh an leabhair n\u00f3ta\u00ed <\/p>\n<p>12 leabhr\u00e1n n\u00f3ta\u00ed in aghaidh an phac\u00e1iste<\/p>\n","protected":false},"excerpt":{"rendered":"<p>Coinnigh s\u00fail ar cib\u00e9 rud is mian leat agus scr\u00edobh s\u00edos sc\u00e9alta grinn greannmhara sna Leabhr\u00e1in N\u00f3ta\u00ed Emoji seo. Le measc\u00e1n d\u2019aghaidheanna greannmhara emoji ar gach cl\u00fadach, is bronntanais agus s\u00f3l\u00e1ist\u00ed iontacha iad na leabhr\u00e1in n\u00f3ta\u00ed p\u00e1ip\u00e9ir seo do sheomra\u00ed ranga. 4&#8243; 30 leathanach b\u00e1n in aghaidh an leabhair n\u00f3ta\u00ed 12 leabhr\u00e1n n\u00f3ta\u00ed in aghaidh [&hellip;]<\/p>\n","protected":false},"featured_media":12693,"comment_status":"open","ping_status":"closed","template":"","meta":{"_exactmetrics_skip_tracking":false,"_exactmetrics_sitenote_active":false,"_exactmetrics_sitenote_note":"","_exactmetrics_sitenote_category":0,"site-sidebar-layout":"default","site-content-layout":"default","ast-site-content-layout":"default","site-content-style":"default","site-sidebar-style":"default","ast-global-header-display":"","ast-banner-title-visibility":"","ast-main-header-display":"","ast-hfb-above-header-display":"","ast-hfb-below-header-display":"","ast-hfb-mobile-header-display":"","site-post-title":"","ast-breadcrumbs-content":"","ast-featured-img":"","footer-sml-layout":"","theme-transparent-header-meta":"default","adv-header-id-meta":"","stick-header-meta":"","header-above-stick-meta":"","header-main-stick-meta":"","header-below-stick-meta":"","astra-migrate-meta-layouts":"default","ast-page-background-enabled":"default","ast-page-background-meta":{"desktop":{"background-color":"","background-image":"","background-repeat":"repeat","background-position":"center center","background-size":"auto","background-attachment":"scroll","background-type":"","background-media":"","overlay-type":"","overlay-color":"","overlay-opacity":"","overlay-gradient":""},"tablet":{"background-color":"","background-image":"","background-repeat":"repeat","background-position":"center center","background-size":"auto","background-attachment":"scroll","background-type":"","background-media":"","overlay-type":"","overlay-color":"","overlay-opacity":"","overlay-gradient":""},"mobile":{"background-color":"","background-image":"","background-repeat":"repeat","background-position":"center center","background-size":"auto","background-attachment":"scroll","background-type":"","background-media":"","overlay-type":"","overlay-color":"","overlay-opacity":"","overlay-gradient":""}},"ast-content-background-meta":{"desktop":{"background-color":"var(--ast-global-color-5)","background-image":"","background-repeat":"repeat","background-position":"center center","background-size":"auto","background-attachment":"scroll","background-type":"","background-media":"","overlay-type":"","overlay-color":"","overlay-opacity":"","overlay-gradient":""},"tablet":{"background-color":"var(--ast-global-color-5)","background-image":"","background-repeat":"repeat","background-position":"center center","background-size":"auto","background-attachment":"scroll","background-type":"","background-media":"","overlay-type":"","overlay-color":"","overlay-opacity":"","overlay-gradient":""},"mobile":{"background-color":"var(--ast-global-color-5)","background-image":"","background-repeat":"repeat","background-position":"center center","background-size":"auto","background-attachment":"scroll","background-type":"","background-media":"","overlay-type":"","overlay-color":"","overlay-opacity":"","overlay-gradient":""}}},"product_brand":[],"product_cat":[812,790,839],"product_tag":[993,994,991],"class_list":{"0":"post-12692","1":"product","2":"type-product","3":"status-publish","4":"has-post-thumbnail","6":"product_cat-leabhair-notai","7":"product_cat-measctha","8":"product_cat-notai","9":"product_tag-emoji","10":"product_tag-notepads","11":"product_tag-rewards","12":"desktop-align-left","13":"tablet-align-left","14":"mobile-align-left","16":"first","17":"instock","18":"shipping-taxable","19":"purchasable","20":"product-type-simple"},"_links":{"self":[{"href":"https:\/\/www.molanoige.com\/ga\/wp-json\/wp\/v2\/product\/12692","targetHints":{"allow":["GET"]}}],"collection":[{"href":"https:\/\/www.molanoige.com\/ga\/wp-json\/wp\/v2\/product"}],"about":[{"href":"https:\/\/www.molanoige.com\/ga\/wp-json\/wp\/v2\/types\/product"}],"replies":[{"embeddable":true,"href":"https:\/\/www.molanoige.com\/ga\/wp-json\/wp\/v2\/comments?post=12692"}],"wp:featuredmedia":[{"embeddable":true,"href":"https:\/\/www.molanoige.com\/ga\/wp-json\/wp\/v2\/media\/12693"}],"wp:attachment":[{"href":"https:\/\/www.molanoige.com\/ga\/wp-json\/wp\/v2\/media?parent=12692"}],"wp:term":[{"taxonomy":"product_brand","embeddable":true,"href":"https:\/\/www.molanoige.com\/ga\/wp-json\/wp\/v2\/product_brand?post=12692"},{"taxonomy":"product_cat","embeddable":true,"href":"https:\/\/www.molanoige.com\/ga\/wp-json\/wp\/v2\/product_cat?post=12692"},{"taxonomy":"product_tag","embeddable":true,"href":"https:\/\/www.molanoige.com\/ga\/wp-json\/wp\/v2\/product_tag?post=12692"}],"curies":[{"name":"wp","href":"https:\/\/api.w.org\/{rel}","templated":true}]}}