{"id":12690,"date":"2023-03-28T08:33:28","date_gmt":"2023-03-28T08:33:28","guid":{"rendered":"https:\/\/www.molanoige.com\/product\/bible-story-bookmarks\/"},"modified":"2026-02-02T18:14:21","modified_gmt":"2026-02-02T18:14:21","slug":"bible-story-bookmarks","status":"publish","type":"product","link":"https:\/\/www.molanoige.com\/ga\/product\/bible-story-bookmarks\/","title":{"rendered":"Leabharmharcanna Sc\u00e9alta B\u00edobla"},"content":{"rendered":"<p>Briseann na leabharmharcanna \u00fas\u00e1ideacha seo s\u00edos na sc\u00e9alta is m\u00f3 a bhfuil gean orthu sa Bh\u00edobla le leabharmharcanna ildaite, at\u00e1 cairdi\u00fail do ph\u00e1ist\u00ed a l\u00e9ir\u00edonn radhairc \u00f3n Sean-Tiomna, lena n-\u00e1ir\u00edtear Sc\u00e9al an Chruthaithe, D\u00e1iv\u00ed agus Goliat, \u00c1irc Naoi agus cinn eile.\u00a0 T\u00e1 siad d\u00e9thaobhach agus lannaithe) <\/p>\n<p>2&#8243; x 6&#8243; le tassel rib\u00edn daite 3&#8243;. <\/p>\n<p>12 in aghaidh an phac\u00e1iste <\/p>\n<p>D\u2019fh\u00e9adfadh an measc\u00e1n a bheith \u00e9ags\u00fail.<\/p>\n","protected":false},"excerpt":{"rendered":"<p>Briseann na leabharmharcanna \u00fas\u00e1ideacha seo s\u00edos na sc\u00e9alta is m\u00f3 a bhfuil gean orthu sa Bh\u00edobla le leabharmharcanna ildaite, at\u00e1 cairdi\u00fail do ph\u00e1ist\u00ed a l\u00e9ir\u00edonn radhairc \u00f3n Sean-Tiomna, lena n-\u00e1ir\u00edtear Sc\u00e9al an Chruthaithe, D\u00e1iv\u00ed agus Goliat, \u00c1irc Naoi agus cinn eile.\u00a0 T\u00e1 siad d\u00e9thaobhach agus lannaithe) 2&#8243; x 6&#8243; le tassel rib\u00edn daite 3&#8243;. 12 [&hellip;]<\/p>\n","protected":false},"featured_media":12691,"comment_status":"open","ping_status":"closed","template":"","meta":{"_exactmetrics_skip_tracking":false,"_exactmetrics_sitenote_active":false,"_exactmetrics_sitenote_note":"","_exactmetrics_sitenote_category":0,"site-sidebar-layout":"default","site-content-layout":"default","ast-site-content-layout":"default","site-content-style":"default","site-sidebar-style":"default","ast-global-header-display":"","ast-banner-title-visibility":"","ast-main-header-display":"","ast-hfb-above-header-display":"","ast-hfb-below-header-display":"","ast-hfb-mobile-header-display":"","site-post-title":"","ast-breadcrumbs-content":"","ast-featured-img":"","footer-sml-layout":"","theme-transparent-header-meta":"default","adv-header-id-meta":"","stick-header-meta":"","header-above-stick-meta":"","header-main-stick-meta":"","header-below-stick-meta":"","astra-migrate-meta-layouts":"default","ast-page-background-enabled":"default","ast-page-background-meta":{"desktop":{"background-color":"","background-image":"","background-repeat":"repeat","background-position":"center center","background-size":"auto","background-attachment":"scroll","background-type":"","background-media":"","overlay-type":"","overlay-color":"","overlay-opacity":"","overlay-gradient":""},"tablet":{"background-color":"","background-image":"","background-repeat":"repeat","background-position":"center center","background-size":"auto","background-attachment":"scroll","background-type":"","background-media":"","overlay-type":"","overlay-color":"","overlay-opacity":"","overlay-gradient":""},"mobile":{"background-color":"","background-image":"","background-repeat":"repeat","background-position":"center center","background-size":"auto","background-attachment":"scroll","background-type":"","background-media":"","overlay-type":"","overlay-color":"","overlay-opacity":"","overlay-gradient":""}},"ast-content-background-meta":{"desktop":{"background-color":"var(--ast-global-color-5)","background-image":"","background-repeat":"repeat","background-position":"center center","background-size":"auto","background-attachment":"scroll","background-type":"","background-media":"","overlay-type":"","overlay-color":"","overlay-opacity":"","overlay-gradient":""},"tablet":{"background-color":"var(--ast-global-color-5)","background-image":"","background-repeat":"repeat","background-position":"center center","background-size":"auto","background-attachment":"scroll","background-type":"","background-media":"","overlay-type":"","overlay-color":"","overlay-opacity":"","overlay-gradient":""},"mobile":{"background-color":"var(--ast-global-color-5)","background-image":"","background-repeat":"repeat","background-position":"center center","background-size":"auto","background-attachment":"scroll","background-type":"","background-media":"","overlay-type":"","overlay-color":"","overlay-opacity":"","overlay-gradient":""}}},"product_brand":[],"product_cat":[830],"product_tag":[980,992],"class_list":{"0":"post-12690","1":"product","2":"type-product","3":"status-publish","4":"has-post-thumbnail","6":"product_cat-leabharmharcanna","7":"product_tag-bookmark","8":"product_tag-religion","9":"desktop-align-left","10":"tablet-align-left","11":"mobile-align-left","13":"first","14":"instock","15":"shipping-taxable","16":"purchasable","17":"product-type-simple"},"_links":{"self":[{"href":"https:\/\/www.molanoige.com\/ga\/wp-json\/wp\/v2\/product\/12690","targetHints":{"allow":["GET"]}}],"collection":[{"href":"https:\/\/www.molanoige.com\/ga\/wp-json\/wp\/v2\/product"}],"about":[{"href":"https:\/\/www.molanoige.com\/ga\/wp-json\/wp\/v2\/types\/product"}],"replies":[{"embeddable":true,"href":"https:\/\/www.molanoige.com\/ga\/wp-json\/wp\/v2\/comments?post=12690"}],"wp:featuredmedia":[{"embeddable":true,"href":"https:\/\/www.molanoige.com\/ga\/wp-json\/wp\/v2\/media\/12691"}],"wp:attachment":[{"href":"https:\/\/www.molanoige.com\/ga\/wp-json\/wp\/v2\/media?parent=12690"}],"wp:term":[{"taxonomy":"product_brand","embeddable":true,"href":"https:\/\/www.molanoige.com\/ga\/wp-json\/wp\/v2\/product_brand?post=12690"},{"taxonomy":"product_cat","embeddable":true,"href":"https:\/\/www.molanoige.com\/ga\/wp-json\/wp\/v2\/product_cat?post=12690"},{"taxonomy":"product_tag","embeddable":true,"href":"https:\/\/www.molanoige.com\/ga\/wp-json\/wp\/v2\/product_tag?post=12690"}],"curies":[{"name":"wp","href":"https:\/\/api.w.org\/{rel}","templated":true}]}}