{"id":12676,"date":"2023-05-04T20:20:51","date_gmt":"2023-05-04T20:20:51","guid":{"rendered":"https:\/\/www.molanoige.com\/product\/congratulations-award-certificate\/"},"modified":"2026-02-02T18:14:20","modified_gmt":"2026-02-02T18:14:20","slug":"congratulations-award-certificate","status":"publish","type":"product","link":"https:\/\/www.molanoige.com\/ga\/product\/congratulations-award-certificate\/","title":{"rendered":"Comhghairdeas Teastas Bronnta"},"content":{"rendered":"<p>Beidh an Teastas Comhghairdeas spra\u00ed\u00fail agus ildaite seo oiri\u00fanach do go leor \u00e9achta\u00ed oideachais agus iompra\u00edochta do scol\u00e1ir\u00ed. T\u00e1 s\u00e9 foirfe mar Ghradam Deireadh Bliana, C\u00e9ime n\u00f3 Gradam M\u00fainteora. <\/p>\n<p>Ceili\u00fair rath do scol\u00e1ir\u00ed agus tabhair luach saothair d\u00e1 gcuid iarrachta\u00ed leis an duais speisialta seo! <\/p>\n<p>Is bealach iontach iad teastais chun do scol\u00e1ir\u00ed a spreagadh chun a n-aisling\u00ed acad\u00fala a bhaint amach. <\/p>\n<p>T\u00e1 \u00e1r dteastais priont\u00e1ilte ar ph\u00e1ip\u00e9ar satin ardchaighde\u00e1in. 20 teastas A5 in aghaidh an phac\u00e1iste.<\/p>\n","protected":false},"excerpt":{"rendered":"<p>Beidh an Teastas Comhghairdeas spra\u00ed\u00fail agus ildaite seo oiri\u00fanach do go leor \u00e9achta\u00ed oideachais agus iompra\u00edochta do scol\u00e1ir\u00ed. T\u00e1 s\u00e9 foirfe mar Ghradam Deireadh Bliana, C\u00e9ime n\u00f3 Gradam M\u00fainteora. Ceili\u00fair rath do scol\u00e1ir\u00ed agus tabhair luach saothair d\u00e1 gcuid iarrachta\u00ed leis an duais speisialta seo! Is bealach iontach iad teastais chun do scol\u00e1ir\u00ed a spreagadh [&hellip;]<\/p>\n","protected":false},"featured_media":12677,"comment_status":"open","ping_status":"closed","template":"","meta":{"_exactmetrics_skip_tracking":false,"_exactmetrics_sitenote_active":false,"_exactmetrics_sitenote_note":"","_exactmetrics_sitenote_category":0,"site-sidebar-layout":"default","site-content-layout":"default","ast-site-content-layout":"default","site-content-style":"default","site-sidebar-style":"default","ast-global-header-display":"","ast-banner-title-visibility":"","ast-main-header-display":"","ast-hfb-above-header-display":"","ast-hfb-below-header-display":"","ast-hfb-mobile-header-display":"","site-post-title":"","ast-breadcrumbs-content":"","ast-featured-img":"","footer-sml-layout":"","theme-transparent-header-meta":"default","adv-header-id-meta":"","stick-header-meta":"","header-above-stick-meta":"","header-main-stick-meta":"","header-below-stick-meta":"","astra-migrate-meta-layouts":"default","ast-page-background-enabled":"default","ast-page-background-meta":{"desktop":{"background-color":"","background-image":"","background-repeat":"repeat","background-position":"center center","background-size":"auto","background-attachment":"scroll","background-type":"","background-media":"","overlay-type":"","overlay-color":"","overlay-opacity":"","overlay-gradient":""},"tablet":{"background-color":"","background-image":"","background-repeat":"repeat","background-position":"center center","background-size":"auto","background-attachment":"scroll","background-type":"","background-media":"","overlay-type":"","overlay-color":"","overlay-opacity":"","overlay-gradient":""},"mobile":{"background-color":"","background-image":"","background-repeat":"repeat","background-position":"center center","background-size":"auto","background-attachment":"scroll","background-type":"","background-media":"","overlay-type":"","overlay-color":"","overlay-opacity":"","overlay-gradient":""}},"ast-content-background-meta":{"desktop":{"background-color":"var(--ast-global-color-5)","background-image":"","background-repeat":"repeat","background-position":"center center","background-size":"auto","background-attachment":"scroll","background-type":"","background-media":"","overlay-type":"","overlay-color":"","overlay-opacity":"","overlay-gradient":""},"tablet":{"background-color":"var(--ast-global-color-5)","background-image":"","background-repeat":"repeat","background-position":"center center","background-size":"auto","background-attachment":"scroll","background-type":"","background-media":"","overlay-type":"","overlay-color":"","overlay-opacity":"","overlay-gradient":""},"mobile":{"background-color":"var(--ast-global-color-5)","background-image":"","background-repeat":"repeat","background-position":"center center","background-size":"auto","background-attachment":"scroll","background-type":"","background-media":"","overlay-type":"","overlay-color":"","overlay-opacity":"","overlay-gradient":""}}},"product_brand":[],"product_cat":[806,805,834,819],"product_tag":[],"class_list":{"0":"post-12676","1":"product","2":"type-product","3":"status-publish","4":"has-post-thumbnail","6":"product_cat-iarraht-moladh","7":"product_cat-certificates","8":"product_cat-ceimniu","9":"product_cat-priomhoide","10":"desktop-align-left","11":"tablet-align-left","12":"mobile-align-left","14":"first","15":"instock","16":"shipping-taxable","17":"purchasable","18":"product-type-simple"},"_links":{"self":[{"href":"https:\/\/www.molanoige.com\/ga\/wp-json\/wp\/v2\/product\/12676","targetHints":{"allow":["GET"]}}],"collection":[{"href":"https:\/\/www.molanoige.com\/ga\/wp-json\/wp\/v2\/product"}],"about":[{"href":"https:\/\/www.molanoige.com\/ga\/wp-json\/wp\/v2\/types\/product"}],"replies":[{"embeddable":true,"href":"https:\/\/www.molanoige.com\/ga\/wp-json\/wp\/v2\/comments?post=12676"}],"wp:featuredmedia":[{"embeddable":true,"href":"https:\/\/www.molanoige.com\/ga\/wp-json\/wp\/v2\/media\/12677"}],"wp:attachment":[{"href":"https:\/\/www.molanoige.com\/ga\/wp-json\/wp\/v2\/media?parent=12676"}],"wp:term":[{"taxonomy":"product_brand","embeddable":true,"href":"https:\/\/www.molanoige.com\/ga\/wp-json\/wp\/v2\/product_brand?post=12676"},{"taxonomy":"product_cat","embeddable":true,"href":"https:\/\/www.molanoige.com\/ga\/wp-json\/wp\/v2\/product_cat?post=12676"},{"taxonomy":"product_tag","embeddable":true,"href":"https:\/\/www.molanoige.com\/ga\/wp-json\/wp\/v2\/product_tag?post=12676"}],"curies":[{"name":"wp","href":"https:\/\/api.w.org\/{rel}","templated":true}]}}