{"id":12670,"date":"2023-05-04T20:43:23","date_gmt":"2023-05-04T20:43:23","guid":{"rendered":"https:\/\/www.molanoige.com\/product\/bookmarksfromteacher\/"},"modified":"2026-02-02T18:14:20","modified_gmt":"2026-02-02T18:14:20","slug":"bookmarksfromteacher","status":"publish","type":"product","link":"https:\/\/www.molanoige.com\/ga\/product\/bookmarksfromteacher\/","title":{"rendered":"\u201cGRMA as a bheith p\u00e1irteach i mo sc\u00e9al\u201d Leabharmharcanna"},"content":{"rendered":"<div class=\"woocommerce-tabs wc-tabs-wrapper\">\n<div id=\"tab-description\" class=\"woocommerce-Tabs-panel woocommerce-Tabs-panel--description panel entry-content wc-tab\" role=\"tabpanel\" aria-labelledby=\"tab-title-description\"> Spreagann na Leabharmharcanna seo gr\u00e1 don l\u00e9itheoireacht agus beidh siad ina meabhr\u00fach\u00e1n iontach do do scol\u00e1ir\u00ed c\u00e9 chomh speisialta is at\u00e1 siad. Is bronntanas \u00e1lainn deireadh bliana iad do do scol\u00e1ir\u00ed. Deir gach leabharmharc ildaite [[[C5]]]. Tabhair na leabharmharcanna seo do ph\u00e1ist\u00ed mar luach saothair n\u00f3 mar chuid de do phleananna ceachtanna l\u00e9itheoireachta.<\/p>\n<ul>\n<li> M\u00e9id 51 x 152 mm<\/li>\n<li> p\u00e1ip\u00e9ar snasta den scoth<\/li>\n<li> 2 thaobhach<\/li>\n<li> <strong>10 leabharmharc in aghaidh an phac\u00e1iste<\/strong><\/li>\n<\/ul>\n<\/div>\n<\/div>\n","protected":false},"excerpt":{"rendered":"<p>Spreagann na Leabharmharcanna seo gr\u00e1 don l\u00e9itheoireacht agus beidh siad ina meabhr\u00fach\u00e1n iontach do do scol\u00e1ir\u00ed c\u00e9 chomh speisialta is at\u00e1 siad. Is bronntanas \u00e1lainn deireadh bliana iad do do scol\u00e1ir\u00ed. Deir gach leabharmharc ildaite [[[C5]]]. Tabhair na leabharmharcanna seo do ph\u00e1ist\u00ed mar luach saothair n\u00f3 mar chuid de do phleananna ceachtanna l\u00e9itheoireachta. M\u00e9id 51 [&hellip;]<\/p>\n","protected":false},"featured_media":12671,"comment_status":"open","ping_status":"closed","template":"","meta":{"_exactmetrics_skip_tracking":false,"_exactmetrics_sitenote_active":false,"_exactmetrics_sitenote_note":"","_exactmetrics_sitenote_category":0,"site-sidebar-layout":"default","site-content-layout":"default","ast-site-content-layout":"default","site-content-style":"default","site-sidebar-style":"default","ast-global-header-display":"","ast-banner-title-visibility":"","ast-main-header-display":"","ast-hfb-above-header-display":"","ast-hfb-below-header-display":"","ast-hfb-mobile-header-display":"","site-post-title":"","ast-breadcrumbs-content":"","ast-featured-img":"","footer-sml-layout":"","theme-transparent-header-meta":"default","adv-header-id-meta":"","stick-header-meta":"","header-above-stick-meta":"","header-main-stick-meta":"","header-below-stick-meta":"","astra-migrate-meta-layouts":"default","ast-page-background-enabled":"default","ast-page-background-meta":{"desktop":{"background-color":"","background-image":"","background-repeat":"repeat","background-position":"center center","background-size":"auto","background-attachment":"scroll","background-type":"","background-media":"","overlay-type":"","overlay-color":"","overlay-opacity":"","overlay-gradient":""},"tablet":{"background-color":"","background-image":"","background-repeat":"repeat","background-position":"center center","background-size":"auto","background-attachment":"scroll","background-type":"","background-media":"","overlay-type":"","overlay-color":"","overlay-opacity":"","overlay-gradient":""},"mobile":{"background-color":"","background-image":"","background-repeat":"repeat","background-position":"center center","background-size":"auto","background-attachment":"scroll","background-type":"","background-media":"","overlay-type":"","overlay-color":"","overlay-opacity":"","overlay-gradient":""}},"ast-content-background-meta":{"desktop":{"background-color":"var(--ast-global-color-5)","background-image":"","background-repeat":"repeat","background-position":"center center","background-size":"auto","background-attachment":"scroll","background-type":"","background-media":"","overlay-type":"","overlay-color":"","overlay-opacity":"","overlay-gradient":""},"tablet":{"background-color":"var(--ast-global-color-5)","background-image":"","background-repeat":"repeat","background-position":"center center","background-size":"auto","background-attachment":"scroll","background-type":"","background-media":"","overlay-type":"","overlay-color":"","overlay-opacity":"","overlay-gradient":""},"mobile":{"background-color":"var(--ast-global-color-5)","background-image":"","background-repeat":"repeat","background-position":"center center","background-size":"auto","background-attachment":"scroll","background-type":"","background-media":"","overlay-type":"","overlay-color":"","overlay-opacity":"","overlay-gradient":""}}},"product_brand":[],"product_cat":[799,834,830,811],"product_tag":[],"class_list":{"0":"post-12670","1":"product","2":"type-product","3":"status-publish","4":"has-post-thumbnail","6":"product_cat-bronntanais-duaiseanna","7":"product_cat-ceimniu","8":"product_cat-leabharmharcanna","9":"product_cat-leitheoireacht","10":"desktop-align-left","11":"tablet-align-left","12":"mobile-align-left","14":"first","15":"instock","16":"shipping-taxable","17":"purchasable","18":"product-type-simple"},"_links":{"self":[{"href":"https:\/\/www.molanoige.com\/ga\/wp-json\/wp\/v2\/product\/12670","targetHints":{"allow":["GET"]}}],"collection":[{"href":"https:\/\/www.molanoige.com\/ga\/wp-json\/wp\/v2\/product"}],"about":[{"href":"https:\/\/www.molanoige.com\/ga\/wp-json\/wp\/v2\/types\/product"}],"replies":[{"embeddable":true,"href":"https:\/\/www.molanoige.com\/ga\/wp-json\/wp\/v2\/comments?post=12670"}],"wp:featuredmedia":[{"embeddable":true,"href":"https:\/\/www.molanoige.com\/ga\/wp-json\/wp\/v2\/media\/12671"}],"wp:attachment":[{"href":"https:\/\/www.molanoige.com\/ga\/wp-json\/wp\/v2\/media?parent=12670"}],"wp:term":[{"taxonomy":"product_brand","embeddable":true,"href":"https:\/\/www.molanoige.com\/ga\/wp-json\/wp\/v2\/product_brand?post=12670"},{"taxonomy":"product_cat","embeddable":true,"href":"https:\/\/www.molanoige.com\/ga\/wp-json\/wp\/v2\/product_cat?post=12670"},{"taxonomy":"product_tag","embeddable":true,"href":"https:\/\/www.molanoige.com\/ga\/wp-json\/wp\/v2\/product_tag?post=12670"}],"curies":[{"name":"wp","href":"https:\/\/api.w.org\/{rel}","templated":true}]}}