{"id":12668,"date":"2023-05-04T20:49:03","date_gmt":"2023-05-04T20:49:03","guid":{"rendered":"https:\/\/www.molanoige.com\/product\/leabharmharcanna-grma-as-a-bheith-pairteach-i-mo-sceal\/"},"modified":"2026-02-02T18:14:17","modified_gmt":"2026-02-02T18:14:17","slug":"leabharmharcanna-grma-as-a-bheith-pairteach-i-mo-sceal","status":"publish","type":"product","link":"https:\/\/www.molanoige.com\/ga\/product\/leabharmharcanna-grma-as-a-bheith-pairteach-i-mo-sceal\/","title":{"rendered":"Leabharmharcanna \u2013 \u201cGRMA as a bheith p\u00e1irteach i mo sc\u00e9al\u201d"},"content":{"rendered":"<p>Spreagfaidh na leabharmharcanna seo gr\u00e1 don l\u00e9itheoireacht agus cuirfidh siad in i\u00fal do na p\u00e1ist\u00ed c\u00e9 chomh speisialta is at\u00e1 siad. Bronntanas \u00e1lainn Deireadh Bliana &#8216;sea iad freisin do do dhalta\u00ed. Deir gach leabharmharc ildaite \u201cGo raibh maith agat as a bheith p\u00e1irteach i mo sc\u00e9al\u201d<\/p>\n<p>Tabhair amach na leabharmharcanna \u00e1ille seo do leana\u00ed mar dhuaiseanna, n\u00f3 bain \u00fas\u00e1id astu mar chuid den cheacht l\u00e9itheoireachta.<\/p>\n<p>M\u00e9id \u2013 51mm \u00d7 152mm<\/p>\n<p>P\u00e1ip\u00e9ar snasta den scotch Scr\u00edofa ar dh\u00e1 thaobh<\/p>\n<p>10 leabharmharc i ngach pac\u00e1iste<\/p>\n","protected":false},"excerpt":{"rendered":"<p>Spreagfaidh na leabharmharcanna seo gr\u00e1 don l\u00e9itheoireacht agus cuirfidh siad in i\u00fal do na p\u00e1ist\u00ed c\u00e9 chomh speisialta is at\u00e1 siad. Bronntanas \u00e1lainn Deireadh Bliana &#8216;sea iad freisin do do dhalta\u00ed. Deir gach leabharmharc ildaite \u201cGo raibh maith agat as a bheith p\u00e1irteach i mo sc\u00e9al\u201d Tabhair amach na leabharmharcanna \u00e1ille seo do leana\u00ed mar [&hellip;]<\/p>\n","protected":false},"featured_media":12669,"comment_status":"open","ping_status":"closed","template":"","meta":{"_exactmetrics_skip_tracking":false,"_exactmetrics_sitenote_active":false,"_exactmetrics_sitenote_note":"","_exactmetrics_sitenote_category":0,"site-sidebar-layout":"default","site-content-layout":"default","ast-site-content-layout":"default","site-content-style":"default","site-sidebar-style":"default","ast-global-header-display":"","ast-banner-title-visibility":"","ast-main-header-display":"","ast-hfb-above-header-display":"","ast-hfb-below-header-display":"","ast-hfb-mobile-header-display":"","site-post-title":"","ast-breadcrumbs-content":"","ast-featured-img":"","footer-sml-layout":"","theme-transparent-header-meta":"default","adv-header-id-meta":"","stick-header-meta":"","header-above-stick-meta":"","header-main-stick-meta":"","header-below-stick-meta":"","astra-migrate-meta-layouts":"default","ast-page-background-enabled":"default","ast-page-background-meta":{"desktop":{"background-color":"","background-image":"","background-repeat":"repeat","background-position":"center center","background-size":"auto","background-attachment":"scroll","background-type":"","background-media":"","overlay-type":"","overlay-color":"","overlay-opacity":"","overlay-gradient":""},"tablet":{"background-color":"","background-image":"","background-repeat":"repeat","background-position":"center center","background-size":"auto","background-attachment":"scroll","background-type":"","background-media":"","overlay-type":"","overlay-color":"","overlay-opacity":"","overlay-gradient":""},"mobile":{"background-color":"","background-image":"","background-repeat":"repeat","background-position":"center center","background-size":"auto","background-attachment":"scroll","background-type":"","background-media":"","overlay-type":"","overlay-color":"","overlay-opacity":"","overlay-gradient":""}},"ast-content-background-meta":{"desktop":{"background-color":"var(--ast-global-color-5)","background-image":"","background-repeat":"repeat","background-position":"center center","background-size":"auto","background-attachment":"scroll","background-type":"","background-media":"","overlay-type":"","overlay-color":"","overlay-opacity":"","overlay-gradient":""},"tablet":{"background-color":"var(--ast-global-color-5)","background-image":"","background-repeat":"repeat","background-position":"center center","background-size":"auto","background-attachment":"scroll","background-type":"","background-media":"","overlay-type":"","overlay-color":"","overlay-opacity":"","overlay-gradient":""},"mobile":{"background-color":"var(--ast-global-color-5)","background-image":"","background-repeat":"repeat","background-position":"center center","background-size":"auto","background-attachment":"scroll","background-type":"","background-media":"","overlay-type":"","overlay-color":"","overlay-opacity":"","overlay-gradient":""}}},"product_brand":[],"product_cat":[793,834,830,838,811,822],"product_tag":[],"class_list":{"0":"post-12668","1":"product","2":"type-product","3":"status-publish","4":"has-post-thumbnail","6":"product_cat-gaeilge","7":"product_cat-ceimniu","8":"product_cat-leabharmharcanna","9":"product_cat-leabharmharcanna-3","10":"product_cat-leitheoireacht","11":"product_cat-seachtain-na-gaeilge","12":"desktop-align-left","13":"tablet-align-left","14":"mobile-align-left","16":"first","17":"instock","18":"shipping-taxable","19":"purchasable","20":"product-type-simple"},"_links":{"self":[{"href":"https:\/\/www.molanoige.com\/ga\/wp-json\/wp\/v2\/product\/12668","targetHints":{"allow":["GET"]}}],"collection":[{"href":"https:\/\/www.molanoige.com\/ga\/wp-json\/wp\/v2\/product"}],"about":[{"href":"https:\/\/www.molanoige.com\/ga\/wp-json\/wp\/v2\/types\/product"}],"replies":[{"embeddable":true,"href":"https:\/\/www.molanoige.com\/ga\/wp-json\/wp\/v2\/comments?post=12668"}],"wp:featuredmedia":[{"embeddable":true,"href":"https:\/\/www.molanoige.com\/ga\/wp-json\/wp\/v2\/media\/12669"}],"wp:attachment":[{"href":"https:\/\/www.molanoige.com\/ga\/wp-json\/wp\/v2\/media?parent=12668"}],"wp:term":[{"taxonomy":"product_brand","embeddable":true,"href":"https:\/\/www.molanoige.com\/ga\/wp-json\/wp\/v2\/product_brand?post=12668"},{"taxonomy":"product_cat","embeddable":true,"href":"https:\/\/www.molanoige.com\/ga\/wp-json\/wp\/v2\/product_cat?post=12668"},{"taxonomy":"product_tag","embeddable":true,"href":"https:\/\/www.molanoige.com\/ga\/wp-json\/wp\/v2\/product_tag?post=12668"}],"curies":[{"name":"wp","href":"https:\/\/api.w.org\/{rel}","templated":true}]}}