{"id":12664,"date":"2023-05-15T12:43:07","date_gmt":"2023-05-15T12:43:07","guid":{"rendered":"https:\/\/www.molanoige.com\/product\/i-graduated-pencils-10-pc\/"},"modified":"2026-02-02T18:14:17","modified_gmt":"2026-02-02T18:14:17","slug":"i-graduated-pencils-10-pc","status":"publish","type":"product","link":"https:\/\/www.molanoige.com\/ga\/product\/i-graduated-pencils-10-pc\/","title":{"rendered":"Peann luaidhe c\u00e9imnithe \u2013 10 ph\u00edosa"},"content":{"rendered":"<p>Ceili\u00faradh a dh\u00e9anamh ar an gc\u00e9im\u00ed \u00f3g leis na pinn luaidhe ildaite seo. T\u00e1 deara\u00ed beoga de r\u00e9alta\u00ed ag miongh\u00e1ire agus caip\u00edn\u00ed c\u00e9ime orthu, mar aon le teachtaireacht \u201cI graduated!\u201d, ar gach peann luaidhe. Is bronntanas n\u00f3 duais iontach iad na pinn luaidhe seo do ph\u00e1ist\u00ed i mbunscoil n\u00f3 ag searmanas c\u00e9ime. Adhmad. 10 bpeann luaidhe in aghaidh an phac\u00e1iste. 7 1\/2&#8243;<\/p>\n","protected":false},"excerpt":{"rendered":"<p>Ceili\u00faradh a dh\u00e9anamh ar an gc\u00e9im\u00ed \u00f3g leis na pinn luaidhe ildaite seo. T\u00e1 deara\u00ed beoga de r\u00e9alta\u00ed ag miongh\u00e1ire agus caip\u00edn\u00ed c\u00e9ime orthu, mar aon le teachtaireacht \u201cI graduated!\u201d, ar gach peann luaidhe. Is bronntanas n\u00f3 duais iontach iad na pinn luaidhe seo do ph\u00e1ist\u00ed i mbunscoil n\u00f3 ag searmanas c\u00e9ime. Adhmad. 10 bpeann [&hellip;]<\/p>\n","protected":false},"featured_media":12665,"comment_status":"open","ping_status":"closed","template":"","meta":{"_exactmetrics_skip_tracking":false,"_exactmetrics_sitenote_active":false,"_exactmetrics_sitenote_note":"","_exactmetrics_sitenote_category":0,"site-sidebar-layout":"default","site-content-layout":"default","ast-site-content-layout":"default","site-content-style":"default","site-sidebar-style":"default","ast-global-header-display":"","ast-banner-title-visibility":"","ast-main-header-display":"","ast-hfb-above-header-display":"","ast-hfb-below-header-display":"","ast-hfb-mobile-header-display":"","site-post-title":"","ast-breadcrumbs-content":"","ast-featured-img":"","footer-sml-layout":"","theme-transparent-header-meta":"default","adv-header-id-meta":"","stick-header-meta":"","header-above-stick-meta":"","header-main-stick-meta":"","header-below-stick-meta":"","astra-migrate-meta-layouts":"default","ast-page-background-enabled":"default","ast-page-background-meta":{"desktop":{"background-color":"","background-image":"","background-repeat":"repeat","background-position":"center center","background-size":"auto","background-attachment":"scroll","background-type":"","background-media":"","overlay-type":"","overlay-color":"","overlay-opacity":"","overlay-gradient":""},"tablet":{"background-color":"","background-image":"","background-repeat":"repeat","background-position":"center center","background-size":"auto","background-attachment":"scroll","background-type":"","background-media":"","overlay-type":"","overlay-color":"","overlay-opacity":"","overlay-gradient":""},"mobile":{"background-color":"","background-image":"","background-repeat":"repeat","background-position":"center center","background-size":"auto","background-attachment":"scroll","background-type":"","background-media":"","overlay-type":"","overlay-color":"","overlay-opacity":"","overlay-gradient":""}},"ast-content-background-meta":{"desktop":{"background-color":"var(--ast-global-color-5)","background-image":"","background-repeat":"repeat","background-position":"center center","background-size":"auto","background-attachment":"scroll","background-type":"","background-media":"","overlay-type":"","overlay-color":"","overlay-opacity":"","overlay-gradient":""},"tablet":{"background-color":"var(--ast-global-color-5)","background-image":"","background-repeat":"repeat","background-position":"center center","background-size":"auto","background-attachment":"scroll","background-type":"","background-media":"","overlay-type":"","overlay-color":"","overlay-opacity":"","overlay-gradient":""},"mobile":{"background-color":"var(--ast-global-color-5)","background-image":"","background-repeat":"repeat","background-position":"center center","background-size":"auto","background-attachment":"scroll","background-type":"","background-media":"","overlay-type":"","overlay-color":"","overlay-opacity":"","overlay-gradient":""}}},"product_brand":[],"product_cat":[799,834,813],"product_tag":[],"class_list":{"0":"post-12664","1":"product","2":"type-product","3":"status-publish","4":"has-post-thumbnail","6":"product_cat-bronntanais-duaiseanna","7":"product_cat-ceimniu","8":"product_cat-peannluaidhe","9":"desktop-align-left","10":"tablet-align-left","11":"mobile-align-left","13":"first","14":"instock","15":"shipping-taxable","16":"purchasable","17":"product-type-simple"},"_links":{"self":[{"href":"https:\/\/www.molanoige.com\/ga\/wp-json\/wp\/v2\/product\/12664","targetHints":{"allow":["GET"]}}],"collection":[{"href":"https:\/\/www.molanoige.com\/ga\/wp-json\/wp\/v2\/product"}],"about":[{"href":"https:\/\/www.molanoige.com\/ga\/wp-json\/wp\/v2\/types\/product"}],"replies":[{"embeddable":true,"href":"https:\/\/www.molanoige.com\/ga\/wp-json\/wp\/v2\/comments?post=12664"}],"wp:featuredmedia":[{"embeddable":true,"href":"https:\/\/www.molanoige.com\/ga\/wp-json\/wp\/v2\/media\/12665"}],"wp:attachment":[{"href":"https:\/\/www.molanoige.com\/ga\/wp-json\/wp\/v2\/media?parent=12664"}],"wp:term":[{"taxonomy":"product_brand","embeddable":true,"href":"https:\/\/www.molanoige.com\/ga\/wp-json\/wp\/v2\/product_brand?post=12664"},{"taxonomy":"product_cat","embeddable":true,"href":"https:\/\/www.molanoige.com\/ga\/wp-json\/wp\/v2\/product_cat?post=12664"},{"taxonomy":"product_tag","embeddable":true,"href":"https:\/\/www.molanoige.com\/ga\/wp-json\/wp\/v2\/product_tag?post=12664"}],"curies":[{"name":"wp","href":"https:\/\/api.w.org\/{rel}","templated":true}]}}