{"id":12662,"date":"2023-05-15T12:46:49","date_gmt":"2023-05-15T12:46:49","guid":{"rendered":"https:\/\/www.molanoige.com\/product\/graduation-mortarboard-pencil-top-erasers-10-pc\/"},"modified":"2026-02-02T18:14:17","modified_gmt":"2026-02-02T18:14:17","slug":"graduation-mortarboard-pencil-top-erasers-10-pc","status":"publish","type":"product","link":"https:\/\/www.molanoige.com\/ga\/product\/graduation-mortarboard-pencil-top-erasers-10-pc\/","title":{"rendered":"Scrios\u00e1in Barr Peann luaidhe moirt\u00e9al cl\u00e1ir c\u00e9ime \u2013 10 ph\u00edosa"},"content":{"rendered":"<p>Spra\u00ed\u00fail do dhalta\u00ed na bliana sinseara\u00ed, d\u00e9anann na bronntanais seo de bharra peann luaidhe cruth moirt\u00e9al c\u00e9ime aon pheann luaidhe ina fhabhar c\u00f3isire c\u00e9ime. T\u00e1 na barra peann luaidhe seo foirfe le haghaidh m\u00e1la\u00ed earra\u00ed agus duaiseanna ranga freisin! Rubar. <\/p>\n<p>10 scrios\u00e1n in aghaidh an phac\u00e1iste<\/p>\n","protected":false},"excerpt":{"rendered":"<p>Spra\u00ed\u00fail do dhalta\u00ed na bliana sinseara\u00ed, d\u00e9anann na bronntanais seo de bharra peann luaidhe cruth moirt\u00e9al c\u00e9ime aon pheann luaidhe ina fhabhar c\u00f3isire c\u00e9ime. T\u00e1 na barra peann luaidhe seo foirfe le haghaidh m\u00e1la\u00ed earra\u00ed agus duaiseanna ranga freisin! Rubar. 10 scrios\u00e1n in aghaidh an phac\u00e1iste<\/p>\n","protected":false},"featured_media":12663,"comment_status":"open","ping_status":"closed","template":"","meta":{"_exactmetrics_skip_tracking":false,"_exactmetrics_sitenote_active":false,"_exactmetrics_sitenote_note":"","_exactmetrics_sitenote_category":0,"site-sidebar-layout":"default","site-content-layout":"default","ast-site-content-layout":"default","site-content-style":"default","site-sidebar-style":"default","ast-global-header-display":"","ast-banner-title-visibility":"","ast-main-header-display":"","ast-hfb-above-header-display":"","ast-hfb-below-header-display":"","ast-hfb-mobile-header-display":"","site-post-title":"","ast-breadcrumbs-content":"","ast-featured-img":"","footer-sml-layout":"","theme-transparent-header-meta":"default","adv-header-id-meta":"","stick-header-meta":"","header-above-stick-meta":"","header-main-stick-meta":"","header-below-stick-meta":"","astra-migrate-meta-layouts":"default","ast-page-background-enabled":"default","ast-page-background-meta":{"desktop":{"background-color":"","background-image":"","background-repeat":"repeat","background-position":"center center","background-size":"auto","background-attachment":"scroll","background-type":"","background-media":"","overlay-type":"","overlay-color":"","overlay-opacity":"","overlay-gradient":""},"tablet":{"background-color":"","background-image":"","background-repeat":"repeat","background-position":"center center","background-size":"auto","background-attachment":"scroll","background-type":"","background-media":"","overlay-type":"","overlay-color":"","overlay-opacity":"","overlay-gradient":""},"mobile":{"background-color":"","background-image":"","background-repeat":"repeat","background-position":"center center","background-size":"auto","background-attachment":"scroll","background-type":"","background-media":"","overlay-type":"","overlay-color":"","overlay-opacity":"","overlay-gradient":""}},"ast-content-background-meta":{"desktop":{"background-color":"var(--ast-global-color-5)","background-image":"","background-repeat":"repeat","background-position":"center center","background-size":"auto","background-attachment":"scroll","background-type":"","background-media":"","overlay-type":"","overlay-color":"","overlay-opacity":"","overlay-gradient":""},"tablet":{"background-color":"var(--ast-global-color-5)","background-image":"","background-repeat":"repeat","background-position":"center center","background-size":"auto","background-attachment":"scroll","background-type":"","background-media":"","overlay-type":"","overlay-color":"","overlay-opacity":"","overlay-gradient":""},"mobile":{"background-color":"var(--ast-global-color-5)","background-image":"","background-repeat":"repeat","background-position":"center center","background-size":"auto","background-attachment":"scroll","background-type":"","background-media":"","overlay-type":"","overlay-color":"","overlay-opacity":"","overlay-gradient":""}}},"product_brand":[],"product_cat":[799,798,834],"product_tag":[],"class_list":{"0":"post-12662","1":"product","2":"type-product","3":"status-publish","4":"has-post-thumbnail","6":"product_cat-bronntanais-duaiseanna","7":"product_cat-erasers","8":"product_cat-ceimniu","9":"desktop-align-left","10":"tablet-align-left","11":"mobile-align-left","13":"first","14":"instock","15":"shipping-taxable","16":"purchasable","17":"product-type-simple"},"_links":{"self":[{"href":"https:\/\/www.molanoige.com\/ga\/wp-json\/wp\/v2\/product\/12662","targetHints":{"allow":["GET"]}}],"collection":[{"href":"https:\/\/www.molanoige.com\/ga\/wp-json\/wp\/v2\/product"}],"about":[{"href":"https:\/\/www.molanoige.com\/ga\/wp-json\/wp\/v2\/types\/product"}],"replies":[{"embeddable":true,"href":"https:\/\/www.molanoige.com\/ga\/wp-json\/wp\/v2\/comments?post=12662"}],"wp:featuredmedia":[{"embeddable":true,"href":"https:\/\/www.molanoige.com\/ga\/wp-json\/wp\/v2\/media\/12663"}],"wp:attachment":[{"href":"https:\/\/www.molanoige.com\/ga\/wp-json\/wp\/v2\/media?parent=12662"}],"wp:term":[{"taxonomy":"product_brand","embeddable":true,"href":"https:\/\/www.molanoige.com\/ga\/wp-json\/wp\/v2\/product_brand?post=12662"},{"taxonomy":"product_cat","embeddable":true,"href":"https:\/\/www.molanoige.com\/ga\/wp-json\/wp\/v2\/product_cat?post=12662"},{"taxonomy":"product_tag","embeddable":true,"href":"https:\/\/www.molanoige.com\/ga\/wp-json\/wp\/v2\/product_tag?post=12662"}],"curies":[{"name":"wp","href":"https:\/\/api.w.org\/{rel}","templated":true}]}}