{"id":12656,"date":"2023-05-15T15:38:03","date_gmt":"2023-05-15T15:38:03","guid":{"rendered":"https:\/\/www.molanoige.com\/product\/irish-graduation-pack-84-pcs\/"},"modified":"2026-02-02T18:14:17","modified_gmt":"2026-02-02T18:14:17","slug":"irish-graduation-pack-84-pcs","status":"publish","type":"product","link":"https:\/\/www.molanoige.com\/ga\/product\/irish-graduation-pack-84-pcs\/","title":{"rendered":"Pac\u00e1iste C\u00e9ime \u00c9ireannach (84 P\u00edosa)"},"content":{"rendered":"<p>T\u00e1 an Pac\u00e1iste C\u00e9ime \u00c9ireannach seo l\u00e1n le hearra\u00ed agus teastais a thaitneoidh le do scol\u00e1ir\u00ed! <\/p>\n<p>\u00c1ir\u00edtear sa phac\u00e1iste: <\/p>\n<p class=\"_04xlpA direction-ltr align-center para-style-body\"> <span class=\"WdYUQQ\">24 x Gream\u00e1in Chomhghairdeas<\/span><\/p>\n<p class=\"_04xlpA direction-ltr align-center para-style-body\"> <span class=\"WdYUQQ\">20 x Peann luaidhe dubh<\/span><\/p>\n<p class=\"_04xlpA direction-ltr align-center para-style-body\"> <span class=\"WdYUQQ\">20 x Barr Scrios\u00e1in C\u00e9ime<\/span><\/p>\n<p class=\"_04xlpA direction-ltr align-center para-style-body\"> <span class=\"WdYUQQ\">20 x Teastas (<\/span> Gradam an Mh\u00fainteora \u2013 teastais Gradam an Mh\u00fainteora)<\/p>\n","protected":false},"excerpt":{"rendered":"<p>T\u00e1 an Pac\u00e1iste C\u00e9ime \u00c9ireannach seo l\u00e1n le hearra\u00ed agus teastais a thaitneoidh le do scol\u00e1ir\u00ed! \u00c1ir\u00edtear sa phac\u00e1iste: 24 x Gream\u00e1in Chomhghairdeas 20 x Peann luaidhe dubh 20 x Barr Scrios\u00e1in C\u00e9ime 20 x Teastas ( Gradam an Mh\u00fainteora \u2013 teastais Gradam an Mh\u00fainteora)<\/p>\n","protected":false},"featured_media":12657,"comment_status":"open","ping_status":"closed","template":"","meta":{"_exactmetrics_skip_tracking":false,"_exactmetrics_sitenote_active":false,"_exactmetrics_sitenote_note":"","_exactmetrics_sitenote_category":0,"site-sidebar-layout":"default","site-content-layout":"default","ast-site-content-layout":"default","site-content-style":"default","site-sidebar-style":"default","ast-global-header-display":"","ast-banner-title-visibility":"","ast-main-header-display":"","ast-hfb-above-header-display":"","ast-hfb-below-header-display":"","ast-hfb-mobile-header-display":"","site-post-title":"","ast-breadcrumbs-content":"","ast-featured-img":"","footer-sml-layout":"","theme-transparent-header-meta":"default","adv-header-id-meta":"","stick-header-meta":"","header-above-stick-meta":"","header-main-stick-meta":"","header-below-stick-meta":"","astra-migrate-meta-layouts":"default","ast-page-background-enabled":"default","ast-page-background-meta":{"desktop":{"background-color":"","background-image":"","background-repeat":"repeat","background-position":"center center","background-size":"auto","background-attachment":"scroll","background-type":"","background-media":"","overlay-type":"","overlay-color":"","overlay-opacity":"","overlay-gradient":""},"tablet":{"background-color":"","background-image":"","background-repeat":"repeat","background-position":"center center","background-size":"auto","background-attachment":"scroll","background-type":"","background-media":"","overlay-type":"","overlay-color":"","overlay-opacity":"","overlay-gradient":""},"mobile":{"background-color":"","background-image":"","background-repeat":"repeat","background-position":"center center","background-size":"auto","background-attachment":"scroll","background-type":"","background-media":"","overlay-type":"","overlay-color":"","overlay-opacity":"","overlay-gradient":""}},"ast-content-background-meta":{"desktop":{"background-color":"var(--ast-global-color-5)","background-image":"","background-repeat":"repeat","background-position":"center center","background-size":"auto","background-attachment":"scroll","background-type":"","background-media":"","overlay-type":"","overlay-color":"","overlay-opacity":"","overlay-gradient":""},"tablet":{"background-color":"var(--ast-global-color-5)","background-image":"","background-repeat":"repeat","background-position":"center center","background-size":"auto","background-attachment":"scroll","background-type":"","background-media":"","overlay-type":"","overlay-color":"","overlay-opacity":"","overlay-gradient":""},"mobile":{"background-color":"var(--ast-global-color-5)","background-image":"","background-repeat":"repeat","background-position":"center center","background-size":"auto","background-attachment":"scroll","background-type":"","background-media":"","overlay-type":"","overlay-color":"","overlay-opacity":"","overlay-gradient":""}}},"product_brand":[],"product_cat":[834,825],"product_tag":[],"class_list":{"0":"post-12656","1":"product","2":"type-product","3":"status-publish","4":"has-post-thumbnail","6":"product_cat-ceimniu","7":"product_cat-pacai","8":"desktop-align-left","9":"tablet-align-left","10":"mobile-align-left","12":"first","13":"instock","14":"sale","15":"shipping-taxable","16":"purchasable","17":"product-type-simple"},"_links":{"self":[{"href":"https:\/\/www.molanoige.com\/ga\/wp-json\/wp\/v2\/product\/12656","targetHints":{"allow":["GET"]}}],"collection":[{"href":"https:\/\/www.molanoige.com\/ga\/wp-json\/wp\/v2\/product"}],"about":[{"href":"https:\/\/www.molanoige.com\/ga\/wp-json\/wp\/v2\/types\/product"}],"replies":[{"embeddable":true,"href":"https:\/\/www.molanoige.com\/ga\/wp-json\/wp\/v2\/comments?post=12656"}],"wp:featuredmedia":[{"embeddable":true,"href":"https:\/\/www.molanoige.com\/ga\/wp-json\/wp\/v2\/media\/12657"}],"wp:attachment":[{"href":"https:\/\/www.molanoige.com\/ga\/wp-json\/wp\/v2\/media?parent=12656"}],"wp:term":[{"taxonomy":"product_brand","embeddable":true,"href":"https:\/\/www.molanoige.com\/ga\/wp-json\/wp\/v2\/product_brand?post=12656"},{"taxonomy":"product_cat","embeddable":true,"href":"https:\/\/www.molanoige.com\/ga\/wp-json\/wp\/v2\/product_cat?post=12656"},{"taxonomy":"product_tag","embeddable":true,"href":"https:\/\/www.molanoige.com\/ga\/wp-json\/wp\/v2\/product_tag?post=12656"}],"curies":[{"name":"wp","href":"https:\/\/api.w.org\/{rel}","templated":true}]}}