{"id":12654,"date":"2023-07-17T13:49:55","date_gmt":"2023-07-17T13:49:55","guid":{"rendered":"https:\/\/www.molanoige.com\/product\/junior-senior-infants-pack\/"},"modified":"2026-02-02T18:14:16","modified_gmt":"2026-02-02T18:14:16","slug":"junior-senior-infants-pack","status":"publish","type":"product","link":"https:\/\/www.molanoige.com\/ga\/product\/junior-senior-infants-pack\/","title":{"rendered":"Pac\u00e1iste Na\u00edon\u00e1n S\u00f3isearach\/Sinsearach"},"content":{"rendered":"<p>T\u00e1 an pac\u00e1iste seo foirfe do ranganna Na\u00edon\u00e1n Beag agus Na\u00edon\u00e1n Sinsearach. <\/p>\n<p>San \u00e1ireamh: <\/p>\n<ul>\n<li> 327 gream\u00e1n a thugann luach saothair d\u2019iarracht, dea-iompar, l\u00e9itheoireacht, scileanna litrithe agus scr\u00edbhneoireachta agus tuilleadh!<\/li>\n<li> 5 pheann luaidhe &#39;Great Attitude&#39;<\/li>\n<li> 12 scrios\u00e1n r\u00e9alta\u00ed beaga<\/li>\n<li> 20 suaitheantas cnaipe dea-iompair<\/li>\n<\/ul>\n<p>Sin ar fad ar n\u00edos l\u00fa n\u00e1 leathphraghas!<\/p>\n","protected":false},"excerpt":{"rendered":"<p>T\u00e1 an pac\u00e1iste seo foirfe do ranganna Na\u00edon\u00e1n Beag agus Na\u00edon\u00e1n Sinsearach. San \u00e1ireamh: 327 gream\u00e1n a thugann luach saothair d\u2019iarracht, dea-iompar, l\u00e9itheoireacht, scileanna litrithe agus scr\u00edbhneoireachta agus tuilleadh! 5 pheann luaidhe &#39;Great Attitude&#39; 12 scrios\u00e1n r\u00e9alta\u00ed beaga 20 suaitheantas cnaipe dea-iompair Sin ar fad ar n\u00edos l\u00fa n\u00e1 leathphraghas!<\/p>\n","protected":false},"featured_media":12655,"comment_status":"open","ping_status":"closed","template":"","meta":{"_exactmetrics_skip_tracking":false,"_exactmetrics_sitenote_active":false,"_exactmetrics_sitenote_note":"","_exactmetrics_sitenote_category":0,"site-sidebar-layout":"default","site-content-layout":"default","ast-site-content-layout":"default","site-content-style":"default","site-sidebar-style":"default","ast-global-header-display":"","ast-banner-title-visibility":"","ast-main-header-display":"","ast-hfb-above-header-display":"","ast-hfb-below-header-display":"","ast-hfb-mobile-header-display":"","site-post-title":"","ast-breadcrumbs-content":"","ast-featured-img":"","footer-sml-layout":"","theme-transparent-header-meta":"default","adv-header-id-meta":"","stick-header-meta":"","header-above-stick-meta":"","header-main-stick-meta":"","header-below-stick-meta":"","astra-migrate-meta-layouts":"default","ast-page-background-enabled":"default","ast-page-background-meta":{"desktop":{"background-color":"","background-image":"","background-repeat":"repeat","background-position":"center center","background-size":"auto","background-attachment":"scroll","background-type":"","background-media":"","overlay-type":"","overlay-color":"","overlay-opacity":"","overlay-gradient":""},"tablet":{"background-color":"","background-image":"","background-repeat":"repeat","background-position":"center center","background-size":"auto","background-attachment":"scroll","background-type":"","background-media":"","overlay-type":"","overlay-color":"","overlay-opacity":"","overlay-gradient":""},"mobile":{"background-color":"","background-image":"","background-repeat":"repeat","background-position":"center center","background-size":"auto","background-attachment":"scroll","background-type":"","background-media":"","overlay-type":"","overlay-color":"","overlay-opacity":"","overlay-gradient":""}},"ast-content-background-meta":{"desktop":{"background-color":"var(--ast-global-color-5)","background-image":"","background-repeat":"repeat","background-position":"center center","background-size":"auto","background-attachment":"scroll","background-type":"","background-media":"","overlay-type":"","overlay-color":"","overlay-opacity":"","overlay-gradient":""},"tablet":{"background-color":"var(--ast-global-color-5)","background-image":"","background-repeat":"repeat","background-position":"center center","background-size":"auto","background-attachment":"scroll","background-type":"","background-media":"","overlay-type":"","overlay-color":"","overlay-opacity":"","overlay-gradient":""},"mobile":{"background-color":"var(--ast-global-color-5)","background-image":"","background-repeat":"repeat","background-position":"center center","background-size":"auto","background-attachment":"scroll","background-type":"","background-media":"","overlay-type":"","overlay-color":"","overlay-opacity":"","overlay-gradient":""}}},"product_brand":[],"product_cat":[825],"product_tag":[],"class_list":{"0":"post-12654","1":"product","2":"type-product","3":"status-publish","4":"has-post-thumbnail","6":"product_cat-pacai","7":"desktop-align-left","8":"tablet-align-left","9":"mobile-align-left","11":"first","12":"instock","13":"sale","14":"shipping-taxable","15":"purchasable","16":"product-type-simple"},"_links":{"self":[{"href":"https:\/\/www.molanoige.com\/ga\/wp-json\/wp\/v2\/product\/12654","targetHints":{"allow":["GET"]}}],"collection":[{"href":"https:\/\/www.molanoige.com\/ga\/wp-json\/wp\/v2\/product"}],"about":[{"href":"https:\/\/www.molanoige.com\/ga\/wp-json\/wp\/v2\/types\/product"}],"replies":[{"embeddable":true,"href":"https:\/\/www.molanoige.com\/ga\/wp-json\/wp\/v2\/comments?post=12654"}],"wp:featuredmedia":[{"embeddable":true,"href":"https:\/\/www.molanoige.com\/ga\/wp-json\/wp\/v2\/media\/12655"}],"wp:attachment":[{"href":"https:\/\/www.molanoige.com\/ga\/wp-json\/wp\/v2\/media?parent=12654"}],"wp:term":[{"taxonomy":"product_brand","embeddable":true,"href":"https:\/\/www.molanoige.com\/ga\/wp-json\/wp\/v2\/product_brand?post=12654"},{"taxonomy":"product_cat","embeddable":true,"href":"https:\/\/www.molanoige.com\/ga\/wp-json\/wp\/v2\/product_cat?post=12654"},{"taxonomy":"product_tag","embeddable":true,"href":"https:\/\/www.molanoige.com\/ga\/wp-json\/wp\/v2\/product_tag?post=12654"}],"curies":[{"name":"wp","href":"https:\/\/api.w.org\/{rel}","templated":true}]}}