{"id":12647,"date":"2023-09-01T11:17:42","date_gmt":"2023-09-01T11:17:42","guid":{"rendered":"https:\/\/www.molanoige.com\/product\/cute-emoticon-star-erasers-x6\/"},"modified":"2026-02-02T18:14:16","modified_gmt":"2026-02-02T18:14:16","slug":"cute-emoticon-star-erasers-x6","status":"publish","type":"product","link":"https:\/\/www.molanoige.com\/ga\/product\/cute-emoticon-star-erasers-x6\/","title":{"rendered":"Scrios\u00e1in R\u00e9alta Emoticon Gleoite (x6)"},"content":{"rendered":"<p style=\"padding-left: 40px;\">6 r\u00e9alta i 2 x pac\u00e1iste de 3<\/p>\n<p> D\u00e9anta as \u00e1bhar rubair pr\u00e9imhe, neamh-tocsaineach, neamhdh\u00edobh\u00e1lach don chomhshaol, buan. Pac\u00e1iltear na scrios\u00e1in go randamach. Greannmhar, g\u00e1ire c\u00fathail, iontas, fionnuar etc. Is \u00e9 3cm m\u00e9id gach scrios\u00e1in r\u00e9alta. T\u00e1 siad beag b\u00eddeach agus gleoite agus is f\u00e9idir iad a st\u00f3r\u00e1il go h\u00e9asca i gc\u00e1sanna peann luaidhe leana\u00ed.<\/p>\n","protected":false},"excerpt":{"rendered":"<p>6 r\u00e9alta i 2 x pac\u00e1iste de 3 D\u00e9anta as \u00e1bhar rubair pr\u00e9imhe, neamh-tocsaineach, neamhdh\u00edobh\u00e1lach don chomhshaol, buan. Pac\u00e1iltear na scrios\u00e1in go randamach. Greannmhar, g\u00e1ire c\u00fathail, iontas, fionnuar etc. Is \u00e9 3cm m\u00e9id gach scrios\u00e1in r\u00e9alta. T\u00e1 siad beag b\u00eddeach agus gleoite agus is f\u00e9idir iad a st\u00f3r\u00e1il go h\u00e9asca i gc\u00e1sanna peann luaidhe leana\u00ed.<\/p>\n","protected":false},"featured_media":12648,"comment_status":"open","ping_status":"closed","template":"","meta":{"_exactmetrics_skip_tracking":false,"_exactmetrics_sitenote_active":false,"_exactmetrics_sitenote_note":"","_exactmetrics_sitenote_category":0,"site-sidebar-layout":"default","site-content-layout":"default","ast-site-content-layout":"default","site-content-style":"default","site-sidebar-style":"default","ast-global-header-display":"","ast-banner-title-visibility":"","ast-main-header-display":"","ast-hfb-above-header-display":"","ast-hfb-below-header-display":"","ast-hfb-mobile-header-display":"","site-post-title":"","ast-breadcrumbs-content":"","ast-featured-img":"","footer-sml-layout":"","theme-transparent-header-meta":"default","adv-header-id-meta":"","stick-header-meta":"","header-above-stick-meta":"","header-main-stick-meta":"","header-below-stick-meta":"","astra-migrate-meta-layouts":"default","ast-page-background-enabled":"default","ast-page-background-meta":{"desktop":{"background-color":"","background-image":"","background-repeat":"repeat","background-position":"center center","background-size":"auto","background-attachment":"scroll","background-type":"","background-media":"","overlay-type":"","overlay-color":"","overlay-opacity":"","overlay-gradient":""},"tablet":{"background-color":"","background-image":"","background-repeat":"repeat","background-position":"center center","background-size":"auto","background-attachment":"scroll","background-type":"","background-media":"","overlay-type":"","overlay-color":"","overlay-opacity":"","overlay-gradient":""},"mobile":{"background-color":"","background-image":"","background-repeat":"repeat","background-position":"center center","background-size":"auto","background-attachment":"scroll","background-type":"","background-media":"","overlay-type":"","overlay-color":"","overlay-opacity":"","overlay-gradient":""}},"ast-content-background-meta":{"desktop":{"background-color":"var(--ast-global-color-5)","background-image":"","background-repeat":"repeat","background-position":"center center","background-size":"auto","background-attachment":"scroll","background-type":"","background-media":"","overlay-type":"","overlay-color":"","overlay-opacity":"","overlay-gradient":""},"tablet":{"background-color":"var(--ast-global-color-5)","background-image":"","background-repeat":"repeat","background-position":"center center","background-size":"auto","background-attachment":"scroll","background-type":"","background-media":"","overlay-type":"","overlay-color":"","overlay-opacity":"","overlay-gradient":""},"mobile":{"background-color":"var(--ast-global-color-5)","background-image":"","background-repeat":"repeat","background-position":"center center","background-size":"auto","background-attachment":"scroll","background-type":"","background-media":"","overlay-type":"","overlay-color":"","overlay-opacity":"","overlay-gradient":""}}},"product_brand":[],"product_cat":[799,798],"product_tag":[975,976,963],"class_list":{"0":"post-12647","1":"product","2":"type-product","3":"status-publish","4":"has-post-thumbnail","6":"product_cat-bronntanais-duaiseanna","7":"product_cat-erasers","8":"product_tag-cute","9":"product_tag-emoticons","10":"product_tag-eraser","11":"desktop-align-left","12":"tablet-align-left","13":"mobile-align-left","15":"first","16":"instock","17":"sale","18":"shipping-taxable","19":"purchasable","20":"product-type-simple"},"_links":{"self":[{"href":"https:\/\/www.molanoige.com\/ga\/wp-json\/wp\/v2\/product\/12647","targetHints":{"allow":["GET"]}}],"collection":[{"href":"https:\/\/www.molanoige.com\/ga\/wp-json\/wp\/v2\/product"}],"about":[{"href":"https:\/\/www.molanoige.com\/ga\/wp-json\/wp\/v2\/types\/product"}],"replies":[{"embeddable":true,"href":"https:\/\/www.molanoige.com\/ga\/wp-json\/wp\/v2\/comments?post=12647"}],"wp:featuredmedia":[{"embeddable":true,"href":"https:\/\/www.molanoige.com\/ga\/wp-json\/wp\/v2\/media\/12648"}],"wp:attachment":[{"href":"https:\/\/www.molanoige.com\/ga\/wp-json\/wp\/v2\/media?parent=12647"}],"wp:term":[{"taxonomy":"product_brand","embeddable":true,"href":"https:\/\/www.molanoige.com\/ga\/wp-json\/wp\/v2\/product_brand?post=12647"},{"taxonomy":"product_cat","embeddable":true,"href":"https:\/\/www.molanoige.com\/ga\/wp-json\/wp\/v2\/product_cat?post=12647"},{"taxonomy":"product_tag","embeddable":true,"href":"https:\/\/www.molanoige.com\/ga\/wp-json\/wp\/v2\/product_tag?post=12647"}],"curies":[{"name":"wp","href":"https:\/\/api.w.org\/{rel}","templated":true}]}}