{"id":12645,"date":"2023-09-02T15:39:26","date_gmt":"2023-09-02T15:39:26","guid":{"rendered":"https:\/\/www.molanoige.com\/product\/irish-teachers-reward-stickers\/"},"modified":"2026-02-25T20:35:21","modified_gmt":"2026-02-25T20:35:21","slug":"irish-teachers-reward-stickers","status":"publish","type":"product","link":"https:\/\/www.molanoige.com\/ga\/product\/irish-teachers-reward-stickers\/","title":{"rendered":"Gream\u00e1in Lua\u00edochta M\u00fainteoir\u00ed \u00c9ireannacha"},"content":{"rendered":"<p>Spreag agus spreag dalta\u00ed agus timpeallacht fhoghlama dhearfach \u00e1 coth\u00fa acu. T\u00e1 na gream\u00e1in bheoga agus mhealltacha seo deartha chun eisp\u00e9ireas l\u00fach\u00e1ireach agus fi\u00fantach a dh\u00e9anamh den mh\u00fainteoireacht do mh\u00fainteoir\u00ed agus do dhalta\u00ed araon. <\/p>\n<p>T\u00e1 r\u00e9imse leathan deara\u00ed ildaite agus tarraingteacha in\u00e1r mbaili\u00fach\u00e1n gream\u00e1n, lena n-\u00e1ir\u00edtear siombail\u00ed agus dathanna \u00c9ireannacha. <\/p>\n<p>T\u00e1 teachtaireachta\u00ed spreag\u00fala agus dearfacha ag gabh\u00e1il le gach gream\u00e1n a nearta\u00edonn iarrachta\u00ed agus \u00e9achta\u00ed na ndalta\u00ed. <\/p>\n<p>Tagann na gream\u00e1in i mbileoga \u00e1isi\u00fala de 25 gream\u00e1n (4 bhileog), rud a fh\u00e1gann go bhfuil siad \u00e9asca le d\u00e1ileadh agus le cur i bhfeidhm. <\/p>\n<p>D\u00e9anta as \u00e1bhair phr\u00e9imhe, t\u00e1 na gream\u00e1in seo buan, fadsaolach, agus is f\u00e9idir leo seasamh in aghaidh caitheamh agus cuimilt ghn\u00edomha\u00edochta\u00ed laeth\u00fala an tseomra ranga. Greama\u00edonn siad go daingean le dromchla\u00ed \u00e9ags\u00fala, amhail leabhair n\u00f3ta\u00ed, cairteacha agus \u00e9ada\u00ed. <\/p>\n<p>Fr\u00e1sa\u00ed ar ghream\u00e1in: <\/p>\n<ul>\n<li> Is Gaeilgeoir maith m\u00e9 (I am a good Irish Speaker)<\/li>\n<li> Dalta Iontach! Lean ar aghaidh leis an obair mhaith (Amazing Student! Lean ar aghaidh leis an obair mhaith!)<\/li>\n<li> T\u00e1 mo mh\u00fainteoir s\u00e1sta liom! (T\u00e1 mo mh\u00fainteoir s\u00e1sta liom)<\/li>\n<li> Obair Dhra\u00edochta, Coinnigh suas \u00e9! (Obair dhra\u00edocht\u00fail. Coinnigh ort!)<\/li>\n<li> Ar Fheabhas! (Ar fheabhas!)<\/li>\n<\/ul>\n<p> 3cm x 100 gream\u00e1n i bpac\u00e1iste<\/p>\n","protected":false},"excerpt":{"rendered":"<p>Spreag agus spreag dalta\u00ed agus timpeallacht fhoghlama dhearfach \u00e1 coth\u00fa acu. T\u00e1 na gream\u00e1in bheoga agus mhealltacha seo deartha chun eisp\u00e9ireas l\u00fach\u00e1ireach agus fi\u00fantach a dh\u00e9anamh den mh\u00fainteoireacht do mh\u00fainteoir\u00ed agus do dhalta\u00ed araon. T\u00e1 r\u00e9imse leathan deara\u00ed ildaite agus tarraingteacha in\u00e1r mbaili\u00fach\u00e1n gream\u00e1n, lena n-\u00e1ir\u00edtear siombail\u00ed agus dathanna \u00c9ireannacha. T\u00e1 teachtaireachta\u00ed spreag\u00fala agus dearfacha [&hellip;]<\/p>\n","protected":false},"featured_media":12646,"comment_status":"open","ping_status":"closed","template":"","meta":{"_exactmetrics_skip_tracking":false,"_exactmetrics_sitenote_active":false,"_exactmetrics_sitenote_note":"","_exactmetrics_sitenote_category":0,"site-sidebar-layout":"default","site-content-layout":"default","ast-site-content-layout":"default","site-content-style":"default","site-sidebar-style":"default","ast-global-header-display":"","ast-banner-title-visibility":"","ast-main-header-display":"","ast-hfb-above-header-display":"","ast-hfb-below-header-display":"","ast-hfb-mobile-header-display":"","site-post-title":"","ast-breadcrumbs-content":"","ast-featured-img":"","footer-sml-layout":"","theme-transparent-header-meta":"default","adv-header-id-meta":"","stick-header-meta":"","header-above-stick-meta":"","header-main-stick-meta":"","header-below-stick-meta":"","astra-migrate-meta-layouts":"default","ast-page-background-enabled":"default","ast-page-background-meta":{"desktop":{"background-color":"","background-image":"","background-repeat":"repeat","background-position":"center center","background-size":"auto","background-attachment":"scroll","background-type":"","background-media":"","overlay-type":"","overlay-color":"","overlay-opacity":"","overlay-gradient":""},"tablet":{"background-color":"","background-image":"","background-repeat":"repeat","background-position":"center center","background-size":"auto","background-attachment":"scroll","background-type":"","background-media":"","overlay-type":"","overlay-color":"","overlay-opacity":"","overlay-gradient":""},"mobile":{"background-color":"","background-image":"","background-repeat":"repeat","background-position":"center center","background-size":"auto","background-attachment":"scroll","background-type":"","background-media":"","overlay-type":"","overlay-color":"","overlay-opacity":"","overlay-gradient":""}},"ast-content-background-meta":{"desktop":{"background-color":"var(--ast-global-color-5)","background-image":"","background-repeat":"repeat","background-position":"center center","background-size":"auto","background-attachment":"scroll","background-type":"","background-media":"","overlay-type":"","overlay-color":"","overlay-opacity":"","overlay-gradient":""},"tablet":{"background-color":"var(--ast-global-color-5)","background-image":"","background-repeat":"repeat","background-position":"center center","background-size":"auto","background-attachment":"scroll","background-type":"","background-media":"","overlay-type":"","overlay-color":"","overlay-opacity":"","overlay-gradient":""},"mobile":{"background-color":"var(--ast-global-color-5)","background-image":"","background-repeat":"repeat","background-position":"center center","background-size":"auto","background-attachment":"scroll","background-type":"","background-media":"","overlay-type":"","overlay-color":"","overlay-opacity":"","overlay-gradient":""}}},"product_brand":[],"product_cat":[793,837,833,822],"product_tag":[928,974],"class_list":{"0":"post-12645","1":"product","2":"type-product","3":"status-publish","4":"has-post-thumbnail","6":"product_cat-gaeilge","7":"product_cat-greamain-2","8":"product_cat-greamain","9":"product_cat-seachtain-na-gaeilge","10":"product_tag-gaeilge","11":"product_tag-irish","12":"desktop-align-left","13":"tablet-align-left","14":"mobile-align-left","16":"first","17":"instock","18":"shipping-taxable","19":"purchasable","20":"product-type-simple"},"_links":{"self":[{"href":"https:\/\/www.molanoige.com\/ga\/wp-json\/wp\/v2\/product\/12645","targetHints":{"allow":["GET"]}}],"collection":[{"href":"https:\/\/www.molanoige.com\/ga\/wp-json\/wp\/v2\/product"}],"about":[{"href":"https:\/\/www.molanoige.com\/ga\/wp-json\/wp\/v2\/types\/product"}],"replies":[{"embeddable":true,"href":"https:\/\/www.molanoige.com\/ga\/wp-json\/wp\/v2\/comments?post=12645"}],"wp:featuredmedia":[{"embeddable":true,"href":"https:\/\/www.molanoige.com\/ga\/wp-json\/wp\/v2\/media\/12646"}],"wp:attachment":[{"href":"https:\/\/www.molanoige.com\/ga\/wp-json\/wp\/v2\/media?parent=12645"}],"wp:term":[{"taxonomy":"product_brand","embeddable":true,"href":"https:\/\/www.molanoige.com\/ga\/wp-json\/wp\/v2\/product_brand?post=12645"},{"taxonomy":"product_cat","embeddable":true,"href":"https:\/\/www.molanoige.com\/ga\/wp-json\/wp\/v2\/product_cat?post=12645"},{"taxonomy":"product_tag","embeddable":true,"href":"https:\/\/www.molanoige.com\/ga\/wp-json\/wp\/v2\/product_tag?post=12645"}],"curies":[{"name":"wp","href":"https:\/\/api.w.org\/{rel}","templated":true}]}}