{"id":12641,"date":"2023-09-02T16:12:02","date_gmt":"2023-09-02T16:12:02","guid":{"rendered":"https:\/\/www.molanoige.com\/product\/mata-iontach-irish-maths-stickers\/"},"modified":"2026-02-02T18:14:15","modified_gmt":"2026-02-02T18:14:15","slug":"mata-iontach-irish-maths-stickers","status":"publish","type":"product","link":"https:\/\/www.molanoige.com\/ga\/product\/mata-iontach-irish-maths-stickers\/","title":{"rendered":"Gream\u00e1in \u201cMata Iontach\u201d"},"content":{"rendered":"<ul>\n<li> Tabhair luach saothair do dhalta\u00ed as a gcuid oibre crua, scileanna r\u00e9itithe fadhbanna, agus \u00e9achta\u00ed matamaitici\u00fala. Cib\u00e9 acu at\u00e1 t\u00fa ag r\u00e9iteach cothrom\u00f3id\u00ed casta, ag m\u00e1istreacht t\u00e1bla\u00ed iolraithe, n\u00f3 ag d\u00e9anamh go maith sa gheoim\u00e9adracht, cuireann na gream\u00e1in seo aitheantas inl\u00e1imhsithe ar f\u00e1il d\u00e1 gcuid iarrachta\u00ed.<\/li>\n<li> D\u00e9anta as \u00e1bhair den scoth, t\u00e1 na gream\u00e1in seo d\u00e9anta chun maireacht\u00e1il. Greama\u00edonn siad go daingean le leabhair n\u00f3ta\u00ed, bileoga oibre agus tascanna, rud a chinnt\u00edonn go dtaispe\u00e1nann dalta\u00ed a ngn\u00f3thacht\u00e1lacha matamaitice go br\u00f3d\u00fail.<\/li>\n<li> Nuair a fhaigheann dalta\u00ed na gream\u00e1in seo, motha\u00edonn siad moth\u00fa \u00e9achta agus br\u00f3id, rud a chuireann lena bhf\u00e9inmheas agus lena nd\u00edograis don mhatamaitic. Cuireann an atreisi\u00fa dearfach seo le seomra ranga n\u00edos muin\u00edn\u00ed agus n\u00edos spreagtha.<\/li>\n<li> T\u00e1 r\u00e9imse mealltach siombail\u00ed matamaitici\u00fala, cothrom\u00f3id\u00ed, cruthanna geoim\u00e9adracha agus teachtaireachta\u00ed spreag\u00fala ar f\u00e1il in\u00e1r nGream\u00e1in Lua\u00edochta Matamaitice.<\/li>\n<\/ul>\n<p> 3cm x 100 gream\u00e1n i bpac\u00e1iste<\/p>\n","protected":false},"excerpt":{"rendered":"<p>Tabhair luach saothair do dhalta\u00ed as a gcuid oibre crua, scileanna r\u00e9itithe fadhbanna, agus \u00e9achta\u00ed matamaitici\u00fala. Cib\u00e9 acu at\u00e1 t\u00fa ag r\u00e9iteach cothrom\u00f3id\u00ed casta, ag m\u00e1istreacht t\u00e1bla\u00ed iolraithe, n\u00f3 ag d\u00e9anamh go maith sa gheoim\u00e9adracht, cuireann na gream\u00e1in seo aitheantas inl\u00e1imhsithe ar f\u00e1il d\u00e1 gcuid iarrachta\u00ed. D\u00e9anta as \u00e1bhair den scoth, t\u00e1 na gream\u00e1in seo [&hellip;]<\/p>\n","protected":false},"featured_media":12642,"comment_status":"open","ping_status":"closed","template":"","meta":{"_exactmetrics_skip_tracking":false,"_exactmetrics_sitenote_active":false,"_exactmetrics_sitenote_note":"","_exactmetrics_sitenote_category":0,"site-sidebar-layout":"default","site-content-layout":"default","ast-site-content-layout":"default","site-content-style":"default","site-sidebar-style":"default","ast-global-header-display":"","ast-banner-title-visibility":"","ast-main-header-display":"","ast-hfb-above-header-display":"","ast-hfb-below-header-display":"","ast-hfb-mobile-header-display":"","site-post-title":"","ast-breadcrumbs-content":"","ast-featured-img":"","footer-sml-layout":"","theme-transparent-header-meta":"default","adv-header-id-meta":"","stick-header-meta":"","header-above-stick-meta":"","header-main-stick-meta":"","header-below-stick-meta":"","astra-migrate-meta-layouts":"default","ast-page-background-enabled":"default","ast-page-background-meta":{"desktop":{"background-color":"","background-image":"","background-repeat":"repeat","background-position":"center center","background-size":"auto","background-attachment":"scroll","background-type":"","background-media":"","overlay-type":"","overlay-color":"","overlay-opacity":"","overlay-gradient":""},"tablet":{"background-color":"","background-image":"","background-repeat":"repeat","background-position":"center center","background-size":"auto","background-attachment":"scroll","background-type":"","background-media":"","overlay-type":"","overlay-color":"","overlay-opacity":"","overlay-gradient":""},"mobile":{"background-color":"","background-image":"","background-repeat":"repeat","background-position":"center center","background-size":"auto","background-attachment":"scroll","background-type":"","background-media":"","overlay-type":"","overlay-color":"","overlay-opacity":"","overlay-gradient":""}},"ast-content-background-meta":{"desktop":{"background-color":"var(--ast-global-color-5)","background-image":"","background-repeat":"repeat","background-position":"center center","background-size":"auto","background-attachment":"scroll","background-type":"","background-media":"","overlay-type":"","overlay-color":"","overlay-opacity":"","overlay-gradient":""},"tablet":{"background-color":"var(--ast-global-color-5)","background-image":"","background-repeat":"repeat","background-position":"center center","background-size":"auto","background-attachment":"scroll","background-type":"","background-media":"","overlay-type":"","overlay-color":"","overlay-opacity":"","overlay-gradient":""},"mobile":{"background-color":"var(--ast-global-color-5)","background-image":"","background-repeat":"repeat","background-position":"center center","background-size":"auto","background-attachment":"scroll","background-type":"","background-media":"","overlay-type":"","overlay-color":"","overlay-opacity":"","overlay-gradient":""}}},"product_brand":[],"product_cat":[793,837,833,826,820],"product_tag":[966,967,968,969,970,961],"class_list":{"0":"post-12641","1":"product","2":"type-product","3":"status-publish","4":"has-post-thumbnail","6":"product_cat-gaeilge","7":"product_cat-greamain-2","8":"product_cat-greamain","9":"product_cat-obair-bhaile","10":"product_cat-stem","11":"product_tag-mata","12":"product_tag-mata-iontach","13":"product_tag-matamaiticeoir","14":"product_tag-mathematics","15":"product_tag-maths","16":"product_tag-stickers","17":"desktop-align-left","18":"tablet-align-left","19":"mobile-align-left","21":"first","22":"instock","23":"shipping-taxable","24":"purchasable","25":"product-type-simple"},"_links":{"self":[{"href":"https:\/\/www.molanoige.com\/ga\/wp-json\/wp\/v2\/product\/12641","targetHints":{"allow":["GET"]}}],"collection":[{"href":"https:\/\/www.molanoige.com\/ga\/wp-json\/wp\/v2\/product"}],"about":[{"href":"https:\/\/www.molanoige.com\/ga\/wp-json\/wp\/v2\/types\/product"}],"replies":[{"embeddable":true,"href":"https:\/\/www.molanoige.com\/ga\/wp-json\/wp\/v2\/comments?post=12641"}],"wp:featuredmedia":[{"embeddable":true,"href":"https:\/\/www.molanoige.com\/ga\/wp-json\/wp\/v2\/media\/12642"}],"wp:attachment":[{"href":"https:\/\/www.molanoige.com\/ga\/wp-json\/wp\/v2\/media?parent=12641"}],"wp:term":[{"taxonomy":"product_brand","embeddable":true,"href":"https:\/\/www.molanoige.com\/ga\/wp-json\/wp\/v2\/product_brand?post=12641"},{"taxonomy":"product_cat","embeddable":true,"href":"https:\/\/www.molanoige.com\/ga\/wp-json\/wp\/v2\/product_cat?post=12641"},{"taxonomy":"product_tag","embeddable":true,"href":"https:\/\/www.molanoige.com\/ga\/wp-json\/wp\/v2\/product_tag?post=12641"}],"curies":[{"name":"wp","href":"https:\/\/api.w.org\/{rel}","templated":true}]}}