{"id":12632,"date":"2023-10-23T17:45:40","date_gmt":"2023-10-23T17:45:40","guid":{"rendered":"https:\/\/www.molanoige.com\/product\/irish-christmas-reward-stickers\/"},"modified":"2026-02-02T18:14:14","modified_gmt":"2026-02-02T18:14:14","slug":"irish-christmas-reward-stickers","status":"publish","type":"product","link":"https:\/\/www.molanoige.com\/ga\/product\/irish-christmas-reward-stickers\/","title":{"rendered":"Gream\u00e1in Luach Saothair Nollag na h\u00c9ireann"},"content":{"rendered":"<p>Ag cur \u00e1r nGream\u00e1in Lua\u00edochta Nollag \u00c9ireannacha dra\u00edocht\u00fala i l\u00e1thair, bealach iontach chun dra\u00edocht na Nollag a instealladh isteach i do cheili\u00faradh seomra ranga n\u00f3 sa bhaile. <\/p>\n<p> <strong>Lua\u00edochta\u00ed Il\u00fas\u00e1ideacha:<\/strong> Bain \u00fas\u00e1id as na gream\u00e1in seo chun raon leathan \u00e9achta\u00ed agus dea-ghn\u00edomhartha a cheili\u00faradh i rith na Nollag. Cib\u00e9 acu cearda\u00edocht Nollag speisialta at\u00e1 i gceist, cine\u00e1ltas a l\u00e9iri\u00fa do dhaoine eile, n\u00f3 spriocanna acad\u00fala a bhaint amach, crutha\u00edonn na gream\u00e1in seo luach saothair cro\u00ed\u00fail agus cuimhneach. <\/p>\n<p> <strong>Spiorad Dearfach na Nollag:<\/strong> N\u00ed hamh\u00e1in gur luach saothair iad na gream\u00e1in seo; l\u00e9ir\u00edonn siad an l\u00fach\u00e1ir, an fhlaithi\u00falacht agus an teas a shain\u00edonn Nollaig \u00c9ireannach. Spreagann siad moth\u00fach\u00e1in le ch\u00e9ile agus dra\u00edocht na s\u00e9as\u00fair agus spreagann siad leana\u00ed chun lean\u00faint lena n-iompar dearfach. <\/p>\n<p> <strong>Feidhmi\u00fa \u00c9asca:<\/strong> T\u00e1 \u00e1r ngream\u00e1in deartha le haghaidh \u00e9asca le h\u00fas\u00e1id, le feidhmchl\u00e1r simpl\u00ed craiceann-agus-greamaigh. Is f\u00e9idir iad a chur ar ch\u00e1rta\u00ed, ar bhronntanais, ar thionscadail t\u00e9amacha Nollag, n\u00f3 fi\u00fa ar chrann Nollag an teaghlaigh chun maisi\u00fa uath\u00fail agus br\u00edoch a chruth\u00fa. <\/p>\n<p> <strong>Foirfe do Mh\u00fainteoir\u00ed agus do Thuismitheoir\u00ed:<\/strong> Cib\u00e9 acu m\u00fainteoir th\u00fa at\u00e1 ag iarraidh blas \u00c9ireannach a thabhairt isteach i do sheomra ranga n\u00f3 tuismitheoir at\u00e1 ag iarraidh an s\u00e9as\u00far a cheili\u00faradh sa bhaile, is iad \u00e1r nGream\u00e1in Lua\u00edochta Nollag \u00c9ireannacha an rogha iontach chun spiorad an ts\u00e9as\u00fair a choth\u00fa ar bhealach spra\u00ed\u00fail agus oideachas\u00fail. <\/p>\n<p>T\u00e1 deara\u00ed deasa ar \u00e1r nGream\u00e1in Lua\u00edochta Nollag \u00c9ireannacha, lena n-\u00e1ir\u00edtear Daid\u00ed na Nollag, Crann Nollag, Peingean Nollag agus R\u00e9infhia agus Fr\u00e1sa\u00ed Molta \u00c9ireannacha (Iontach, Is R\u00e9alt Th\u00fa, Ar Fheabhas, Maith Th\u00fa, S\u00e1r-Obair) <\/p>\n<p>Gream\u00e1in 100 x 30mm<\/p>\n","protected":false},"excerpt":{"rendered":"<p>Ag cur \u00e1r nGream\u00e1in Lua\u00edochta Nollag \u00c9ireannacha dra\u00edocht\u00fala i l\u00e1thair, bealach iontach chun dra\u00edocht na Nollag a instealladh isteach i do cheili\u00faradh seomra ranga n\u00f3 sa bhaile. Lua\u00edochta\u00ed Il\u00fas\u00e1ideacha: Bain \u00fas\u00e1id as na gream\u00e1in seo chun raon leathan \u00e9achta\u00ed agus dea-ghn\u00edomhartha a cheili\u00faradh i rith na Nollag. Cib\u00e9 acu cearda\u00edocht Nollag speisialta at\u00e1 i gceist, [&hellip;]<\/p>\n","protected":false},"featured_media":12633,"comment_status":"open","ping_status":"closed","template":"","meta":{"_exactmetrics_skip_tracking":false,"_exactmetrics_sitenote_active":false,"_exactmetrics_sitenote_note":"","_exactmetrics_sitenote_category":0,"site-sidebar-layout":"default","site-content-layout":"default","ast-site-content-layout":"default","site-content-style":"default","site-sidebar-style":"default","ast-global-header-display":"","ast-banner-title-visibility":"","ast-main-header-display":"","ast-hfb-above-header-display":"","ast-hfb-below-header-display":"","ast-hfb-mobile-header-display":"","site-post-title":"","ast-breadcrumbs-content":"","ast-featured-img":"","footer-sml-layout":"","theme-transparent-header-meta":"default","adv-header-id-meta":"","stick-header-meta":"","header-above-stick-meta":"","header-main-stick-meta":"","header-below-stick-meta":"","astra-migrate-meta-layouts":"default","ast-page-background-enabled":"default","ast-page-background-meta":{"desktop":{"background-color":"","background-image":"","background-repeat":"repeat","background-position":"center center","background-size":"auto","background-attachment":"scroll","background-type":"","background-media":"","overlay-type":"","overlay-color":"","overlay-opacity":"","overlay-gradient":""},"tablet":{"background-color":"","background-image":"","background-repeat":"repeat","background-position":"center center","background-size":"auto","background-attachment":"scroll","background-type":"","background-media":"","overlay-type":"","overlay-color":"","overlay-opacity":"","overlay-gradient":""},"mobile":{"background-color":"","background-image":"","background-repeat":"repeat","background-position":"center center","background-size":"auto","background-attachment":"scroll","background-type":"","background-media":"","overlay-type":"","overlay-color":"","overlay-opacity":"","overlay-gradient":""}},"ast-content-background-meta":{"desktop":{"background-color":"var(--ast-global-color-5)","background-image":"","background-repeat":"repeat","background-position":"center center","background-size":"auto","background-attachment":"scroll","background-type":"","background-media":"","overlay-type":"","overlay-color":"","overlay-opacity":"","overlay-gradient":""},"tablet":{"background-color":"var(--ast-global-color-5)","background-image":"","background-repeat":"repeat","background-position":"center center","background-size":"auto","background-attachment":"scroll","background-type":"","background-media":"","overlay-type":"","overlay-color":"","overlay-opacity":"","overlay-gradient":""},"mobile":{"background-color":"var(--ast-global-color-5)","background-image":"","background-repeat":"repeat","background-position":"center center","background-size":"auto","background-attachment":"scroll","background-type":"","background-media":"","overlay-type":"","overlay-color":"","overlay-opacity":"","overlay-gradient":""}}},"product_brand":[],"product_cat":[793,833,809],"product_tag":[954,960,961],"class_list":{"0":"post-12632","1":"product","2":"type-product","3":"status-publish","4":"has-post-thumbnail","6":"product_cat-gaeilge","7":"product_cat-greamain","8":"product_cat-nollaig","9":"product_tag-christmas","10":"product_tag-santa","11":"product_tag-stickers","12":"desktop-align-left","13":"tablet-align-left","14":"mobile-align-left","16":"first","17":"instock","18":"shipping-taxable","19":"purchasable","20":"product-type-simple"},"_links":{"self":[{"href":"https:\/\/www.molanoige.com\/ga\/wp-json\/wp\/v2\/product\/12632","targetHints":{"allow":["GET"]}}],"collection":[{"href":"https:\/\/www.molanoige.com\/ga\/wp-json\/wp\/v2\/product"}],"about":[{"href":"https:\/\/www.molanoige.com\/ga\/wp-json\/wp\/v2\/types\/product"}],"replies":[{"embeddable":true,"href":"https:\/\/www.molanoige.com\/ga\/wp-json\/wp\/v2\/comments?post=12632"}],"wp:featuredmedia":[{"embeddable":true,"href":"https:\/\/www.molanoige.com\/ga\/wp-json\/wp\/v2\/media\/12633"}],"wp:attachment":[{"href":"https:\/\/www.molanoige.com\/ga\/wp-json\/wp\/v2\/media?parent=12632"}],"wp:term":[{"taxonomy":"product_brand","embeddable":true,"href":"https:\/\/www.molanoige.com\/ga\/wp-json\/wp\/v2\/product_brand?post=12632"},{"taxonomy":"product_cat","embeddable":true,"href":"https:\/\/www.molanoige.com\/ga\/wp-json\/wp\/v2\/product_cat?post=12632"},{"taxonomy":"product_tag","embeddable":true,"href":"https:\/\/www.molanoige.com\/ga\/wp-json\/wp\/v2\/product_tag?post=12632"}],"curies":[{"name":"wp","href":"https:\/\/api.w.org\/{rel}","templated":true}]}}