{"id":12630,"date":"2023-11-15T11:10:08","date_gmt":"2023-11-15T11:10:08","guid":{"rendered":"https:\/\/www.molanoige.com\/product\/christmas-erasers-x12\/"},"modified":"2026-02-02T18:14:14","modified_gmt":"2026-02-02T18:14:14","slug":"christmas-erasers-x12","status":"publish","type":"product","link":"https:\/\/www.molanoige.com\/ga\/product\/christmas-erasers-x12\/","title":{"rendered":"Scrios\u00e1in Nollag x12"},"content":{"rendered":"<p>Ag cur \u00e1r bPac\u00e1iste Scrios\u00e1in Nollag f\u00e9ile agus spra\u00ed\u00fail i l\u00e1thair \u2013 an breis foirfe saoire do do sheomra ranga! T\u00e1 measc\u00e1n greannmhar de scrios\u00e1in t\u00e9ama saoire sa tacar aoibhinn seo a bheidh ina mbreis iontach ar Bhosca Luach Saothair na Nollag. <\/p>\n<p>T\u00e1 r\u00e9imse deara\u00ed geala i ngach pac\u00e1iste, \u00f3 Santas agus fir sneachta geala go crainn Nollag lonracha agus orn\u00e1id\u00ed f\u00e9ile. D\u00e9anta as \u00e1bhair ardchaighde\u00e1in, neamh-tocsaineacha, n\u00ed hamh\u00e1in go bhfuil na scrios\u00e1in seo gleoite ach feidhmi\u00fail freisin, ag cinnti\u00fa scriosadh glan agus beacht gach uair. <\/p>\n<p>M\u00e1s mac l\u00e9inn th\u00fa at\u00e1 ag iarraidh beag\u00e1n spiorad saoire a chur le do shol\u00e1thairt\u00ed scoile n\u00f3 gairm\u00ed oifige at\u00e1 ag lorg teagmh\u00e1il l\u00fach\u00e1ire s\u00e9as\u00farach ag do dheasc, is \u00e9 \u00e1r bPac\u00e1iste Scrios\u00e1in Nollag an rogha iontach. Is bronntanais iontacha stoca\u00ed n\u00f3 fabhair ph\u00e1irt\u00ed taitneamhacha iad na scrios\u00e1in seo do chruinnithe saoire freisin. <\/p>\n<p>Tabhair dra\u00edocht an ts\u00e9as\u00fair chuig do thaith\u00ed scr\u00edbhneoireachta len\u00e1r bPac\u00e1iste Scrios\u00e1in Nollag. D\u00e9an bot\u00fain a im\u00edonn le g\u00e1ire, agus lig don spiorad f\u00e9ile do chruthaitheacht a spreagadh. Is \u00e9 seo an s\u00e9as\u00far le haghaidh scriosadh l\u00fach\u00e1ireach! <\/p>\n<p>12 i bpac\u00e1iste (3cm x 2cm)<\/p>\n","protected":false},"excerpt":{"rendered":"<p>Ag cur \u00e1r bPac\u00e1iste Scrios\u00e1in Nollag f\u00e9ile agus spra\u00ed\u00fail i l\u00e1thair \u2013 an breis foirfe saoire do do sheomra ranga! T\u00e1 measc\u00e1n greannmhar de scrios\u00e1in t\u00e9ama saoire sa tacar aoibhinn seo a bheidh ina mbreis iontach ar Bhosca Luach Saothair na Nollag. T\u00e1 r\u00e9imse deara\u00ed geala i ngach pac\u00e1iste, \u00f3 Santas agus fir sneachta geala [&hellip;]<\/p>\n","protected":false},"featured_media":12631,"comment_status":"open","ping_status":"closed","template":"","meta":{"_exactmetrics_skip_tracking":false,"_exactmetrics_sitenote_active":false,"_exactmetrics_sitenote_note":"","_exactmetrics_sitenote_category":0,"site-sidebar-layout":"default","site-content-layout":"default","ast-site-content-layout":"default","site-content-style":"default","site-sidebar-style":"default","ast-global-header-display":"","ast-banner-title-visibility":"","ast-main-header-display":"","ast-hfb-above-header-display":"","ast-hfb-below-header-display":"","ast-hfb-mobile-header-display":"","site-post-title":"","ast-breadcrumbs-content":"","ast-featured-img":"","footer-sml-layout":"","theme-transparent-header-meta":"default","adv-header-id-meta":"","stick-header-meta":"","header-above-stick-meta":"","header-main-stick-meta":"","header-below-stick-meta":"","astra-migrate-meta-layouts":"default","ast-page-background-enabled":"default","ast-page-background-meta":{"desktop":{"background-color":"","background-image":"","background-repeat":"repeat","background-position":"center center","background-size":"auto","background-attachment":"scroll","background-type":"","background-media":"","overlay-type":"","overlay-color":"","overlay-opacity":"","overlay-gradient":""},"tablet":{"background-color":"","background-image":"","background-repeat":"repeat","background-position":"center center","background-size":"auto","background-attachment":"scroll","background-type":"","background-media":"","overlay-type":"","overlay-color":"","overlay-opacity":"","overlay-gradient":""},"mobile":{"background-color":"","background-image":"","background-repeat":"repeat","background-position":"center center","background-size":"auto","background-attachment":"scroll","background-type":"","background-media":"","overlay-type":"","overlay-color":"","overlay-opacity":"","overlay-gradient":""}},"ast-content-background-meta":{"desktop":{"background-color":"var(--ast-global-color-5)","background-image":"","background-repeat":"repeat","background-position":"center center","background-size":"auto","background-attachment":"scroll","background-type":"","background-media":"","overlay-type":"","overlay-color":"","overlay-opacity":"","overlay-gradient":""},"tablet":{"background-color":"var(--ast-global-color-5)","background-image":"","background-repeat":"repeat","background-position":"center center","background-size":"auto","background-attachment":"scroll","background-type":"","background-media":"","overlay-type":"","overlay-color":"","overlay-opacity":"","overlay-gradient":""},"mobile":{"background-color":"var(--ast-global-color-5)","background-image":"","background-repeat":"repeat","background-position":"center center","background-size":"auto","background-attachment":"scroll","background-type":"","background-media":"","overlay-type":"","overlay-color":"","overlay-opacity":"","overlay-gradient":""}}},"product_brand":[],"product_cat":[799,798,809],"product_tag":[957,958,959],"class_list":{"0":"post-12630","1":"product","2":"type-product","3":"status-publish","4":"has-post-thumbnail","6":"product_cat-bronntanais-duaiseanna","7":"product_cat-erasers","8":"product_cat-nollaig","9":"product_tag-christmas-erasers","10":"product_tag-nollaig-shona","11":"product_tag-stocking-fillers","12":"desktop-align-left","13":"tablet-align-left","14":"mobile-align-left","16":"first","17":"instock","18":"shipping-taxable","19":"purchasable","20":"product-type-simple"},"_links":{"self":[{"href":"https:\/\/www.molanoige.com\/ga\/wp-json\/wp\/v2\/product\/12630","targetHints":{"allow":["GET"]}}],"collection":[{"href":"https:\/\/www.molanoige.com\/ga\/wp-json\/wp\/v2\/product"}],"about":[{"href":"https:\/\/www.molanoige.com\/ga\/wp-json\/wp\/v2\/types\/product"}],"replies":[{"embeddable":true,"href":"https:\/\/www.molanoige.com\/ga\/wp-json\/wp\/v2\/comments?post=12630"}],"wp:featuredmedia":[{"embeddable":true,"href":"https:\/\/www.molanoige.com\/ga\/wp-json\/wp\/v2\/media\/12631"}],"wp:attachment":[{"href":"https:\/\/www.molanoige.com\/ga\/wp-json\/wp\/v2\/media?parent=12630"}],"wp:term":[{"taxonomy":"product_brand","embeddable":true,"href":"https:\/\/www.molanoige.com\/ga\/wp-json\/wp\/v2\/product_brand?post=12630"},{"taxonomy":"product_cat","embeddable":true,"href":"https:\/\/www.molanoige.com\/ga\/wp-json\/wp\/v2\/product_cat?post=12630"},{"taxonomy":"product_tag","embeddable":true,"href":"https:\/\/www.molanoige.com\/ga\/wp-json\/wp\/v2\/product_tag?post=12630"}],"curies":[{"name":"wp","href":"https:\/\/api.w.org\/{rel}","templated":true}]}}