{"id":12628,"date":"2023-11-15T16:49:02","date_gmt":"2023-11-15T16:49:02","guid":{"rendered":"https:\/\/www.molanoige.com\/product\/sport-balls-erasers-x12\/"},"modified":"2026-02-02T18:14:14","modified_gmt":"2026-02-02T18:14:14","slug":"sport-balls-erasers-x12","status":"publish","type":"product","link":"https:\/\/www.molanoige.com\/ga\/product\/sport-balls-erasers-x12\/","title":{"rendered":"Scrios\u00e1in Liathr\u00f3id\u00ed Sp\u00f3irt x12"},"content":{"rendered":"<p>Ardaigh do chluiche st\u00e1isean\u00f3ireachta len\u00e1r bPac\u00e1iste Scrios\u00e1in Liathr\u00f3id\u00ed Sp\u00f3irt \u2013 bua iontach do gach d\u00edograiseoir sp\u00f3irt agus do lucht lean\u00fana st\u00e1isean\u00f3ireachta araon! Tugann an tacar seo sceitim\u00edn\u00ed an chluiche chuig do dheasc, ina bhfuil measc\u00e1n dinimici\u00fail de scrios\u00e1in t\u00e9ama sp\u00f3irt at\u00e1 chomh spra\u00ed\u00fail agus at\u00e1 siad praitici\u00fail. <\/p>\n<p>Sc\u00f3r\u00e1il go m\u00f3r len\u00e1r bPac\u00e1iste Scrios\u00e1in Liathr\u00f3id\u00ed Sp\u00f3irt agus tabhair sceitim\u00edn\u00ed an chluiche chuig do chuid eachtra\u00ed scr\u00edbhneoireachta laeth\u00fala. T\u00e1 s\u00e9 in am scriosadh le st\u00edl! <\/p>\n<p>Pac\u00e1iste de 12 (3cm)<\/p>\n","protected":false},"excerpt":{"rendered":"<p>Ardaigh do chluiche st\u00e1isean\u00f3ireachta len\u00e1r bPac\u00e1iste Scrios\u00e1in Liathr\u00f3id\u00ed Sp\u00f3irt \u2013 bua iontach do gach d\u00edograiseoir sp\u00f3irt agus do lucht lean\u00fana st\u00e1isean\u00f3ireachta araon! Tugann an tacar seo sceitim\u00edn\u00ed an chluiche chuig do dheasc, ina bhfuil measc\u00e1n dinimici\u00fail de scrios\u00e1in t\u00e9ama sp\u00f3irt at\u00e1 chomh spra\u00ed\u00fail agus at\u00e1 siad praitici\u00fail. Sc\u00f3r\u00e1il go m\u00f3r len\u00e1r bPac\u00e1iste Scrios\u00e1in Liathr\u00f3id\u00ed Sp\u00f3irt [&hellip;]<\/p>\n","protected":false},"featured_media":12629,"comment_status":"open","ping_status":"closed","template":"","meta":{"_exactmetrics_skip_tracking":false,"_exactmetrics_sitenote_active":false,"_exactmetrics_sitenote_note":"","_exactmetrics_sitenote_category":0,"site-sidebar-layout":"default","site-content-layout":"default","ast-site-content-layout":"default","site-content-style":"default","site-sidebar-style":"default","ast-global-header-display":"","ast-banner-title-visibility":"","ast-main-header-display":"","ast-hfb-above-header-display":"","ast-hfb-below-header-display":"","ast-hfb-mobile-header-display":"","site-post-title":"","ast-breadcrumbs-content":"","ast-featured-img":"","footer-sml-layout":"","theme-transparent-header-meta":"default","adv-header-id-meta":"","stick-header-meta":"","header-above-stick-meta":"","header-main-stick-meta":"","header-below-stick-meta":"","astra-migrate-meta-layouts":"default","ast-page-background-enabled":"default","ast-page-background-meta":{"desktop":{"background-color":"","background-image":"","background-repeat":"repeat","background-position":"center center","background-size":"auto","background-attachment":"scroll","background-type":"","background-media":"","overlay-type":"","overlay-color":"","overlay-opacity":"","overlay-gradient":""},"tablet":{"background-color":"","background-image":"","background-repeat":"repeat","background-position":"center center","background-size":"auto","background-attachment":"scroll","background-type":"","background-media":"","overlay-type":"","overlay-color":"","overlay-opacity":"","overlay-gradient":""},"mobile":{"background-color":"","background-image":"","background-repeat":"repeat","background-position":"center center","background-size":"auto","background-attachment":"scroll","background-type":"","background-media":"","overlay-type":"","overlay-color":"","overlay-opacity":"","overlay-gradient":""}},"ast-content-background-meta":{"desktop":{"background-color":"var(--ast-global-color-5)","background-image":"","background-repeat":"repeat","background-position":"center center","background-size":"auto","background-attachment":"scroll","background-type":"","background-media":"","overlay-type":"","overlay-color":"","overlay-opacity":"","overlay-gradient":""},"tablet":{"background-color":"var(--ast-global-color-5)","background-image":"","background-repeat":"repeat","background-position":"center center","background-size":"auto","background-attachment":"scroll","background-type":"","background-media":"","overlay-type":"","overlay-color":"","overlay-opacity":"","overlay-gradient":""},"mobile":{"background-color":"var(--ast-global-color-5)","background-image":"","background-repeat":"repeat","background-position":"center center","background-size":"auto","background-attachment":"scroll","background-type":"","background-media":"","overlay-type":"","overlay-color":"","overlay-opacity":"","overlay-gradient":""}}},"product_brand":[],"product_cat":[799,798,824],"product_tag":[],"class_list":{"0":"post-12628","1":"product","2":"type-product","3":"status-publish","4":"has-post-thumbnail","6":"product_cat-bronntanais-duaiseanna","7":"product_cat-erasers","8":"product_cat-sport","9":"desktop-align-left","10":"tablet-align-left","11":"mobile-align-left","13":"first","14":"instock","15":"shipping-taxable","16":"purchasable","17":"product-type-simple"},"_links":{"self":[{"href":"https:\/\/www.molanoige.com\/ga\/wp-json\/wp\/v2\/product\/12628","targetHints":{"allow":["GET"]}}],"collection":[{"href":"https:\/\/www.molanoige.com\/ga\/wp-json\/wp\/v2\/product"}],"about":[{"href":"https:\/\/www.molanoige.com\/ga\/wp-json\/wp\/v2\/types\/product"}],"replies":[{"embeddable":true,"href":"https:\/\/www.molanoige.com\/ga\/wp-json\/wp\/v2\/comments?post=12628"}],"wp:featuredmedia":[{"embeddable":true,"href":"https:\/\/www.molanoige.com\/ga\/wp-json\/wp\/v2\/media\/12629"}],"wp:attachment":[{"href":"https:\/\/www.molanoige.com\/ga\/wp-json\/wp\/v2\/media?parent=12628"}],"wp:term":[{"taxonomy":"product_brand","embeddable":true,"href":"https:\/\/www.molanoige.com\/ga\/wp-json\/wp\/v2\/product_brand?post=12628"},{"taxonomy":"product_cat","embeddable":true,"href":"https:\/\/www.molanoige.com\/ga\/wp-json\/wp\/v2\/product_cat?post=12628"},{"taxonomy":"product_tag","embeddable":true,"href":"https:\/\/www.molanoige.com\/ga\/wp-json\/wp\/v2\/product_tag?post=12628"}],"curies":[{"name":"wp","href":"https:\/\/api.w.org\/{rel}","templated":true}]}}