{"id":12608,"date":"2024-02-07T17:40:19","date_gmt":"2024-02-07T17:40:19","guid":{"rendered":"https:\/\/www.molanoige.com\/product\/snag-pack-2-3\/"},"modified":"2026-02-02T18:14:10","modified_gmt":"2026-02-02T18:14:10","slug":"snag-pack-2-3","status":"publish","type":"product","link":"https:\/\/www.molanoige.com\/ga\/product\/snag-pack-2-3\/","title":{"rendered":"Pac\u00e1iste Snag 2"},"content":{"rendered":"<p>R\u00e9imse ollmh\u00f3r duaiseanna do Sheachtain na Gaeilge <\/p>\n<p>300 x gream\u00e1n Gaeilge <\/p>\n<p>20 x peann luaidhe Gaeilge le laethanta na seachtaine agus m\u00edonna na bliana <\/p>\n<p>20 x pas obair bhaile Gaeilge <\/p>\n<p>Mura bhfuil stoc againn d&#39;earra, cuirfear earra eile den luach c\u00e9anna leis <\/p>\n<p>T\u00e1 <strong>\u00e1r ngream\u00e1in lua\u00edochta Gaeilge as stoc mar sin cuirfear sraith bhreise gream\u00e1n Gaeilge ina n-\u00e1it<\/strong><\/p>\n","protected":false},"excerpt":{"rendered":"<p>R\u00e9imse ollmh\u00f3r duaiseanna do Sheachtain na Gaeilge 300 x gream\u00e1n Gaeilge 20 x peann luaidhe Gaeilge le laethanta na seachtaine agus m\u00edonna na bliana 20 x pas obair bhaile Gaeilge Mura bhfuil stoc againn d&#39;earra, cuirfear earra eile den luach c\u00e9anna leis T\u00e1 \u00e1r ngream\u00e1in lua\u00edochta Gaeilge as stoc mar sin cuirfear sraith bhreise gream\u00e1n [&hellip;]<\/p>\n","protected":false},"featured_media":12609,"comment_status":"open","ping_status":"closed","template":"","meta":{"_exactmetrics_skip_tracking":false,"_exactmetrics_sitenote_active":false,"_exactmetrics_sitenote_note":"","_exactmetrics_sitenote_category":0,"site-sidebar-layout":"default","site-content-layout":"default","ast-site-content-layout":"default","site-content-style":"default","site-sidebar-style":"default","ast-global-header-display":"","ast-banner-title-visibility":"","ast-main-header-display":"","ast-hfb-above-header-display":"","ast-hfb-below-header-display":"","ast-hfb-mobile-header-display":"","site-post-title":"","ast-breadcrumbs-content":"","ast-featured-img":"","footer-sml-layout":"","theme-transparent-header-meta":"default","adv-header-id-meta":"","stick-header-meta":"","header-above-stick-meta":"","header-main-stick-meta":"","header-below-stick-meta":"","astra-migrate-meta-layouts":"default","ast-page-background-enabled":"default","ast-page-background-meta":{"desktop":{"background-color":"","background-image":"","background-repeat":"repeat","background-position":"center center","background-size":"auto","background-attachment":"scroll","background-type":"","background-media":"","overlay-type":"","overlay-color":"","overlay-opacity":"","overlay-gradient":""},"tablet":{"background-color":"","background-image":"","background-repeat":"repeat","background-position":"center center","background-size":"auto","background-attachment":"scroll","background-type":"","background-media":"","overlay-type":"","overlay-color":"","overlay-opacity":"","overlay-gradient":""},"mobile":{"background-color":"","background-image":"","background-repeat":"repeat","background-position":"center center","background-size":"auto","background-attachment":"scroll","background-type":"","background-media":"","overlay-type":"","overlay-color":"","overlay-opacity":"","overlay-gradient":""}},"ast-content-background-meta":{"desktop":{"background-color":"var(--ast-global-color-5)","background-image":"","background-repeat":"repeat","background-position":"center center","background-size":"auto","background-attachment":"scroll","background-type":"","background-media":"","overlay-type":"","overlay-color":"","overlay-opacity":"","overlay-gradient":""},"tablet":{"background-color":"var(--ast-global-color-5)","background-image":"","background-repeat":"repeat","background-position":"center center","background-size":"auto","background-attachment":"scroll","background-type":"","background-media":"","overlay-type":"","overlay-color":"","overlay-opacity":"","overlay-gradient":""},"mobile":{"background-color":"var(--ast-global-color-5)","background-image":"","background-repeat":"repeat","background-position":"center center","background-size":"auto","background-attachment":"scroll","background-type":"","background-media":"","overlay-type":"","overlay-color":"","overlay-opacity":"","overlay-gradient":""}}},"product_brand":[],"product_cat":[794,822],"product_tag":[947,945,796,797],"class_list":{"0":"post-12608","1":"product","2":"type-product","3":"status-publish","4":"has-post-thumbnail","6":"product_cat-pacai-snag","7":"product_cat-seachtain-na-gaeilge","8":"product_tag-dalta-na-seachtaine","9":"product_tag-gaeilgeoir-na-seachtaine","10":"product_tag-seachtain-na-gaeilge","11":"product_tag-snag","12":"desktop-align-left","13":"tablet-align-left","14":"mobile-align-left","16":"first","17":"instock","18":"featured","19":"shipping-taxable","20":"purchasable","21":"product-type-simple"},"_links":{"self":[{"href":"https:\/\/www.molanoige.com\/ga\/wp-json\/wp\/v2\/product\/12608","targetHints":{"allow":["GET"]}}],"collection":[{"href":"https:\/\/www.molanoige.com\/ga\/wp-json\/wp\/v2\/product"}],"about":[{"href":"https:\/\/www.molanoige.com\/ga\/wp-json\/wp\/v2\/types\/product"}],"replies":[{"embeddable":true,"href":"https:\/\/www.molanoige.com\/ga\/wp-json\/wp\/v2\/comments?post=12608"}],"wp:featuredmedia":[{"embeddable":true,"href":"https:\/\/www.molanoige.com\/ga\/wp-json\/wp\/v2\/media\/12609"}],"wp:attachment":[{"href":"https:\/\/www.molanoige.com\/ga\/wp-json\/wp\/v2\/media?parent=12608"}],"wp:term":[{"taxonomy":"product_brand","embeddable":true,"href":"https:\/\/www.molanoige.com\/ga\/wp-json\/wp\/v2\/product_brand?post=12608"},{"taxonomy":"product_cat","embeddable":true,"href":"https:\/\/www.molanoige.com\/ga\/wp-json\/wp\/v2\/product_cat?post=12608"},{"taxonomy":"product_tag","embeddable":true,"href":"https:\/\/www.molanoige.com\/ga\/wp-json\/wp\/v2\/product_tag?post=12608"}],"curies":[{"name":"wp","href":"https:\/\/api.w.org\/{rel}","templated":true}]}}