{"id":12606,"date":"2024-02-07T17:47:35","date_gmt":"2024-02-07T17:47:35","guid":{"rendered":"https:\/\/www.molanoige.com\/product\/snag-pack-3-2\/"},"modified":"2026-03-04T19:38:15","modified_gmt":"2026-03-04T19:38:15","slug":"snag-pack-3-2","status":"publish","type":"product","link":"https:\/\/www.molanoige.com\/ga\/product\/snag-pack-3-2\/","title":{"rendered":"PACA DUAIS SNAG"},"content":{"rendered":"<p>Pac\u00e1iste luach saothair iontach do SNAG<\/p>\n<p>100 x gream\u00e1in Ghaelacha<\/p>\n<p>12 x scrios\u00e1in mh\u00f3ra r\u00e9alta emoji<\/p>\n<p>12 x measc\u00e1n de pheann luaidhe Ghaelacha (Ar Fheabhas, Gaeilgeoir na Seachtaine, An Mhaith, Comhghairdeas, T\u00e1 mo Mh\u00fainteoir s\u00e1sta liom, Go Hiontach)<\/p>\n<p>10 x leabharmharcanna Ghaelacha<\/p>\n<p>M\u00e1 bh\u00edonn earra amh\u00e1in as stoc, cuirfear earra cos\u00fail leis den luach c\u00e9anna leis<\/p>\n","protected":false},"excerpt":{"rendered":"<p>Pac\u00e1iste luach saothair iontach do SNAG 100 x gream\u00e1in Ghaelacha 12 x scrios\u00e1in mh\u00f3ra r\u00e9alta emoji 12 x measc\u00e1n de pheann luaidhe Ghaelacha (Ar Fheabhas, Gaeilgeoir na Seachtaine, An Mhaith, Comhghairdeas, T\u00e1 mo Mh\u00fainteoir s\u00e1sta liom, Go Hiontach) 10 x leabharmharcanna Ghaelacha M\u00e1 bh\u00edonn earra amh\u00e1in as stoc, cuirfear earra cos\u00fail leis den luach c\u00e9anna [&hellip;]<\/p>\n","protected":false},"featured_media":12607,"comment_status":"open","ping_status":"closed","template":"","meta":{"_exactmetrics_skip_tracking":false,"_exactmetrics_sitenote_active":false,"_exactmetrics_sitenote_note":"","_exactmetrics_sitenote_category":0,"site-sidebar-layout":"default","site-content-layout":"default","ast-site-content-layout":"default","site-content-style":"default","site-sidebar-style":"default","ast-global-header-display":"","ast-banner-title-visibility":"","ast-main-header-display":"","ast-hfb-above-header-display":"","ast-hfb-below-header-display":"","ast-hfb-mobile-header-display":"","site-post-title":"","ast-breadcrumbs-content":"","ast-featured-img":"","footer-sml-layout":"","theme-transparent-header-meta":"default","adv-header-id-meta":"","stick-header-meta":"","header-above-stick-meta":"","header-main-stick-meta":"","header-below-stick-meta":"","astra-migrate-meta-layouts":"set","ast-page-background-enabled":"default","ast-page-background-meta":{"desktop":{"background-color":"","background-image":"","background-repeat":"repeat","background-position":"center center","background-size":"auto","background-attachment":"scroll","background-type":"","background-media":"","overlay-type":"","overlay-color":"","overlay-opacity":"","overlay-gradient":""},"tablet":{"background-color":"","background-image":"","background-repeat":"repeat","background-position":"center center","background-size":"auto","background-attachment":"scroll","background-type":"","background-media":"","overlay-type":"","overlay-color":"","overlay-opacity":"","overlay-gradient":""},"mobile":{"background-color":"","background-image":"","background-repeat":"repeat","background-position":"center center","background-size":"auto","background-attachment":"scroll","background-type":"","background-media":"","overlay-type":"","overlay-color":"","overlay-opacity":"","overlay-gradient":""}},"ast-content-background-meta":{"desktop":{"background-color":"var(--ast-global-color-5)","background-image":"","background-repeat":"repeat","background-position":"center center","background-size":"auto","background-attachment":"scroll","background-type":"","background-media":"","overlay-type":"","overlay-color":"","overlay-opacity":"","overlay-gradient":""},"tablet":{"background-color":"var(--ast-global-color-5)","background-image":"","background-repeat":"repeat","background-position":"center center","background-size":"auto","background-attachment":"scroll","background-type":"","background-media":"","overlay-type":"","overlay-color":"","overlay-opacity":"","overlay-gradient":""},"mobile":{"background-color":"var(--ast-global-color-5)","background-image":"","background-repeat":"repeat","background-position":"center center","background-size":"auto","background-attachment":"scroll","background-type":"","background-media":"","overlay-type":"","overlay-color":"","overlay-opacity":"","overlay-gradient":""}}},"product_brand":[],"product_cat":[794,822],"product_tag":[945,796,797],"class_list":{"0":"post-12606","1":"product","2":"type-product","3":"status-publish","4":"has-post-thumbnail","6":"product_cat-pacai-snag","7":"product_cat-seachtain-na-gaeilge","8":"product_tag-gaeilgeoir-na-seachtaine","9":"product_tag-seachtain-na-gaeilge","10":"product_tag-snag","11":"desktop-align-left","12":"tablet-align-left","13":"mobile-align-left","15":"first","16":"outofstock","17":"featured","18":"shipping-taxable","19":"purchasable","20":"product-type-simple"},"_links":{"self":[{"href":"https:\/\/www.molanoige.com\/ga\/wp-json\/wp\/v2\/product\/12606","targetHints":{"allow":["GET"]}}],"collection":[{"href":"https:\/\/www.molanoige.com\/ga\/wp-json\/wp\/v2\/product"}],"about":[{"href":"https:\/\/www.molanoige.com\/ga\/wp-json\/wp\/v2\/types\/product"}],"replies":[{"embeddable":true,"href":"https:\/\/www.molanoige.com\/ga\/wp-json\/wp\/v2\/comments?post=12606"}],"wp:featuredmedia":[{"embeddable":true,"href":"https:\/\/www.molanoige.com\/ga\/wp-json\/wp\/v2\/media\/12607"}],"wp:attachment":[{"href":"https:\/\/www.molanoige.com\/ga\/wp-json\/wp\/v2\/media?parent=12606"}],"wp:term":[{"taxonomy":"product_brand","embeddable":true,"href":"https:\/\/www.molanoige.com\/ga\/wp-json\/wp\/v2\/product_brand?post=12606"},{"taxonomy":"product_cat","embeddable":true,"href":"https:\/\/www.molanoige.com\/ga\/wp-json\/wp\/v2\/product_cat?post=12606"},{"taxonomy":"product_tag","embeddable":true,"href":"https:\/\/www.molanoige.com\/ga\/wp-json\/wp\/v2\/product_tag?post=12606"}],"curies":[{"name":"wp","href":"https:\/\/api.w.org\/{rel}","templated":true}]}}