{"id":12595,"date":"2024-02-25T15:55:57","date_gmt":"2024-02-25T15:55:57","guid":{"rendered":"https:\/\/www.molanoige.com\/product\/11047\/"},"modified":"2026-02-02T18:14:09","modified_gmt":"2026-02-02T18:14:09","slug":"11047","status":"publish","type":"product","link":"https:\/\/www.molanoige.com\/ga\/product\/11047\/","title":{"rendered":"Scrios\u00e1in Puzail Ainmhithe Mara"},"content":{"rendered":"<p>Tum isteach i ndomhan spraoi scriosta len\u00e1r Sraith de 5 scrios\u00e1n puzail gleoite! T\u00e1 gach scrios\u00e1n sa bhaili\u00fach\u00e1n taitneamhach seo m\u00fanlaithe cos\u00fail le cr\u00e9at\u00far mara gr\u00e1, rud a chuireann beag\u00e1n dra\u00edocht le do bhaili\u00fach\u00e1n st\u00e1isean\u00f3ireachta. <\/p>\n<p>Le c\u00faig dhearadh spra\u00ed\u00fala le roghn\u00fa astu: deilf, r\u00f3n, peingean, m\u00edol m\u00f3r, agus iasc \u2013 n\u00ed raibh scriosadh bot\u00fain n\u00edos taitneamha\u00ed riamh. N\u00ed hamh\u00e1in chun earr\u00e1id\u00ed a cheart\u00fa at\u00e1 na scrios\u00e1in puzail seo; is foinse siamsa\u00edochta gan teorainn iad freisin agus t\u00fa ag c\u00f3ime\u00e1il agus ag d\u00edch\u00f3ime\u00e1il iad ar\u00eds agus ar\u00eds eile. <\/p>\n<p>Ceardaithe le haird ar mhionsonra\u00ed, t\u00e1 na scrios\u00e1in puzail cr\u00e9at\u00fair mhara seo chomh gleoite agus at\u00e1 siad feidhmi\u00fail. D\u00e9anta as \u00e1bhair ardchaighde\u00e1in, sol\u00e1thra\u00edonn siad taith\u00ed scriosta r\u00e9idh agus beacht, ag cinnti\u00fa go n-im\u00edonn gach marc peann luaidhe go h\u00e9asca. <\/p>\n<p>Foirfe do ph\u00e1ist\u00ed, do mhic l\u00e9inn, agus d\u2019aon duine ar bre\u00e1 leo st\u00e1isean\u00f3ireacht whimsical, t\u00e1 an tsraith scrios\u00e1in puzail seo oiri\u00fanach le h\u00fas\u00e1id ar scoil, sa bhaile, n\u00f3 san oifig. D\u00e9anann siad fabhair ph\u00e1irt\u00ed iontacha freisin, l\u00edont\u00f3ir\u00ed stoca\u00ed, n\u00f3 bronntanais do dh\u00edograiseoir\u00ed beatha mara de gach aois. <\/p>\n<p>Cuir teagmh\u00e1il de dhra\u00edocht uisceach le do ghn\u00e1thamh scriosta len\u00e1r Sraith de 5 scrios\u00e1n puzail spra\u00ed\u00fala. Lig do chruthaitheacht sn\u00e1mh saor agus t\u00fa ag dul ar eachtra scriosta leis na cr\u00e9at\u00fair mhara gleoite seo le do thaobh! <\/p>\n<p>Sraith de 5 scrios\u00e1n m\u00f3r.<\/p>\n","protected":false},"excerpt":{"rendered":"<p>Tum isteach i ndomhan spraoi scriosta len\u00e1r Sraith de 5 scrios\u00e1n puzail gleoite! T\u00e1 gach scrios\u00e1n sa bhaili\u00fach\u00e1n taitneamhach seo m\u00fanlaithe cos\u00fail le cr\u00e9at\u00far mara gr\u00e1, rud a chuireann beag\u00e1n dra\u00edocht le do bhaili\u00fach\u00e1n st\u00e1isean\u00f3ireachta. Le c\u00faig dhearadh spra\u00ed\u00fala le roghn\u00fa astu: deilf, r\u00f3n, peingean, m\u00edol m\u00f3r, agus iasc \u2013 n\u00ed raibh scriosadh bot\u00fain n\u00edos [&hellip;]<\/p>\n","protected":false},"featured_media":12596,"comment_status":"open","ping_status":"closed","template":"","meta":{"_exactmetrics_skip_tracking":false,"_exactmetrics_sitenote_active":false,"_exactmetrics_sitenote_note":"","_exactmetrics_sitenote_category":0,"site-sidebar-layout":"default","site-content-layout":"default","ast-site-content-layout":"default","site-content-style":"default","site-sidebar-style":"default","ast-global-header-display":"","ast-banner-title-visibility":"","ast-main-header-display":"","ast-hfb-above-header-display":"","ast-hfb-below-header-display":"","ast-hfb-mobile-header-display":"","site-post-title":"","ast-breadcrumbs-content":"","ast-featured-img":"","footer-sml-layout":"","theme-transparent-header-meta":"default","adv-header-id-meta":"","stick-header-meta":"","header-above-stick-meta":"","header-main-stick-meta":"","header-below-stick-meta":"","astra-migrate-meta-layouts":"default","ast-page-background-enabled":"default","ast-page-background-meta":{"desktop":{"background-color":"","background-image":"","background-repeat":"repeat","background-position":"center center","background-size":"auto","background-attachment":"scroll","background-type":"","background-media":"","overlay-type":"","overlay-color":"","overlay-opacity":"","overlay-gradient":""},"tablet":{"background-color":"","background-image":"","background-repeat":"repeat","background-position":"center center","background-size":"auto","background-attachment":"scroll","background-type":"","background-media":"","overlay-type":"","overlay-color":"","overlay-opacity":"","overlay-gradient":""},"mobile":{"background-color":"","background-image":"","background-repeat":"repeat","background-position":"center center","background-size":"auto","background-attachment":"scroll","background-type":"","background-media":"","overlay-type":"","overlay-color":"","overlay-opacity":"","overlay-gradient":""}},"ast-content-background-meta":{"desktop":{"background-color":"var(--ast-global-color-5)","background-image":"","background-repeat":"repeat","background-position":"center center","background-size":"auto","background-attachment":"scroll","background-type":"","background-media":"","overlay-type":"","overlay-color":"","overlay-opacity":"","overlay-gradient":""},"tablet":{"background-color":"var(--ast-global-color-5)","background-image":"","background-repeat":"repeat","background-position":"center center","background-size":"auto","background-attachment":"scroll","background-type":"","background-media":"","overlay-type":"","overlay-color":"","overlay-opacity":"","overlay-gradient":""},"mobile":{"background-color":"var(--ast-global-color-5)","background-image":"","background-repeat":"repeat","background-position":"center center","background-size":"auto","background-attachment":"scroll","background-type":"","background-media":"","overlay-type":"","overlay-color":"","overlay-opacity":"","overlay-gradient":""}}},"product_brand":[],"product_cat":[799,798],"product_tag":[931,941,942,943],"class_list":{"0":"post-12595","1":"product","2":"type-product","3":"status-publish","4":"has-post-thumbnail","6":"product_cat-bronntanais-duaiseanna","7":"product_cat-erasers","8":"product_tag-erasers","9":"product_tag-penguin","10":"product_tag-sea-animals","11":"product_tag-shark","12":"desktop-align-left","13":"tablet-align-left","14":"mobile-align-left","16":"first","17":"instock","18":"shipping-taxable","19":"purchasable","20":"product-type-simple"},"_links":{"self":[{"href":"https:\/\/www.molanoige.com\/ga\/wp-json\/wp\/v2\/product\/12595","targetHints":{"allow":["GET"]}}],"collection":[{"href":"https:\/\/www.molanoige.com\/ga\/wp-json\/wp\/v2\/product"}],"about":[{"href":"https:\/\/www.molanoige.com\/ga\/wp-json\/wp\/v2\/types\/product"}],"replies":[{"embeddable":true,"href":"https:\/\/www.molanoige.com\/ga\/wp-json\/wp\/v2\/comments?post=12595"}],"wp:featuredmedia":[{"embeddable":true,"href":"https:\/\/www.molanoige.com\/ga\/wp-json\/wp\/v2\/media\/12596"}],"wp:attachment":[{"href":"https:\/\/www.molanoige.com\/ga\/wp-json\/wp\/v2\/media?parent=12595"}],"wp:term":[{"taxonomy":"product_brand","embeddable":true,"href":"https:\/\/www.molanoige.com\/ga\/wp-json\/wp\/v2\/product_brand?post=12595"},{"taxonomy":"product_cat","embeddable":true,"href":"https:\/\/www.molanoige.com\/ga\/wp-json\/wp\/v2\/product_cat?post=12595"},{"taxonomy":"product_tag","embeddable":true,"href":"https:\/\/www.molanoige.com\/ga\/wp-json\/wp\/v2\/product_tag?post=12595"}],"curies":[{"name":"wp","href":"https:\/\/api.w.org\/{rel}","templated":true}]}}