{"id":12590,"date":"2024-06-20T17:44:33","date_gmt":"2024-06-20T17:44:33","guid":{"rendered":"https:\/\/www.molanoige.com\/product\/motivational-reward-stickers\/"},"modified":"2026-02-02T18:14:09","modified_gmt":"2026-02-02T18:14:09","slug":"motivational-reward-stickers","status":"publish","type":"product","link":"https:\/\/www.molanoige.com\/ga\/product\/motivational-reward-stickers\/","title":{"rendered":"Gream\u00e1in Luach Saothair Spreag\u00fala"},"content":{"rendered":"<p>100 gream\u00e1n chun do scol\u00e1ir\u00ed a spreagadh agus luach saothair a thabhairt d\u00f3ibh <\/p>\n<p>Obair iontach <\/p>\n<p>Dea-obair <\/p>\n<p>\u00d3, a Dhia <\/p>\n<p>S\u00e1r-r\u00e9alta <\/p>\n<p>Iontach<\/p>\n","protected":false},"excerpt":{"rendered":"<p>100 gream\u00e1n chun do scol\u00e1ir\u00ed a spreagadh agus luach saothair a thabhairt d\u00f3ibh Obair iontach Dea-obair \u00d3, a Dhia S\u00e1r-r\u00e9alta Iontach<\/p>\n","protected":false},"featured_media":12592,"comment_status":"open","ping_status":"closed","template":"","meta":{"_exactmetrics_skip_tracking":false,"_exactmetrics_sitenote_active":false,"_exactmetrics_sitenote_note":"","_exactmetrics_sitenote_category":0,"site-sidebar-layout":"default","site-content-layout":"default","ast-site-content-layout":"default","site-content-style":"default","site-sidebar-style":"default","ast-global-header-display":"","ast-banner-title-visibility":"","ast-main-header-display":"","ast-hfb-above-header-display":"","ast-hfb-below-header-display":"","ast-hfb-mobile-header-display":"","site-post-title":"","ast-breadcrumbs-content":"","ast-featured-img":"","footer-sml-layout":"","theme-transparent-header-meta":"default","adv-header-id-meta":"","stick-header-meta":"","header-above-stick-meta":"","header-main-stick-meta":"","header-below-stick-meta":"","astra-migrate-meta-layouts":"default","ast-page-background-enabled":"default","ast-page-background-meta":{"desktop":{"background-color":"","background-image":"","background-repeat":"repeat","background-position":"center center","background-size":"auto","background-attachment":"scroll","background-type":"","background-media":"","overlay-type":"","overlay-color":"","overlay-opacity":"","overlay-gradient":""},"tablet":{"background-color":"","background-image":"","background-repeat":"repeat","background-position":"center center","background-size":"auto","background-attachment":"scroll","background-type":"","background-media":"","overlay-type":"","overlay-color":"","overlay-opacity":"","overlay-gradient":""},"mobile":{"background-color":"","background-image":"","background-repeat":"repeat","background-position":"center center","background-size":"auto","background-attachment":"scroll","background-type":"","background-media":"","overlay-type":"","overlay-color":"","overlay-opacity":"","overlay-gradient":""}},"ast-content-background-meta":{"desktop":{"background-color":"var(--ast-global-color-5)","background-image":"","background-repeat":"repeat","background-position":"center center","background-size":"auto","background-attachment":"scroll","background-type":"","background-media":"","overlay-type":"","overlay-color":"","overlay-opacity":"","overlay-gradient":""},"tablet":{"background-color":"var(--ast-global-color-5)","background-image":"","background-repeat":"repeat","background-position":"center center","background-size":"auto","background-attachment":"scroll","background-type":"","background-media":"","overlay-type":"","overlay-color":"","overlay-opacity":"","overlay-gradient":""},"mobile":{"background-color":"var(--ast-global-color-5)","background-image":"","background-repeat":"repeat","background-position":"center center","background-size":"auto","background-attachment":"scroll","background-type":"","background-media":"","overlay-type":"","overlay-color":"","overlay-opacity":"","overlay-gradient":""}}},"product_brand":[],"product_cat":[837],"product_tag":[934,935,936,937,938],"class_list":{"0":"post-12590","1":"product","2":"type-product","3":"status-publish","4":"has-post-thumbnail","6":"product_cat-greamain-2","7":"product_tag-cheap-stickers","8":"product_tag-motivational","9":"product_tag-pupil-rewards","10":"product_tag-student","11":"product_tag-teacher-resources","12":"desktop-align-left","13":"tablet-align-left","14":"mobile-align-left","16":"first","17":"instock","18":"shipping-taxable","19":"purchasable","20":"product-type-simple"},"_links":{"self":[{"href":"https:\/\/www.molanoige.com\/ga\/wp-json\/wp\/v2\/product\/12590","targetHints":{"allow":["GET"]}}],"collection":[{"href":"https:\/\/www.molanoige.com\/ga\/wp-json\/wp\/v2\/product"}],"about":[{"href":"https:\/\/www.molanoige.com\/ga\/wp-json\/wp\/v2\/types\/product"}],"replies":[{"embeddable":true,"href":"https:\/\/www.molanoige.com\/ga\/wp-json\/wp\/v2\/comments?post=12590"}],"wp:featuredmedia":[{"embeddable":true,"href":"https:\/\/www.molanoige.com\/ga\/wp-json\/wp\/v2\/media\/12592"}],"wp:attachment":[{"href":"https:\/\/www.molanoige.com\/ga\/wp-json\/wp\/v2\/media?parent=12590"}],"wp:term":[{"taxonomy":"product_brand","embeddable":true,"href":"https:\/\/www.molanoige.com\/ga\/wp-json\/wp\/v2\/product_brand?post=12590"},{"taxonomy":"product_cat","embeddable":true,"href":"https:\/\/www.molanoige.com\/ga\/wp-json\/wp\/v2\/product_cat?post=12590"},{"taxonomy":"product_tag","embeddable":true,"href":"https:\/\/www.molanoige.com\/ga\/wp-json\/wp\/v2\/product_tag?post=12590"}],"curies":[{"name":"wp","href":"https:\/\/api.w.org\/{rel}","templated":true}]}}