{"id":12586,"date":"2024-09-20T16:09:46","date_gmt":"2024-09-20T16:09:46","guid":{"rendered":"https:\/\/www.molanoige.com\/product\/teastais-breithla-sona-duit-irish-happy-birthday-certificates\/"},"modified":"2026-02-02T18:14:08","modified_gmt":"2026-02-02T18:14:08","slug":"teastais-breithla-sona-duit-irish-happy-birthday-certificates","status":"publish","type":"product","link":"https:\/\/www.molanoige.com\/ga\/product\/teastais-breithla-sona-duit-irish-happy-birthday-certificates\/","title":{"rendered":"Teastais \u201cBreithl\u00e1 Sona Duit!\u201d"},"content":{"rendered":"<p>D\u00e9an breithl\u00e1 do mhic l\u00e9inn thar a bheith speisialta le Teastas saincheaptha \u201cHappy Birthday\u201d \u00f3na m\u00fainteoir! Is \u00e9 an teastas \u00e1lainn seo an bealach iontach chun a l\u00e1 m\u00f3r a cheili\u00faradh agus a chur in i\u00fal d\u00f3ibh c\u00e9 chomh m\u00f3r is at\u00e1 meas orthu. Le dathanna geala, suaimhneacha agus deara\u00ed spra\u00ed\u00fala, t\u00e1 teachtaireacht phearsanta \u00f3n m\u00fainteoir ann chun go mbraitheann an buachaill n\u00f3 an cail\u00edn breithl\u00e1 f\u00edor-uath\u00fail. <\/p>\n<p>Foirfe do mhic l\u00e9inn de gach aois, is f\u00e9idir an cuimhneach\u00e1n seo a thaispe\u00e1int go br\u00f3d\u00fail sa seomra ranga n\u00f3 a thabhairt abhaile mar chuimhne luachmhar. Oiri\u00fanach chun timpeallacht dhearfach ranga a choth\u00fa agus chun caidrimh l\u00e1idre idir m\u00fainteoir agus mac l\u00e9inn a th\u00f3g\u00e1il. <\/p>\n<ul>\n<li> <strong>Inoiri\u00fanaithe<\/strong> : Cuir ainm an mhic l\u00e9inn agus teachtaireacht speisialta breithl\u00e1 leis<\/li>\n<li> <strong>Dearadh Beoga<\/strong> : Dathanna tarraingteacha agus l\u00e9ar\u00e1id\u00ed spra\u00ed\u00fala<\/li>\n<li> <strong>Prionta Ardchaighde\u00e1in<\/strong> : Priont\u00e1ilte ar chairtph\u00e1ip\u00e9ar buan<\/li>\n<li> <strong>M\u00e9id Foirfe<\/strong> : 8.5[[[C1]]]<\/li>\n<li> <strong>Iontach do Gach Aois<\/strong> : Oiri\u00fanach do dhalta\u00ed bunscoile go me\u00e1nscoile<\/li>\n<\/ul>\n<p> Ceili\u00faradh l\u00e1 speisialta do mhic l\u00e9inn ar bhealach a mbeidh cuimhne acu air go deo! 20 teastas A5 in aghaidh an phac\u00e1iste.<\/p>\n","protected":false},"excerpt":{"rendered":"<p>D\u00e9an breithl\u00e1 do mhic l\u00e9inn thar a bheith speisialta le Teastas saincheaptha \u201cHappy Birthday\u201d \u00f3na m\u00fainteoir! Is \u00e9 an teastas \u00e1lainn seo an bealach iontach chun a l\u00e1 m\u00f3r a cheili\u00faradh agus a chur in i\u00fal d\u00f3ibh c\u00e9 chomh m\u00f3r is at\u00e1 meas orthu. Le dathanna geala, suaimhneacha agus deara\u00ed spra\u00ed\u00fala, t\u00e1 teachtaireacht phearsanta \u00f3n [&hellip;]<\/p>\n","protected":false},"featured_media":12587,"comment_status":"open","ping_status":"closed","template":"","meta":{"_exactmetrics_skip_tracking":false,"_exactmetrics_sitenote_active":false,"_exactmetrics_sitenote_note":"","_exactmetrics_sitenote_category":0,"site-sidebar-layout":"default","site-content-layout":"default","ast-site-content-layout":"default","site-content-style":"default","site-sidebar-style":"default","ast-global-header-display":"","ast-banner-title-visibility":"","ast-main-header-display":"","ast-hfb-above-header-display":"","ast-hfb-below-header-display":"","ast-hfb-mobile-header-display":"","site-post-title":"","ast-breadcrumbs-content":"","ast-featured-img":"","footer-sml-layout":"","theme-transparent-header-meta":"default","adv-header-id-meta":"","stick-header-meta":"","header-above-stick-meta":"","header-main-stick-meta":"","header-below-stick-meta":"","astra-migrate-meta-layouts":"default","ast-page-background-enabled":"default","ast-page-background-meta":{"desktop":{"background-color":"","background-image":"","background-repeat":"repeat","background-position":"center center","background-size":"auto","background-attachment":"scroll","background-type":"","background-media":"","overlay-type":"","overlay-color":"","overlay-opacity":"","overlay-gradient":""},"tablet":{"background-color":"","background-image":"","background-repeat":"repeat","background-position":"center center","background-size":"auto","background-attachment":"scroll","background-type":"","background-media":"","overlay-type":"","overlay-color":"","overlay-opacity":"","overlay-gradient":""},"mobile":{"background-color":"","background-image":"","background-repeat":"repeat","background-position":"center center","background-size":"auto","background-attachment":"scroll","background-type":"","background-media":"","overlay-type":"","overlay-color":"","overlay-opacity":"","overlay-gradient":""}},"ast-content-background-meta":{"desktop":{"background-color":"var(--ast-global-color-5)","background-image":"","background-repeat":"repeat","background-position":"center center","background-size":"auto","background-attachment":"scroll","background-type":"","background-media":"","overlay-type":"","overlay-color":"","overlay-opacity":"","overlay-gradient":""},"tablet":{"background-color":"var(--ast-global-color-5)","background-image":"","background-repeat":"repeat","background-position":"center center","background-size":"auto","background-attachment":"scroll","background-type":"","background-media":"","overlay-type":"","overlay-color":"","overlay-opacity":"","overlay-gradient":""},"mobile":{"background-color":"var(--ast-global-color-5)","background-image":"","background-repeat":"repeat","background-position":"center center","background-size":"auto","background-attachment":"scroll","background-type":"","background-media":"","overlay-type":"","overlay-color":"","overlay-opacity":"","overlay-gradient":""}}},"product_brand":[],"product_cat":[793,805,807,829],"product_tag":[],"class_list":{"0":"post-12586","1":"product","2":"type-product","3":"status-publish","4":"has-post-thumbnail","6":"product_cat-gaeilge","7":"product_cat-certificates","8":"product_cat-teastais-gaeilge","9":"product_cat-breithla","10":"desktop-align-left","11":"tablet-align-left","12":"mobile-align-left","14":"first","15":"instock","16":"shipping-taxable","17":"purchasable","18":"product-type-simple"},"_links":{"self":[{"href":"https:\/\/www.molanoige.com\/ga\/wp-json\/wp\/v2\/product\/12586","targetHints":{"allow":["GET"]}}],"collection":[{"href":"https:\/\/www.molanoige.com\/ga\/wp-json\/wp\/v2\/product"}],"about":[{"href":"https:\/\/www.molanoige.com\/ga\/wp-json\/wp\/v2\/types\/product"}],"replies":[{"embeddable":true,"href":"https:\/\/www.molanoige.com\/ga\/wp-json\/wp\/v2\/comments?post=12586"}],"wp:featuredmedia":[{"embeddable":true,"href":"https:\/\/www.molanoige.com\/ga\/wp-json\/wp\/v2\/media\/12587"}],"wp:attachment":[{"href":"https:\/\/www.molanoige.com\/ga\/wp-json\/wp\/v2\/media?parent=12586"}],"wp:term":[{"taxonomy":"product_brand","embeddable":true,"href":"https:\/\/www.molanoige.com\/ga\/wp-json\/wp\/v2\/product_brand?post=12586"},{"taxonomy":"product_cat","embeddable":true,"href":"https:\/\/www.molanoige.com\/ga\/wp-json\/wp\/v2\/product_cat?post=12586"},{"taxonomy":"product_tag","embeddable":true,"href":"https:\/\/www.molanoige.com\/ga\/wp-json\/wp\/v2\/product_tag?post=12586"}],"curies":[{"name":"wp","href":"https:\/\/api.w.org\/{rel}","templated":true}]}}