{"id":12567,"date":"2025-09-29T18:07:48","date_gmt":"2025-09-29T18:07:48","guid":{"rendered":"https:\/\/www.molanoige.com\/product\/halloween-bone-pens-science\/"},"modified":"2026-02-02T18:14:07","modified_gmt":"2026-02-02T18:14:07","slug":"halloween-bone-pens-science","status":"publish","type":"product","link":"https:\/\/www.molanoige.com\/ga\/product\/halloween-bone-pens-science\/","title":{"rendered":"Eola\u00edocht Peann Cn\u00e1mh O\u00edche Shamhna"},"content":{"rendered":"<p>5 x peann <\/p>\n<p>1 de gach cine\u00e1l cn\u00e1mh <\/p>\n<p>Tomhaiseann gach peann O\u00edche Shamhna 5.7 orlach\/14.5 cm ar fhad, mar an gc\u00e9anna le peann rialta, rud a fh\u00e1gann go bhfuil siad compordach le sealbh\u00fa agus oiri\u00fanach le haghaidh scr\u00edbhneoireachta. Bain sult as an dearadh \u00farnua gan praitici\u00falacht agus \u00e9asca\u00edocht \u00fas\u00e1ide a \u00edobairt. <\/p>\n<p>D\u00e9anta as plaisteach marthanach, neamh-tocsaineach, t\u00e1 na pinn seo marthanach agus s\u00e1bh\u00e1ilte le h\u00fas\u00e1id. Scr\u00edobhann gach peann go r\u00e9idh agus go hiontaofa i nd\u00fach DUBH <\/p>\n<p>Foirfe do Mh\u00e1la\u00ed Bronntanais agus do Ch\u00f3ire\u00e1lacha: Is l\u00edont\u00f3ir\u00ed m\u00e1la\u00ed bronntanais O\u00edche Shamhna den scoth iad na pinn chn\u00e1mh seo. Cuir iontas ar do thaibhs\u00ed agus do ghobl\u00e1in bheaga leis na c\u00f3ireanna spra\u00ed\u00fala agus feidhmi\u00fala seo at\u00e1 oiri\u00fanach do ch\u00f3isir\u00ed scoile,<\/p>\n","protected":false},"excerpt":{"rendered":"<p>5 x peann 1 de gach cine\u00e1l cn\u00e1mh Tomhaiseann gach peann O\u00edche Shamhna 5.7 orlach\/14.5 cm ar fhad, mar an gc\u00e9anna le peann rialta, rud a fh\u00e1gann go bhfuil siad compordach le sealbh\u00fa agus oiri\u00fanach le haghaidh scr\u00edbhneoireachta. Bain sult as an dearadh \u00farnua gan praitici\u00falacht agus \u00e9asca\u00edocht \u00fas\u00e1ide a \u00edobairt. D\u00e9anta as plaisteach marthanach, [&hellip;]<\/p>\n","protected":false},"featured_media":12568,"comment_status":"open","ping_status":"closed","template":"","meta":{"_exactmetrics_skip_tracking":false,"_exactmetrics_sitenote_active":false,"_exactmetrics_sitenote_note":"","_exactmetrics_sitenote_category":0,"site-sidebar-layout":"default","site-content-layout":"","ast-site-content-layout":"default","site-content-style":"default","site-sidebar-style":"default","ast-global-header-display":"","ast-banner-title-visibility":"","ast-main-header-display":"","ast-hfb-above-header-display":"","ast-hfb-below-header-display":"","ast-hfb-mobile-header-display":"","site-post-title":"","ast-breadcrumbs-content":"","ast-featured-img":"","footer-sml-layout":"","theme-transparent-header-meta":"default","adv-header-id-meta":"","stick-header-meta":"","header-above-stick-meta":"","header-main-stick-meta":"","header-below-stick-meta":"","astra-migrate-meta-layouts":"default","ast-page-background-enabled":"default","ast-page-background-meta":{"desktop":{"background-color":"","background-image":"","background-repeat":"repeat","background-position":"center center","background-size":"auto","background-attachment":"scroll","background-type":"","background-media":"","overlay-type":"","overlay-color":"","overlay-opacity":"","overlay-gradient":""},"tablet":{"background-color":"","background-image":"","background-repeat":"repeat","background-position":"center center","background-size":"auto","background-attachment":"scroll","background-type":"","background-media":"","overlay-type":"","overlay-color":"","overlay-opacity":"","overlay-gradient":""},"mobile":{"background-color":"","background-image":"","background-repeat":"repeat","background-position":"center center","background-size":"auto","background-attachment":"scroll","background-type":"","background-media":"","overlay-type":"","overlay-color":"","overlay-opacity":"","overlay-gradient":""}},"ast-content-background-meta":{"desktop":{"background-color":"var(--ast-global-color-5)","background-image":"","background-repeat":"repeat","background-position":"center center","background-size":"auto","background-attachment":"scroll","background-type":"","background-media":"","overlay-type":"","overlay-color":"","overlay-opacity":"","overlay-gradient":""},"tablet":{"background-color":"var(--ast-global-color-5)","background-image":"","background-repeat":"repeat","background-position":"center center","background-size":"auto","background-attachment":"scroll","background-type":"","background-media":"","overlay-type":"","overlay-color":"","overlay-opacity":"","overlay-gradient":""},"mobile":{"background-color":"var(--ast-global-color-5)","background-image":"","background-repeat":"repeat","background-position":"center center","background-size":"auto","background-attachment":"scroll","background-type":"","background-media":"","overlay-type":"","overlay-color":"","overlay-opacity":"","overlay-gradient":""}}},"product_brand":[],"product_cat":[832,820,779],"product_tag":[923,921,924,922,925],"class_list":{"0":"post-12567","1":"product","2":"type-product","3":"status-publish","4":"has-post-thumbnail","6":"product_cat-oiche-shamhna","7":"product_cat-stem","8":"product_cat-gan-aicmiu","9":"product_tag-bones","10":"product_tag-halloween","11":"product_tag-science","12":"product_tag-treat","13":"product_tag-trick","14":"desktop-align-left","15":"tablet-align-left","16":"mobile-align-left","18":"first","19":"instock","20":"shipping-taxable","21":"purchasable","22":"product-type-simple"},"_links":{"self":[{"href":"https:\/\/www.molanoige.com\/ga\/wp-json\/wp\/v2\/product\/12567","targetHints":{"allow":["GET"]}}],"collection":[{"href":"https:\/\/www.molanoige.com\/ga\/wp-json\/wp\/v2\/product"}],"about":[{"href":"https:\/\/www.molanoige.com\/ga\/wp-json\/wp\/v2\/types\/product"}],"replies":[{"embeddable":true,"href":"https:\/\/www.molanoige.com\/ga\/wp-json\/wp\/v2\/comments?post=12567"}],"wp:featuredmedia":[{"embeddable":true,"href":"https:\/\/www.molanoige.com\/ga\/wp-json\/wp\/v2\/media\/12568"}],"wp:attachment":[{"href":"https:\/\/www.molanoige.com\/ga\/wp-json\/wp\/v2\/media?parent=12567"}],"wp:term":[{"taxonomy":"product_brand","embeddable":true,"href":"https:\/\/www.molanoige.com\/ga\/wp-json\/wp\/v2\/product_brand?post=12567"},{"taxonomy":"product_cat","embeddable":true,"href":"https:\/\/www.molanoige.com\/ga\/wp-json\/wp\/v2\/product_cat?post=12567"},{"taxonomy":"product_tag","embeddable":true,"href":"https:\/\/www.molanoige.com\/ga\/wp-json\/wp\/v2\/product_tag?post=12567"}],"curies":[{"name":"wp","href":"https:\/\/api.w.org\/{rel}","templated":true}]}}