{"id":12564,"date":"2025-09-29T18:15:43","date_gmt":"2025-09-29T18:15:43","guid":{"rendered":"https:\/\/www.molanoige.com\/product\/pack-of-12-halloween-pencils\/"},"modified":"2026-02-02T18:14:06","modified_gmt":"2026-02-02T18:14:06","slug":"pack-of-12-halloween-pencils","status":"publish","type":"product","link":"https:\/\/www.molanoige.com\/ga\/product\/pack-of-12-halloween-pencils\/","title":{"rendered":"Pac\u00e1iste de 12 Peann luaidhe O\u00edche Shamhna"},"content":{"rendered":"<p>Peann luaidhe O\u00edche Shamhna i 12 phatr\u00fan O\u00edche Shamhna \u00e9ags\u00fala, lena n-\u00e1ir\u00edtear cailleacha, pumpkins, an fear grim reaper, taibhs\u00ed, damh\u00e1n alla, raic\u00e9ad, uaigh, cn\u00e1mharlach agus mummy <\/p>\n<ul class=\"a-unordered-list a-vertical a-spacing-mini\">\n<li class=\"a-spacing-mini\"> <span class=\"a-list-item\">M\u00e1la\u00ed iontacha c\u00f3isire O\u00edche Shamhna: T\u00e1 measc\u00e1n foirfe d&#39;eilimint\u00ed O\u00edche Shamhna in\u00e1r bpinn luaidhe O\u00edche Shamhna agus t\u00e1 siad foirfe chun \u00e1r bpinn luaidhe O\u00edche Shamhna a chur leis na m\u00e1la\u00ed bronntanais do ch\u00f3isir\u00ed O\u00edche Shamhna chun rogha eile milse\u00e1n a bheith acu.<\/span><\/li>\n<\/ul>\n","protected":false},"excerpt":{"rendered":"<p>Peann luaidhe O\u00edche Shamhna i 12 phatr\u00fan O\u00edche Shamhna \u00e9ags\u00fala, lena n-\u00e1ir\u00edtear cailleacha, pumpkins, an fear grim reaper, taibhs\u00ed, damh\u00e1n alla, raic\u00e9ad, uaigh, cn\u00e1mharlach agus mummy M\u00e1la\u00ed iontacha c\u00f3isire O\u00edche Shamhna: T\u00e1 measc\u00e1n foirfe d&#39;eilimint\u00ed O\u00edche Shamhna in\u00e1r bpinn luaidhe O\u00edche Shamhna agus t\u00e1 siad foirfe chun \u00e1r bpinn luaidhe O\u00edche Shamhna a chur leis [&hellip;]<\/p>\n","protected":false},"featured_media":12566,"comment_status":"open","ping_status":"closed","template":"","meta":{"_exactmetrics_skip_tracking":false,"_exactmetrics_sitenote_active":false,"_exactmetrics_sitenote_note":"","_exactmetrics_sitenote_category":0,"site-sidebar-layout":"default","site-content-layout":"","ast-site-content-layout":"default","site-content-style":"default","site-sidebar-style":"default","ast-global-header-display":"","ast-banner-title-visibility":"","ast-main-header-display":"","ast-hfb-above-header-display":"","ast-hfb-below-header-display":"","ast-hfb-mobile-header-display":"","site-post-title":"","ast-breadcrumbs-content":"","ast-featured-img":"","footer-sml-layout":"","theme-transparent-header-meta":"default","adv-header-id-meta":"","stick-header-meta":"","header-above-stick-meta":"","header-main-stick-meta":"","header-below-stick-meta":"","astra-migrate-meta-layouts":"default","ast-page-background-enabled":"default","ast-page-background-meta":{"desktop":{"background-color":"","background-image":"","background-repeat":"repeat","background-position":"center center","background-size":"auto","background-attachment":"scroll","background-type":"","background-media":"","overlay-type":"","overlay-color":"","overlay-opacity":"","overlay-gradient":""},"tablet":{"background-color":"","background-image":"","background-repeat":"repeat","background-position":"center center","background-size":"auto","background-attachment":"scroll","background-type":"","background-media":"","overlay-type":"","overlay-color":"","overlay-opacity":"","overlay-gradient":""},"mobile":{"background-color":"","background-image":"","background-repeat":"repeat","background-position":"center center","background-size":"auto","background-attachment":"scroll","background-type":"","background-media":"","overlay-type":"","overlay-color":"","overlay-opacity":"","overlay-gradient":""}},"ast-content-background-meta":{"desktop":{"background-color":"var(--ast-global-color-5)","background-image":"","background-repeat":"repeat","background-position":"center center","background-size":"auto","background-attachment":"scroll","background-type":"","background-media":"","overlay-type":"","overlay-color":"","overlay-opacity":"","overlay-gradient":""},"tablet":{"background-color":"var(--ast-global-color-5)","background-image":"","background-repeat":"repeat","background-position":"center center","background-size":"auto","background-attachment":"scroll","background-type":"","background-media":"","overlay-type":"","overlay-color":"","overlay-opacity":"","overlay-gradient":""},"mobile":{"background-color":"var(--ast-global-color-5)","background-image":"","background-repeat":"repeat","background-position":"center center","background-size":"auto","background-attachment":"scroll","background-type":"","background-media":"","overlay-type":"","overlay-color":"","overlay-opacity":"","overlay-gradient":""}}},"product_brand":[],"product_cat":[832,813,779],"product_tag":[921,922],"class_list":{"0":"post-12564","1":"product","2":"type-product","3":"status-publish","4":"has-post-thumbnail","6":"product_cat-oiche-shamhna","7":"product_cat-peannluaidhe","8":"product_cat-gan-aicmiu","9":"product_tag-halloween","10":"product_tag-treat","11":"desktop-align-left","12":"tablet-align-left","13":"mobile-align-left","15":"first","16":"instock","17":"shipping-taxable","18":"purchasable","19":"product-type-simple"},"_links":{"self":[{"href":"https:\/\/www.molanoige.com\/ga\/wp-json\/wp\/v2\/product\/12564","targetHints":{"allow":["GET"]}}],"collection":[{"href":"https:\/\/www.molanoige.com\/ga\/wp-json\/wp\/v2\/product"}],"about":[{"href":"https:\/\/www.molanoige.com\/ga\/wp-json\/wp\/v2\/types\/product"}],"replies":[{"embeddable":true,"href":"https:\/\/www.molanoige.com\/ga\/wp-json\/wp\/v2\/comments?post=12564"}],"wp:featuredmedia":[{"embeddable":true,"href":"https:\/\/www.molanoige.com\/ga\/wp-json\/wp\/v2\/media\/12566"}],"wp:attachment":[{"href":"https:\/\/www.molanoige.com\/ga\/wp-json\/wp\/v2\/media?parent=12564"}],"wp:term":[{"taxonomy":"product_brand","embeddable":true,"href":"https:\/\/www.molanoige.com\/ga\/wp-json\/wp\/v2\/product_brand?post=12564"},{"taxonomy":"product_cat","embeddable":true,"href":"https:\/\/www.molanoige.com\/ga\/wp-json\/wp\/v2\/product_cat?post=12564"},{"taxonomy":"product_tag","embeddable":true,"href":"https:\/\/www.molanoige.com\/ga\/wp-json\/wp\/v2\/product_tag?post=12564"}],"curies":[{"name":"wp","href":"https:\/\/api.w.org\/{rel}","templated":true}]}}