{"id":12559,"date":"2025-11-05T17:04:16","date_gmt":"2025-11-05T17:04:16","guid":{"rendered":"https:\/\/www.molanoige.com\/product\/pen-licence-certificates\/"},"modified":"2026-02-02T18:14:06","modified_gmt":"2026-02-02T18:14:06","slug":"pen-licence-certificates","status":"publish","type":"product","link":"https:\/\/www.molanoige.com\/ga\/product\/pen-licence-certificates\/","title":{"rendered":"Deimhnithe Cead\u00fanais Peann"},"content":{"rendered":"<p data-start=\"192\" data-end=\"417\">Ceili\u00fair rath l\u00e1mhscr\u00edbhneoireachta i st\u00edl len\u00e1r <strong data-start=\"248\" data-end=\"276\">dTeastais Chead\u00fanais Peann<\/strong> beoga! Foirfe do sheomra\u00ed ranga, aithn\u00edonn na teastais spra\u00ed\u00fala agus ildaite seo \u00e9acht na ndalta\u00ed maidir le l\u00e1mhscr\u00edbhneoireacht n\u00e9ata agus mhuin\u00edneach a mh\u00e1istir.<\/p>\n<p data-start=\"419\" data-end=\"676\"> T\u00e1 dearadh geal tarraingteach ar gach teastas A5 agus sp\u00e1s ann chun sonra\u00ed pearsanta a chur air, lena n-\u00e1ir\u00edtear ainm an mhic l\u00e9inn, c\u00fais an bhronnta, d\u00e1ta agus s\u00edni\u00fa. Oiri\u00fanach do mh\u00fainteoir\u00ed ar mian leo luach saothair a thabhairt do dhalta\u00ed agus iad a spreagadh chun br\u00f3d a bheith acu as a gcuid oibre.<\/p>\n<p data-start=\"678\" data-end=\"700\"> <strong data-start=\"678\" data-end=\"698\">Sonra\u00ed T\u00e1irge:<\/strong><\/p>\n<ul data-start=\"701\" data-end=\"947\">\n<li data-start=\"701\" data-end=\"731\">\n<p data-start=\"703\" data-end=\"731\"> Pac\u00e1iste de 20 teastas A5<\/p>\n<\/li>\n<li data-start=\"732\" data-end=\"767\">\n<p data-start=\"734\" data-end=\"767\"> Prionta l\u00e1n-daite ardchaighde\u00e1in<\/p>\n<\/li>\n<li data-start=\"828\" data-end=\"886\">\n<p data-start=\"830\" data-end=\"886\"> Sp\u00e1s le pearsant\u00fa (Tugtar i l\u00e1thair, Do, D\u00e1ta, S\u00ednithe)<\/p>\n<\/li>\n<li data-start=\"887\" data-end=\"947\">\n<p data-start=\"889\" data-end=\"947\"> Foirfe le haghaidh lua\u00edochta\u00ed ranga agus cl\u00e1ir l\u00e1mhscr\u00edbhneoireachta<\/p>\n<\/li>\n<\/ul>\n<p data-start=\"949\" data-end=\"1081\"> Tabhair an t-aitheantas at\u00e1 tuillte ag do scol\u00e1ir\u00ed leis an Teastas Cead\u00fanais Peann seo at\u00e1 l\u00e1n le l\u00fach\u00e1ir \u2014 n\u00f3im\u00e9ad br\u00f3d\u00fail a mbeidh cuimhne acu air i gc\u00f3na\u00ed!<\/p>\n<hr data-start=\"1083\" data-end=\"1086\" \/>\n<p data-start=\"1088\" data-end=\"1223\" data-is-last-node=\"\" data-is-only-node=\"\">\n","protected":false},"excerpt":{"rendered":"<p>Ceili\u00fair rath l\u00e1mhscr\u00edbhneoireachta i st\u00edl len\u00e1r dTeastais Chead\u00fanais Peann beoga! Foirfe do sheomra\u00ed ranga, aithn\u00edonn na teastais spra\u00ed\u00fala agus ildaite seo \u00e9acht na ndalta\u00ed maidir le l\u00e1mhscr\u00edbhneoireacht n\u00e9ata agus mhuin\u00edneach a mh\u00e1istir. T\u00e1 dearadh geal tarraingteach ar gach teastas A5 agus sp\u00e1s ann chun sonra\u00ed pearsanta a chur air, lena n-\u00e1ir\u00edtear ainm an mhic l\u00e9inn, [&hellip;]<\/p>\n","protected":false},"featured_media":12561,"comment_status":"open","ping_status":"closed","template":"","meta":{"_exactmetrics_skip_tracking":false,"_exactmetrics_sitenote_active":false,"_exactmetrics_sitenote_note":"","_exactmetrics_sitenote_category":0,"site-sidebar-layout":"default","site-content-layout":"","ast-site-content-layout":"default","site-content-style":"default","site-sidebar-style":"default","ast-global-header-display":"","ast-banner-title-visibility":"","ast-main-header-display":"","ast-hfb-above-header-display":"","ast-hfb-below-header-display":"","ast-hfb-mobile-header-display":"","site-post-title":"","ast-breadcrumbs-content":"","ast-featured-img":"","footer-sml-layout":"","theme-transparent-header-meta":"default","adv-header-id-meta":"","stick-header-meta":"","header-above-stick-meta":"","header-main-stick-meta":"","header-below-stick-meta":"","astra-migrate-meta-layouts":"default","ast-page-background-enabled":"default","ast-page-background-meta":{"desktop":{"background-color":"","background-image":"","background-repeat":"repeat","background-position":"center center","background-size":"auto","background-attachment":"scroll","background-type":"","background-media":"","overlay-type":"","overlay-color":"","overlay-opacity":"","overlay-gradient":""},"tablet":{"background-color":"","background-image":"","background-repeat":"repeat","background-position":"center center","background-size":"auto","background-attachment":"scroll","background-type":"","background-media":"","overlay-type":"","overlay-color":"","overlay-opacity":"","overlay-gradient":""},"mobile":{"background-color":"","background-image":"","background-repeat":"repeat","background-position":"center center","background-size":"auto","background-attachment":"scroll","background-type":"","background-media":"","overlay-type":"","overlay-color":"","overlay-opacity":"","overlay-gradient":""}},"ast-content-background-meta":{"desktop":{"background-color":"var(--ast-global-color-5)","background-image":"","background-repeat":"repeat","background-position":"center center","background-size":"auto","background-attachment":"scroll","background-type":"","background-media":"","overlay-type":"","overlay-color":"","overlay-opacity":"","overlay-gradient":""},"tablet":{"background-color":"var(--ast-global-color-5)","background-image":"","background-repeat":"repeat","background-position":"center center","background-size":"auto","background-attachment":"scroll","background-type":"","background-media":"","overlay-type":"","overlay-color":"","overlay-opacity":"","overlay-gradient":""},"mobile":{"background-color":"var(--ast-global-color-5)","background-image":"","background-repeat":"repeat","background-position":"center center","background-size":"auto","background-attachment":"scroll","background-type":"","background-media":"","overlay-type":"","overlay-color":"","overlay-opacity":"","overlay-gradient":""}}},"product_brand":[],"product_cat":[806,805,811],"product_tag":[],"class_list":{"0":"post-12559","1":"product","2":"type-product","3":"status-publish","4":"has-post-thumbnail","6":"product_cat-iarraht-moladh","7":"product_cat-certificates","8":"product_cat-leitheoireacht","9":"desktop-align-left","10":"tablet-align-left","11":"mobile-align-left","13":"first","14":"instock","15":"shipping-taxable","16":"purchasable","17":"product-type-simple"},"_links":{"self":[{"href":"https:\/\/www.molanoige.com\/ga\/wp-json\/wp\/v2\/product\/12559","targetHints":{"allow":["GET"]}}],"collection":[{"href":"https:\/\/www.molanoige.com\/ga\/wp-json\/wp\/v2\/product"}],"about":[{"href":"https:\/\/www.molanoige.com\/ga\/wp-json\/wp\/v2\/types\/product"}],"replies":[{"embeddable":true,"href":"https:\/\/www.molanoige.com\/ga\/wp-json\/wp\/v2\/comments?post=12559"}],"wp:featuredmedia":[{"embeddable":true,"href":"https:\/\/www.molanoige.com\/ga\/wp-json\/wp\/v2\/media\/12561"}],"wp:attachment":[{"href":"https:\/\/www.molanoige.com\/ga\/wp-json\/wp\/v2\/media?parent=12559"}],"wp:term":[{"taxonomy":"product_brand","embeddable":true,"href":"https:\/\/www.molanoige.com\/ga\/wp-json\/wp\/v2\/product_brand?post=12559"},{"taxonomy":"product_cat","embeddable":true,"href":"https:\/\/www.molanoige.com\/ga\/wp-json\/wp\/v2\/product_cat?post=12559"},{"taxonomy":"product_tag","embeddable":true,"href":"https:\/\/www.molanoige.com\/ga\/wp-json\/wp\/v2\/product_tag?post=12559"}],"curies":[{"name":"wp","href":"https:\/\/api.w.org\/{rel}","templated":true}]}}