{"id":12557,"date":"2025-11-05T17:25:09","date_gmt":"2025-11-05T17:25:09","guid":{"rendered":"https:\/\/www.molanoige.com\/product\/gaeilgeoir-na-seachtaine-certificates-irish-speaker-of-the-week\/"},"modified":"2026-02-02T18:14:06","modified_gmt":"2026-02-02T18:14:06","slug":"gaeilgeoir-na-seachtaine-certificates-irish-speaker-of-the-week","status":"publish","type":"product","link":"https:\/\/www.molanoige.com\/ga\/product\/gaeilgeoir-na-seachtaine-certificates-irish-speaker-of-the-week\/","title":{"rendered":"Teastas \u201cGaeilgeoir na Seachtaine\u201d"},"content":{"rendered":"<p data-start=\"234\" data-end=\"436\">Ceili\u00fair l\u00fach\u00e1ir na Gaeilge leis na teastais ildaite seo <strong data-start=\"295\" data-end=\"323\">\u00f3 Gaeilgeoir na Seachtaine<\/strong> ! Foirfe chun aitheantas a thabhairt do dhalta\u00ed a dh\u00e9anann iarracht speisialta Gaeilge a labhairt i rith na seachtaine.<\/p>\n<p data-start=\"438\" data-end=\"741\"> T\u00e1 bogha ceatha, seamr\u00f3ga agus boinn \u00f3ir ar gach teastas geal agus suaimhneach A5 \u2014 dearadh spra\u00ed\u00fail agus f\u00e9ile a thaitneoidh le p\u00e1ist\u00ed. T\u00e1 sp\u00e1s ann chun ainm an dalta, c\u00fais an ghradaim, d\u00e1ta agus s\u00edni\u00fa a phearsant\u00fa, rud a fh\u00e1gann go bhfuil s\u00e9 oiri\u00fanach le h\u00fas\u00e1id i seomra\u00ed ranga Gaeilge n\u00f3 i nGaelscoileanna.<\/p>\n<p data-start=\"743\" data-end=\"765\"> <strong data-start=\"743\" data-end=\"763\">Sonra\u00ed T\u00e1irge:<\/strong><\/p>\n<ul data-start=\"766\" data-end=\"993\">\n<li data-start=\"766\" data-end=\"796\">\n<p data-start=\"768\" data-end=\"796\"> Pac\u00e1iste de 20 teastas A5<\/p>\n<\/li>\n<li data-start=\"797\" data-end=\"832\">\n<p data-start=\"799\" data-end=\"832\"> Prionta l\u00e1n-daite ardchaighde\u00e1in<\/p>\n<\/li>\n<li data-start=\"833\" data-end=\"869\">\n<p data-start=\"835\" data-end=\"869\"> Dearadh tarraingteach le t\u00e9ama \u00c9ireannach<\/p>\n<\/li>\n<li data-start=\"870\" data-end=\"927\">\n<p data-start=\"872\" data-end=\"927\"> Text in Irish: <em data-start=\"887\" data-end=\"925\">Bronnta ar, Le haghaidh, D\u00e1ta, S\u00edni\u00fa<\/em><\/p>\n<\/li>\n<li data-start=\"928\" data-end=\"993\">\n<p data-start=\"930\" data-end=\"993\"> Iontach chun luach saothair a thabhairt d\u2019iarracht agus do dh\u00edograis i labhairt na Gaeilge.<\/p>\n<\/li>\n<\/ul>\n<p data-start=\"995\" data-end=\"1130\"> Spreag br\u00f3d sa teanga agus ceili\u00fair dul chun cinn do scol\u00e1ir\u00ed leis na teastais bheoga seo \u00f3 Gaeilgeoir na Seachtaine!<\/p>\n","protected":false},"excerpt":{"rendered":"<p>Ceili\u00fair l\u00fach\u00e1ir na Gaeilge leis na teastais ildaite seo \u00f3 Gaeilgeoir na Seachtaine ! Foirfe chun aitheantas a thabhairt do dhalta\u00ed a dh\u00e9anann iarracht speisialta Gaeilge a labhairt i rith na seachtaine. T\u00e1 bogha ceatha, seamr\u00f3ga agus boinn \u00f3ir ar gach teastas geal agus suaimhneach A5 \u2014 dearadh spra\u00ed\u00fail agus f\u00e9ile a thaitneoidh le p\u00e1ist\u00ed. [&hellip;]<\/p>\n","protected":false},"featured_media":12558,"comment_status":"open","ping_status":"closed","template":"","meta":{"_exactmetrics_skip_tracking":false,"_exactmetrics_sitenote_active":false,"_exactmetrics_sitenote_note":"","_exactmetrics_sitenote_category":0,"site-sidebar-layout":"default","site-content-layout":"","ast-site-content-layout":"default","site-content-style":"default","site-sidebar-style":"default","ast-global-header-display":"","ast-banner-title-visibility":"","ast-main-header-display":"","ast-hfb-above-header-display":"","ast-hfb-below-header-display":"","ast-hfb-mobile-header-display":"","site-post-title":"","ast-breadcrumbs-content":"","ast-featured-img":"","footer-sml-layout":"","theme-transparent-header-meta":"default","adv-header-id-meta":"","stick-header-meta":"","header-above-stick-meta":"","header-main-stick-meta":"","header-below-stick-meta":"","astra-migrate-meta-layouts":"default","ast-page-background-enabled":"default","ast-page-background-meta":{"desktop":{"background-color":"","background-image":"","background-repeat":"repeat","background-position":"center center","background-size":"auto","background-attachment":"scroll","background-type":"","background-media":"","overlay-type":"","overlay-color":"","overlay-opacity":"","overlay-gradient":""},"tablet":{"background-color":"","background-image":"","background-repeat":"repeat","background-position":"center center","background-size":"auto","background-attachment":"scroll","background-type":"","background-media":"","overlay-type":"","overlay-color":"","overlay-opacity":"","overlay-gradient":""},"mobile":{"background-color":"","background-image":"","background-repeat":"repeat","background-position":"center center","background-size":"auto","background-attachment":"scroll","background-type":"","background-media":"","overlay-type":"","overlay-color":"","overlay-opacity":"","overlay-gradient":""}},"ast-content-background-meta":{"desktop":{"background-color":"var(--ast-global-color-5)","background-image":"","background-repeat":"repeat","background-position":"center center","background-size":"auto","background-attachment":"scroll","background-type":"","background-media":"","overlay-type":"","overlay-color":"","overlay-opacity":"","overlay-gradient":""},"tablet":{"background-color":"var(--ast-global-color-5)","background-image":"","background-repeat":"repeat","background-position":"center center","background-size":"auto","background-attachment":"scroll","background-type":"","background-media":"","overlay-type":"","overlay-color":"","overlay-opacity":"","overlay-gradient":""},"mobile":{"background-color":"var(--ast-global-color-5)","background-image":"","background-repeat":"repeat","background-position":"center center","background-size":"auto","background-attachment":"scroll","background-type":"","background-media":"","overlay-type":"","overlay-color":"","overlay-opacity":"","overlay-gradient":""}}},"product_brand":[],"product_cat":[793,805,807,822],"product_tag":[],"class_list":{"0":"post-12557","1":"product","2":"type-product","3":"status-publish","4":"has-post-thumbnail","6":"product_cat-gaeilge","7":"product_cat-certificates","8":"product_cat-teastais-gaeilge","9":"product_cat-seachtain-na-gaeilge","10":"desktop-align-left","11":"tablet-align-left","12":"mobile-align-left","14":"first","15":"instock","16":"shipping-taxable","17":"purchasable","18":"product-type-simple"},"_links":{"self":[{"href":"https:\/\/www.molanoige.com\/ga\/wp-json\/wp\/v2\/product\/12557","targetHints":{"allow":["GET"]}}],"collection":[{"href":"https:\/\/www.molanoige.com\/ga\/wp-json\/wp\/v2\/product"}],"about":[{"href":"https:\/\/www.molanoige.com\/ga\/wp-json\/wp\/v2\/types\/product"}],"replies":[{"embeddable":true,"href":"https:\/\/www.molanoige.com\/ga\/wp-json\/wp\/v2\/comments?post=12557"}],"wp:featuredmedia":[{"embeddable":true,"href":"https:\/\/www.molanoige.com\/ga\/wp-json\/wp\/v2\/media\/12558"}],"wp:attachment":[{"href":"https:\/\/www.molanoige.com\/ga\/wp-json\/wp\/v2\/media?parent=12557"}],"wp:term":[{"taxonomy":"product_brand","embeddable":true,"href":"https:\/\/www.molanoige.com\/ga\/wp-json\/wp\/v2\/product_brand?post=12557"},{"taxonomy":"product_cat","embeddable":true,"href":"https:\/\/www.molanoige.com\/ga\/wp-json\/wp\/v2\/product_cat?post=12557"},{"taxonomy":"product_tag","embeddable":true,"href":"https:\/\/www.molanoige.com\/ga\/wp-json\/wp\/v2\/product_tag?post=12557"}],"curies":[{"name":"wp","href":"https:\/\/api.w.org\/{rel}","templated":true}]}}