{"id":12555,"date":"2025-11-05T17:30:34","date_gmt":"2025-11-05T17:30:34","guid":{"rendered":"https:\/\/www.molanoige.com\/product\/dalta-na-seachtaine-certificates-student-of-the-week\/"},"modified":"2026-02-02T18:14:06","modified_gmt":"2026-02-02T18:14:06","slug":"dalta-na-seachtaine-certificates-student-of-the-week","status":"publish","type":"product","link":"https:\/\/www.molanoige.com\/ga\/product\/dalta-na-seachtaine-certificates-student-of-the-week\/","title":{"rendered":"Teastas \u201cDalta na Seachtaine\u201d"},"content":{"rendered":"<p data-start=\"177\" data-end=\"444\">Ceili\u00fair obair chrua agus dearcadh dearfach do scol\u00e1ir\u00ed leis na teastais gheala agus suaimhneacha seo <strong data-start=\"265\" data-end=\"288\">de chuid Dalta na Seachtaine<\/strong> ! Cialla\u00edonn <em data-start=\"311\" data-end=\"334\">[[[C6]]]<\/em> sa Gaeilge, agus is gradam spra\u00ed\u00fail \u00e9 seo chun aitheantas a thabhairt d\u2019iarracht, do chine\u00e1ltas agus d\u2019iompar iontach sa seomra ranga.<\/p>\n<p data-start=\"446\" data-end=\"711\"> T\u00e1 c\u00falra r\u00e9altach ildaite, carachtar peann luaidhe spra\u00ed\u00fail, agus sp\u00e1s le hainm an dalta, c\u00fais an bhronnta, d\u00e1ta agus s\u00edni\u00fa a chur leis ar gach teastas A5. Oiri\u00fanach do sheomra\u00ed ranga Gaeilge n\u00f3 do Ghaelscoileanna at\u00e1 ag iarraidh a gcuid dalta\u00ed a spreagadh agus luach saothair a thabhairt d\u00f3ibh.<\/p>\n<p data-start=\"713\" data-end=\"735\"> <strong data-start=\"713\" data-end=\"733\">Sonra\u00ed T\u00e1irge:<\/strong><\/p>\n<ul data-start=\"736\" data-end=\"972\">\n<li data-start=\"736\" data-end=\"766\">\n<p data-start=\"738\" data-end=\"766\"> Pac\u00e1iste de 20 teastas A5<\/p>\n<\/li>\n<li data-start=\"767\" data-end=\"802\">\n<p data-start=\"769\" data-end=\"802\"> Prionta l\u00e1n-daite ardchaighde\u00e1in<\/p>\n<\/li>\n<li data-start=\"803\" data-end=\"853\">\n<p data-start=\"805\" data-end=\"853\"> Dearadh spra\u00ed\u00fail agus tarraingteach le pinn luaidhe agus r\u00e9alta\u00ed<\/p>\n<\/li>\n<li data-start=\"854\" data-end=\"911\">\n<p data-start=\"856\" data-end=\"911\"> Text in Irish: <em data-start=\"871\" data-end=\"909\">Bronnta ar, Le haghaidh, D\u00e1ta, S\u00edni\u00fa<\/em><\/p>\n<\/li>\n<li data-start=\"912\" data-end=\"972\">\n<p data-start=\"914\" data-end=\"972\"> Foirfe le haghaidh lua\u00edochta\u00ed ranga agus atreisi\u00fa dearfach<\/p>\n<\/li>\n<\/ul>\n<p data-start=\"974\" data-end=\"1138\"> Tabhair sceitim\u00edn\u00ed agus br\u00f3d do do ghradaim sheachtaini\u00fala leis na teastais bheoga seo <strong data-start=\"1042\" data-end=\"1065\">\u00f3 Dhalta na Seachtaine<\/strong> \u2014 bealach \u00e1lainn chun \u00e9achta\u00ed gach dalta a cheili\u00faradh!<\/p>\n","protected":false},"excerpt":{"rendered":"<p>Ceili\u00fair obair chrua agus dearcadh dearfach do scol\u00e1ir\u00ed leis na teastais gheala agus suaimhneacha seo de chuid Dalta na Seachtaine ! Cialla\u00edonn [[[C6]]] sa Gaeilge, agus is gradam spra\u00ed\u00fail \u00e9 seo chun aitheantas a thabhairt d\u2019iarracht, do chine\u00e1ltas agus d\u2019iompar iontach sa seomra ranga. T\u00e1 c\u00falra r\u00e9altach ildaite, carachtar peann luaidhe spra\u00ed\u00fail, agus sp\u00e1s le [&hellip;]<\/p>\n","protected":false},"featured_media":12556,"comment_status":"open","ping_status":"closed","template":"","meta":{"_exactmetrics_skip_tracking":false,"_exactmetrics_sitenote_active":false,"_exactmetrics_sitenote_note":"","_exactmetrics_sitenote_category":0,"site-sidebar-layout":"default","site-content-layout":"","ast-site-content-layout":"default","site-content-style":"default","site-sidebar-style":"default","ast-global-header-display":"","ast-banner-title-visibility":"","ast-main-header-display":"","ast-hfb-above-header-display":"","ast-hfb-below-header-display":"","ast-hfb-mobile-header-display":"","site-post-title":"","ast-breadcrumbs-content":"","ast-featured-img":"","footer-sml-layout":"","theme-transparent-header-meta":"default","adv-header-id-meta":"","stick-header-meta":"","header-above-stick-meta":"","header-main-stick-meta":"","header-below-stick-meta":"","astra-migrate-meta-layouts":"set","ast-page-background-enabled":"default","ast-page-background-meta":{"desktop":{"background-color":"","background-image":"","background-repeat":"repeat","background-position":"center center","background-size":"auto","background-attachment":"scroll","background-type":"","background-media":"","overlay-type":"","overlay-color":"","overlay-opacity":"","overlay-gradient":""},"tablet":{"background-color":"","background-image":"","background-repeat":"repeat","background-position":"center center","background-size":"auto","background-attachment":"scroll","background-type":"","background-media":"","overlay-type":"","overlay-color":"","overlay-opacity":"","overlay-gradient":""},"mobile":{"background-color":"","background-image":"","background-repeat":"repeat","background-position":"center center","background-size":"auto","background-attachment":"scroll","background-type":"","background-media":"","overlay-type":"","overlay-color":"","overlay-opacity":"","overlay-gradient":""}},"ast-content-background-meta":{"desktop":{"background-color":"var(--ast-global-color-5)","background-image":"","background-repeat":"repeat","background-position":"center center","background-size":"auto","background-attachment":"scroll","background-type":"","background-media":"","overlay-type":"","overlay-color":"","overlay-opacity":"","overlay-gradient":""},"tablet":{"background-color":"var(--ast-global-color-5)","background-image":"","background-repeat":"repeat","background-position":"center center","background-size":"auto","background-attachment":"scroll","background-type":"","background-media":"","overlay-type":"","overlay-color":"","overlay-opacity":"","overlay-gradient":""},"mobile":{"background-color":"var(--ast-global-color-5)","background-image":"","background-repeat":"repeat","background-position":"center center","background-size":"auto","background-attachment":"scroll","background-type":"","background-media":"","overlay-type":"","overlay-color":"","overlay-opacity":"","overlay-gradient":""}}},"product_brand":[],"product_cat":[793,806,805,807,839,822],"product_tag":[],"class_list":{"0":"post-12555","1":"product","2":"type-product","3":"status-publish","4":"has-post-thumbnail","6":"product_cat-gaeilge","7":"product_cat-iarraht-moladh","8":"product_cat-certificates","9":"product_cat-teastais-gaeilge","10":"product_cat-notai","11":"product_cat-seachtain-na-gaeilge","12":"desktop-align-left","13":"tablet-align-left","14":"mobile-align-left","16":"first","17":"instock","18":"shipping-taxable","19":"purchasable","20":"product-type-simple"},"_links":{"self":[{"href":"https:\/\/www.molanoige.com\/ga\/wp-json\/wp\/v2\/product\/12555","targetHints":{"allow":["GET"]}}],"collection":[{"href":"https:\/\/www.molanoige.com\/ga\/wp-json\/wp\/v2\/product"}],"about":[{"href":"https:\/\/www.molanoige.com\/ga\/wp-json\/wp\/v2\/types\/product"}],"replies":[{"embeddable":true,"href":"https:\/\/www.molanoige.com\/ga\/wp-json\/wp\/v2\/comments?post=12555"}],"wp:featuredmedia":[{"embeddable":true,"href":"https:\/\/www.molanoige.com\/ga\/wp-json\/wp\/v2\/media\/12556"}],"wp:attachment":[{"href":"https:\/\/www.molanoige.com\/ga\/wp-json\/wp\/v2\/media?parent=12555"}],"wp:term":[{"taxonomy":"product_brand","embeddable":true,"href":"https:\/\/www.molanoige.com\/ga\/wp-json\/wp\/v2\/product_brand?post=12555"},{"taxonomy":"product_cat","embeddable":true,"href":"https:\/\/www.molanoige.com\/ga\/wp-json\/wp\/v2\/product_cat?post=12555"},{"taxonomy":"product_tag","embeddable":true,"href":"https:\/\/www.molanoige.com\/ga\/wp-json\/wp\/v2\/product_tag?post=12555"}],"curies":[{"name":"wp","href":"https:\/\/api.w.org\/{rel}","templated":true}]}}