{"id":12385,"date":"2025-11-05T17:35:48","date_gmt":"2025-11-05T17:35:48","guid":{"rendered":"https:\/\/www.molanoige.com\/product\/is-realta-thu-certificates-youre-a-star\/"},"modified":"2026-02-02T18:14:05","modified_gmt":"2026-02-02T18:14:05","slug":"is-realta-thu-certificates-youre-a-star","status":"publish","type":"product","link":"https:\/\/www.molanoige.com\/ga\/product\/is-realta-thu-certificates-youre-a-star\/","title":{"rendered":"Teastas \u201cIs R\u00e9alta Th\u00fa\u201d"},"content":{"rendered":"<p data-start=\"163\" data-end=\"405\">Cuir gliondar ar chro\u00ed do dhalta\u00ed leis na teastais ildaite \u201cIs R\u00e9alta T\u00fa\u201d seo! Cialla\u00edonn s\u00e9 \u201cYou\u2019re a Star\u201d as Gaeilge, agus is bronntanais spreag\u00fala iad seo chun iarracht, cine\u00e1ltas, obair mhaith n\u00f3 aon \u00e9acht speisialta sa seomra ranga a cheili\u00faradh. <\/p>\n<p data-start=\"407\" data-end=\"683\">T\u00e1 dearadh spra\u00ed\u00fail l\u00e1n r\u00e9alta\u00ed ar gach teastas A5, le go leor sp\u00e1is ann chun ainm an dalta, an ch\u00fais leis an ngradam, an d\u00e1ta agus an s\u00edni\u00fa a chur leis. Oiri\u00fanach do sheomra\u00ed ranga Gaeilge, do Ghaelscoileanna, n\u00f3 d\u2019aon scoil a bhfuil meas aici ar dhearfachas agus ar bhr\u00f3d. <\/p>\n<p data-start=\"685\" data-end=\"707\"><strong data-start=\"685\" data-end=\"705\">Sonra\u00ed an T\u00e1irge:<\/strong><\/p>\n<ul data-start=\"708\" data-end=\"935\">\n<li data-start=\"708\" data-end=\"738\">\n<p data-start=\"710\" data-end=\"738\">Pac\u00e1iste de 20 teastas A5<\/p>\n<\/li>\n<li data-start=\"739\" data-end=\"774\">\n<p data-start=\"741\" data-end=\"774\">Priont\u00e1il ar ardchaighde\u00e1n, i l\u00e1n-dath<\/p>\n<\/li>\n<li data-start=\"775\" data-end=\"818\">\n<p data-start=\"777\" data-end=\"818\">Dearadh geal, dearfach le r\u00e9alta\u00ed agus emojis<\/p>\n<\/li>\n<li data-start=\"819\" data-end=\"876\">\n<p data-start=\"821\" data-end=\"876\">T\u00e9acs i nGaeilge: Bronnta ar, Le haghaidh, D\u00e1ta, S\u00edni\u00fa<\/p>\n<\/li>\n<li data-start=\"877\" data-end=\"935\">\n<p data-start=\"879\" data-end=\"935\">Foirsteanach chun iarracht, dearcadh agus \u00e9achta\u00ed a lua agus a spreagadh<\/p>\n<\/li>\n<\/ul>\n<p data-start=\"937\" data-end=\"1075\">Ceili\u00faraigh gach \u00e9acht \u2014 m\u00f3r n\u00f3 beag \u2014 leis na teastais ghealgh\u00e1ireacha \u201cIs R\u00e9alta T\u00fa\u201d seo agus cuir in i\u00fal do do dhalta\u00ed go bhfuil siad ag taitneamh go f\u00edor! ?<\/p>\n","protected":false},"excerpt":{"rendered":"<p>Cuir gliondar ar chro\u00ed do dhalta\u00ed leis na teastais ildaite \u201cIs R\u00e9alta T\u00fa\u201d seo! Cialla\u00edonn s\u00e9 \u201cYou\u2019re a Star\u201d as Gaeilge, agus is bronntanais spreag\u00fala iad seo chun iarracht, cine\u00e1ltas, obair mhaith n\u00f3 aon \u00e9acht speisialta sa seomra ranga a cheili\u00faradh. T\u00e1 dearadh spra\u00ed\u00fail l\u00e1n r\u00e9alta\u00ed ar gach teastas A5, le go leor sp\u00e1is ann [&hellip;]<\/p>\n","protected":false},"featured_media":12383,"comment_status":"open","ping_status":"closed","template":"","meta":{"_exactmetrics_skip_tracking":false,"_exactmetrics_sitenote_active":false,"_exactmetrics_sitenote_note":"","_exactmetrics_sitenote_category":0,"site-sidebar-layout":"default","site-content-layout":"","ast-site-content-layout":"default","site-content-style":"default","site-sidebar-style":"default","ast-global-header-display":"","ast-banner-title-visibility":"","ast-main-header-display":"","ast-hfb-above-header-display":"","ast-hfb-below-header-display":"","ast-hfb-mobile-header-display":"","site-post-title":"","ast-breadcrumbs-content":"","ast-featured-img":"","footer-sml-layout":"","theme-transparent-header-meta":"default","adv-header-id-meta":"","stick-header-meta":"","header-above-stick-meta":"","header-main-stick-meta":"","header-below-stick-meta":"","astra-migrate-meta-layouts":"default","ast-page-background-enabled":"default","ast-page-background-meta":{"desktop":{"background-color":"","background-image":"","background-repeat":"repeat","background-position":"center center","background-size":"auto","background-attachment":"scroll","background-type":"","background-media":"","overlay-type":"","overlay-color":"","overlay-opacity":"","overlay-gradient":""},"tablet":{"background-color":"","background-image":"","background-repeat":"repeat","background-position":"center center","background-size":"auto","background-attachment":"scroll","background-type":"","background-media":"","overlay-type":"","overlay-color":"","overlay-opacity":"","overlay-gradient":""},"mobile":{"background-color":"","background-image":"","background-repeat":"repeat","background-position":"center center","background-size":"auto","background-attachment":"scroll","background-type":"","background-media":"","overlay-type":"","overlay-color":"","overlay-opacity":"","overlay-gradient":""}},"ast-content-background-meta":{"desktop":{"background-color":"var(--ast-global-color-5)","background-image":"","background-repeat":"repeat","background-position":"center center","background-size":"auto","background-attachment":"scroll","background-type":"","background-media":"","overlay-type":"","overlay-color":"","overlay-opacity":"","overlay-gradient":""},"tablet":{"background-color":"var(--ast-global-color-5)","background-image":"","background-repeat":"repeat","background-position":"center center","background-size":"auto","background-attachment":"scroll","background-type":"","background-media":"","overlay-type":"","overlay-color":"","overlay-opacity":"","overlay-gradient":""},"mobile":{"background-color":"var(--ast-global-color-5)","background-image":"","background-repeat":"repeat","background-position":"center center","background-size":"auto","background-attachment":"scroll","background-type":"","background-media":"","overlay-type":"","overlay-color":"","overlay-opacity":"","overlay-gradient":""}}},"product_brand":[],"product_cat":[793,806,805,807],"product_tag":[],"class_list":{"0":"post-12385","1":"product","2":"type-product","3":"status-publish","4":"has-post-thumbnail","6":"product_cat-gaeilge","7":"product_cat-iarraht-moladh","8":"product_cat-certificates","9":"product_cat-teastais-gaeilge","10":"desktop-align-left","11":"tablet-align-left","12":"mobile-align-left","14":"first","15":"instock","16":"shipping-taxable","17":"purchasable","18":"product-type-simple"},"_links":{"self":[{"href":"https:\/\/www.molanoige.com\/ga\/wp-json\/wp\/v2\/product\/12385","targetHints":{"allow":["GET"]}}],"collection":[{"href":"https:\/\/www.molanoige.com\/ga\/wp-json\/wp\/v2\/product"}],"about":[{"href":"https:\/\/www.molanoige.com\/ga\/wp-json\/wp\/v2\/types\/product"}],"replies":[{"embeddable":true,"href":"https:\/\/www.molanoige.com\/ga\/wp-json\/wp\/v2\/comments?post=12385"}],"wp:featuredmedia":[{"embeddable":true,"href":"https:\/\/www.molanoige.com\/ga\/wp-json\/wp\/v2\/media\/12383"}],"wp:attachment":[{"href":"https:\/\/www.molanoige.com\/ga\/wp-json\/wp\/v2\/media?parent=12385"}],"wp:term":[{"taxonomy":"product_brand","embeddable":true,"href":"https:\/\/www.molanoige.com\/ga\/wp-json\/wp\/v2\/product_brand?post=12385"},{"taxonomy":"product_cat","embeddable":true,"href":"https:\/\/www.molanoige.com\/ga\/wp-json\/wp\/v2\/product_cat?post=12385"},{"taxonomy":"product_tag","embeddable":true,"href":"https:\/\/www.molanoige.com\/ga\/wp-json\/wp\/v2\/product_tag?post=12385"}],"curies":[{"name":"wp","href":"https:\/\/api.w.org\/{rel}","templated":true}]}}