{"id":12382,"date":"2024-02-25T15:49:45","date_gmt":"2024-02-25T15:49:45","guid":{"rendered":"https:\/\/www.molanoige.com\/product\/scriosain-puzail-ainmhithe-mara\/"},"modified":"2026-02-02T18:14:05","modified_gmt":"2026-02-02T18:14:05","slug":"scriosain-puzail-ainmhithe-mara","status":"publish","type":"product","link":"https:\/\/www.molanoige.com\/ga\/product\/scriosain-puzail-ainmhithe-mara\/","title":{"rendered":"Scrios\u00e1in Puzail Ainmhithe Mara"},"content":{"rendered":"<p>Seo chugat \u00e1r bpac\u00e1iste gleoite 12 ph\u00edosa de scrios\u00e1in phuzail \u2014 \u00e1it a mbuaileann an fhoghlaim agus an spraoi le ch\u00e9ile i bpl\u00e9asc dathanna geala agus dearadh aoibhinn! T\u00e1 gach scrios\u00e1n m\u00fanlaithe mar thoradh n\u00f3 mar ghlasra, rud a chuireann greann agus spleodar le do phoc\u00e1n pinn n\u00f3 do dheasc. <\/p>\n<p>B\u00ed r\u00e9idh le heachtra scriosta agus t\u00fa ag cur le ch\u00e9ile agus ag baint \u00f3 ch\u00e9ile na scrios\u00e1in phuzail seo at\u00e1 chomh gleoite sin. \u00d3 sh\u00fa craobh mhilis go cair\u00e9id chrosta, t\u00e1 gach p\u00edosa d\u00e9anta go mionch\u00faiseach le bheith cos\u00fail leis an mbunleagan f\u00edor \u2014 rud a fh\u00e1gann go bhfuil bot\u00fain scriosta i bhfad n\u00edos taitneamha\u00ed! <\/p>\n<p>N\u00ed hamh\u00e1in go bhfuil na scrios\u00e1in phuzail seo gleoite, ach t\u00e1 siad an-\u00fas\u00e1ideach freisin \u2014 ag scriosadh marcanna peannluaidhe gan str\u00f3. Cib\u00e9 an mac l\u00e9inn, eala\u00edont\u00f3ir n\u00f3 oibr\u00ed oifige th\u00fa, cuireann siad splanc chruthaitheachta le do chuid oibre laeth\u00fala. <\/p>\n<p>Leis na dathanna geala tarraingteacha at\u00e1 orthu, cinnte spreagfaidh na scrios\u00e1in seo \u00e1thas agus cruthaitheacht. T\u00e1 siad foirfe mar dhuais ranga, mar bhronntanas c\u00f3isire, n\u00f3 mar bhronntanas spra\u00ed\u00fail do chairde agus teaghlaigh. Cuirfidh an pac\u00e1iste seo de scrios\u00e1in phuzail tortha\u00ed agus glasra\u00ed aoibh gh\u00e1ire ar \u00e9adan gach duine. <\/p>\n<p>&nbsp;<\/p>\n<p>Pac\u00e1iste 12 ph\u00edosa<\/p>\n","protected":false},"excerpt":{"rendered":"<p>Seo chugat \u00e1r bpac\u00e1iste gleoite 12 ph\u00edosa de scrios\u00e1in phuzail \u2014 \u00e1it a mbuaileann an fhoghlaim agus an spraoi le ch\u00e9ile i bpl\u00e9asc dathanna geala agus dearadh aoibhinn! T\u00e1 gach scrios\u00e1n m\u00fanlaithe mar thoradh n\u00f3 mar ghlasra, rud a chuireann greann agus spleodar le do phoc\u00e1n pinn n\u00f3 do dheasc. B\u00ed r\u00e9idh le heachtra scriosta [&hellip;]<\/p>\n","protected":false},"featured_media":11046,"comment_status":"open","ping_status":"closed","template":"","meta":{"_exactmetrics_skip_tracking":false,"_exactmetrics_sitenote_active":false,"_exactmetrics_sitenote_note":"","_exactmetrics_sitenote_category":0,"site-sidebar-layout":"default","site-content-layout":"default","ast-site-content-layout":"default","site-content-style":"default","site-sidebar-style":"default","ast-global-header-display":"","ast-banner-title-visibility":"","ast-main-header-display":"","ast-hfb-above-header-display":"","ast-hfb-below-header-display":"","ast-hfb-mobile-header-display":"","site-post-title":"","ast-breadcrumbs-content":"","ast-featured-img":"","footer-sml-layout":"","theme-transparent-header-meta":"default","adv-header-id-meta":"","stick-header-meta":"","header-above-stick-meta":"","header-main-stick-meta":"","header-below-stick-meta":"","astra-migrate-meta-layouts":"default","ast-page-background-enabled":"default","ast-page-background-meta":{"desktop":{"background-color":"","background-image":"","background-repeat":"repeat","background-position":"center center","background-size":"auto","background-attachment":"scroll","background-type":"","background-media":"","overlay-type":"","overlay-color":"","overlay-opacity":"","overlay-gradient":""},"tablet":{"background-color":"","background-image":"","background-repeat":"repeat","background-position":"center center","background-size":"auto","background-attachment":"scroll","background-type":"","background-media":"","overlay-type":"","overlay-color":"","overlay-opacity":"","overlay-gradient":""},"mobile":{"background-color":"","background-image":"","background-repeat":"repeat","background-position":"center center","background-size":"auto","background-attachment":"scroll","background-type":"","background-media":"","overlay-type":"","overlay-color":"","overlay-opacity":"","overlay-gradient":""}},"ast-content-background-meta":{"desktop":{"background-color":"var(--ast-global-color-5)","background-image":"","background-repeat":"repeat","background-position":"center center","background-size":"auto","background-attachment":"scroll","background-type":"","background-media":"","overlay-type":"","overlay-color":"","overlay-opacity":"","overlay-gradient":""},"tablet":{"background-color":"var(--ast-global-color-5)","background-image":"","background-repeat":"repeat","background-position":"center center","background-size":"auto","background-attachment":"scroll","background-type":"","background-media":"","overlay-type":"","overlay-color":"","overlay-opacity":"","overlay-gradient":""},"mobile":{"background-color":"var(--ast-global-color-5)","background-image":"","background-repeat":"repeat","background-position":"center center","background-size":"auto","background-attachment":"scroll","background-type":"","background-media":"","overlay-type":"","overlay-color":"","overlay-opacity":"","overlay-gradient":""}}},"product_brand":[],"product_cat":[799,798,800],"product_tag":[802,801,804,803],"class_list":{"0":"post-12382","1":"product","2":"type-product","3":"status-publish","4":"has-post-thumbnail","6":"product_cat-bronntanais-duaiseanna","7":"product_cat-erasers","8":"product_cat-slainte-follaine","9":"product_tag-fruit","10":"product_tag-healthy-eating","11":"product_tag-puzzle-erasers","12":"product_tag-vegetables","13":"desktop-align-left","14":"tablet-align-left","15":"mobile-align-left","17":"first","18":"instock","19":"featured","20":"shipping-taxable","21":"purchasable","22":"product-type-simple"},"_links":{"self":[{"href":"https:\/\/www.molanoige.com\/ga\/wp-json\/wp\/v2\/product\/12382","targetHints":{"allow":["GET"]}}],"collection":[{"href":"https:\/\/www.molanoige.com\/ga\/wp-json\/wp\/v2\/product"}],"about":[{"href":"https:\/\/www.molanoige.com\/ga\/wp-json\/wp\/v2\/types\/product"}],"replies":[{"embeddable":true,"href":"https:\/\/www.molanoige.com\/ga\/wp-json\/wp\/v2\/comments?post=12382"}],"wp:featuredmedia":[{"embeddable":true,"href":"https:\/\/www.molanoige.com\/ga\/wp-json\/wp\/v2\/media\/11046"}],"wp:attachment":[{"href":"https:\/\/www.molanoige.com\/ga\/wp-json\/wp\/v2\/media?parent=12382"}],"wp:term":[{"taxonomy":"product_brand","embeddable":true,"href":"https:\/\/www.molanoige.com\/ga\/wp-json\/wp\/v2\/product_brand?post=12382"},{"taxonomy":"product_cat","embeddable":true,"href":"https:\/\/www.molanoige.com\/ga\/wp-json\/wp\/v2\/product_cat?post=12382"},{"taxonomy":"product_tag","embeddable":true,"href":"https:\/\/www.molanoige.com\/ga\/wp-json\/wp\/v2\/product_tag?post=12382"}],"curies":[{"name":"wp","href":"https:\/\/api.w.org\/{rel}","templated":true}]}}