{"id":12322,"date":"2022-07-02T19:17:19","date_gmt":"2022-07-02T19:17:19","guid":{"rendered":"https:\/\/www.molanoige.com\/sonrai-seachadta\/"},"modified":"2025-11-26T09:48:36","modified_gmt":"2025-11-26T09:48:36","slug":"sonrai-seachadta","status":"publish","type":"page","link":"https:\/\/www.molanoige.com\/ga\/sonrai-seachadta\/","title":{"rendered":"Sonra\u00ed Seachadta"},"content":{"rendered":"\t\t<div data-elementor-type=\"wp-page\" data-elementor-id=\"12322\" class=\"elementor elementor-12322 elementor-7853\">\n\t\t\t\t\t\t<section class=\"elementor-section elementor-top-section elementor-element elementor-element-38625a2e elementor-section-content-middle elementor-section-boxed elementor-section-height-default elementor-section-height-default\" data-id=\"38625a2e\" data-element_type=\"section\" data-settings=\"{&quot;background_background&quot;:&quot;classic&quot;}\">\n\t\t\t\t\t\t\t<div class=\"elementor-background-overlay\"><\/div>\n\t\t\t\t\t\t\t<div class=\"elementor-container elementor-column-gap-no\">\n\t\t\t\t\t<div class=\"elementor-column elementor-col-100 elementor-top-column elementor-element elementor-element-1ddc4d19\" data-id=\"1ddc4d19\" data-element_type=\"column\">\n\t\t\t<div class=\"elementor-widget-wrap elementor-element-populated\">\n\t\t\t\t\t\t<div class=\"elementor-element elementor-element-3a2cfc4 elementor-widget elementor-widget-heading\" data-id=\"3a2cfc4\" data-element_type=\"widget\" data-widget_type=\"heading.default\">\n\t\t\t\t<div class=\"elementor-widget-container\">\n\t\t\t\t\t<h1 class=\"elementor-heading-title elementor-size-default\">Sonra\u00ed Seachadta<\/h1>\t\t\t\t<\/div>\n\t\t\t\t<\/div>\n\t\t\t\t\t<\/div>\n\t\t<\/div>\n\t\t\t\t\t<\/div>\n\t\t<\/section>\n\t\t\t\t<section class=\"elementor-section elementor-top-section elementor-element elementor-element-150f8ac8 elementor-section-boxed elementor-section-height-default elementor-section-height-default\" data-id=\"150f8ac8\" data-element_type=\"section\">\n\t\t\t\t\t\t<div class=\"elementor-container elementor-column-gap-no\">\n\t\t\t\t\t<div class=\"elementor-column elementor-col-100 elementor-top-column elementor-element elementor-element-4d6709a\" data-id=\"4d6709a\" data-element_type=\"column\">\n\t\t\t<div class=\"elementor-widget-wrap elementor-element-populated\">\n\t\t\t\t\t\t<div class=\"elementor-element elementor-element-b32f48a elementor-widget elementor-widget-heading\" data-id=\"b32f48a\" data-element_type=\"widget\" data-widget_type=\"heading.default\">\n\t\t\t\t<div class=\"elementor-widget-container\">\n\t\t\t\t\t<h5 class=\"elementor-heading-title elementor-size-default\">Seachadadh agus Loingseoireacht<\/h5>\t\t\t\t<\/div>\n\t\t\t\t<\/div>\n\t\t\t\t<div class=\"elementor-element elementor-element-f6df354 elementor-widget elementor-widget-text-editor\" data-id=\"f6df354\" data-element_type=\"widget\" data-widget_type=\"text-editor.default\">\n\t\t\t\t<div class=\"elementor-widget-container\">\n\t\t\t\t\t\t\t\t\t<p>Seachadtar orduithe chuig gach ceann de na 32 contae d\u2019\u00c9irinn, agus d\u00e9antar iad a sheachadadh tr\u00edd an bpost n\u00f3, den chuid is m\u00f3, le c\u00fair\u00e9ireachta. Tuigimid gur f\u00e9idir seachadadh a dh\u00e9anamh am ar bith idir 9rn agus 5in, Luan go hAoine, chuig an seoladh a thugtar ag an tseice\u00e1il amach. Seoltar orduithe de ghn\u00e1th laistigh de 2 l\u00e1 oibre tar \u00e9is don ord\u00fa teacht isteach.<\/p>\n<p>Seachadadh tr\u00ed ch\u00fair\u00e9ir\u00ed Fastway&nbsp;(1\u20132 L\u00e1 Oibre) d\u2019orduithe roimh 12.00pm<\/p>\n<p>Seachadadh tr\u00ed An Post&nbsp;(1\u20133 L\u00e1 Oibre*)<\/p>\n<div>&nbsp;<\/div>\n<div>\n<div>*De bharr srianta Covid-19, d\u2019fh\u00e9adfadh moilleanna a bheith ar amanna seachadta.<\/div>\n<div>&nbsp;<\/div>\n<div>&nbsp;&gt;Seachadadh Luan go hAoine.<\/div>\n<div>\u2022&nbsp;N\u00ed f\u00e9idir an seoladh seachadta a athr\u00fa a luaithe a sheoltar an t-ord\u00fa.<\/div>\n<\/div>\n<h3>&nbsp;<\/h3>\n<p>Chun neamh-sheachadadh a sheachaint, cinntigh go gcuirtear an seoladh Eircode ceart isteach agus cuir uimhir theagmh\u00e1la san \u00e1ireamh le do thoil.<\/p>\n<p>T\u00e1 t\u00e1ille sheachadta sheasta i bhfeidhm ar gach ord\u00fa.<\/p>\n<p><\/p>\t\t\t\t\t\t\t\t<\/div>\n\t\t\t\t<\/div>\n\t\t\t\t\t<\/div>\n\t\t<\/div>\n\t\t\t\t\t<\/div>\n\t\t<\/section>\n\t\t\t\t<\/div>\n\t\t","protected":false},"excerpt":{"rendered":"<p>Sonra\u00ed Seachadta Seachadadh agus Loingseoireacht Seachadtar orduithe chuig gach ceann de na 32 contae d\u2019\u00c9irinn, agus d\u00e9antar iad a sheachadadh tr\u00edd an bpost n\u00f3, den chuid is m\u00f3, le c\u00fair\u00e9ireachta. Tuigimid gur f\u00e9idir seachadadh a dh\u00e9anamh am ar bith idir 9rn agus 5in, Luan go hAoine, chuig an seoladh a thugtar ag an tseice\u00e1il amach. [&hellip;]<\/p>\n","protected":false},"author":1339,"featured_media":0,"parent":0,"menu_order":0,"comment_status":"closed","ping_status":"closed","template":"","meta":{"_exactmetrics_skip_tracking":false,"_exactmetrics_sitenote_active":false,"_exactmetrics_sitenote_note":"","_exactmetrics_sitenote_category":0,"site-sidebar-layout":"no-sidebar","site-content-layout":"page-builder","ast-site-content-layout":"default","site-content-style":"default","site-sidebar-style":"default","ast-global-header-display":"","ast-banner-title-visibility":"","ast-main-header-display":"","ast-hfb-above-header-display":"","ast-hfb-below-header-display":"","ast-hfb-mobile-header-display":"","site-post-title":"disabled","ast-breadcrumbs-content":"","ast-featured-img":"disabled","footer-sml-layout":"","theme-transparent-header-meta":"enabled","adv-header-id-meta":"","stick-header-meta":"","header-above-stick-meta":"","header-main-stick-meta":"","header-below-stick-meta":"","astra-migrate-meta-layouts":"default","ast-page-background-enabled":"default","ast-page-background-meta":{"desktop":{"background-color":"","background-image":"","background-repeat":"repeat","background-position":"center center","background-size":"auto","background-attachment":"scroll","background-type":"","background-media":"","overlay-type":"","overlay-color":"","overlay-opacity":"","overlay-gradient":""},"tablet":{"background-color":"","background-image":"","background-repeat":"repeat","background-position":"center center","background-size":"auto","background-attachment":"scroll","background-type":"","background-media":"","overlay-type":"","overlay-color":"","overlay-opacity":"","overlay-gradient":""},"mobile":{"background-color":"","background-image":"","background-repeat":"repeat","background-position":"center center","background-size":"auto","background-attachment":"scroll","background-type":"","background-media":"","overlay-type":"","overlay-color":"","overlay-opacity":"","overlay-gradient":""}},"ast-content-background-meta":{"desktop":{"background-color":"var(--ast-global-color-5)","background-image":"","background-repeat":"repeat","background-position":"center center","background-size":"auto","background-attachment":"scroll","background-type":"","background-media":"","overlay-type":"","overlay-color":"","overlay-opacity":"","overlay-gradient":""},"tablet":{"background-color":"var(--ast-global-color-5)","background-image":"","background-repeat":"repeat","background-position":"center center","background-size":"auto","background-attachment":"scroll","background-type":"","background-media":"","overlay-type":"","overlay-color":"","overlay-opacity":"","overlay-gradient":""},"mobile":{"background-color":"var(--ast-global-color-5)","background-image":"","background-repeat":"repeat","background-position":"center center","background-size":"auto","background-attachment":"scroll","background-type":"","background-media":"","overlay-type":"","overlay-color":"","overlay-opacity":"","overlay-gradient":""}},"footnotes":""},"class_list":["post-12322","page","type-page","status-publish","hentry"],"_links":{"self":[{"href":"https:\/\/www.molanoige.com\/ga\/wp-json\/wp\/v2\/pages\/12322","targetHints":{"allow":["GET"]}}],"collection":[{"href":"https:\/\/www.molanoige.com\/ga\/wp-json\/wp\/v2\/pages"}],"about":[{"href":"https:\/\/www.molanoige.com\/ga\/wp-json\/wp\/v2\/types\/page"}],"author":[{"embeddable":true,"href":"https:\/\/www.molanoige.com\/ga\/wp-json\/wp\/v2\/users\/1339"}],"replies":[{"embeddable":true,"href":"https:\/\/www.molanoige.com\/ga\/wp-json\/wp\/v2\/comments?post=12322"}],"version-history":[{"count":1,"href":"https:\/\/www.molanoige.com\/ga\/wp-json\/wp\/v2\/pages\/12322\/revisions"}],"predecessor-version":[{"id":12325,"href":"https:\/\/www.molanoige.com\/ga\/wp-json\/wp\/v2\/pages\/12322\/revisions\/12325"}],"wp:attachment":[{"href":"https:\/\/www.molanoige.com\/ga\/wp-json\/wp\/v2\/media?parent=12322"}],"curies":[{"name":"wp","href":"https:\/\/api.w.org\/{rel}","templated":true}]}}