{"id":12300,"date":"2022-07-02T20:37:49","date_gmt":"2022-07-02T20:37:49","guid":{"rendered":"https:\/\/www.molanoige.com\/orduithe-scoile\/"},"modified":"2025-11-25T22:49:52","modified_gmt":"2025-11-25T22:49:52","slug":"orduithe-scoile","status":"publish","type":"page","link":"https:\/\/www.molanoige.com\/ga\/orduithe-scoile\/","title":{"rendered":"Orduithe Scoile"},"content":{"rendered":"\t\t<div data-elementor-type=\"wp-page\" data-elementor-id=\"12300\" class=\"elementor elementor-12300 elementor-7872\">\n\t\t\t\t\t\t<section class=\"elementor-section elementor-top-section elementor-element elementor-element-457fdd4b elementor-section-content-middle elementor-section-boxed elementor-section-height-default elementor-section-height-default\" data-id=\"457fdd4b\" data-element_type=\"section\" data-settings=\"{&quot;background_background&quot;:&quot;classic&quot;}\">\n\t\t\t\t\t\t\t<div class=\"elementor-background-overlay\"><\/div>\n\t\t\t\t\t\t\t<div class=\"elementor-container elementor-column-gap-no\">\n\t\t\t\t\t<div class=\"elementor-column elementor-col-100 elementor-top-column elementor-element elementor-element-627edf3\" data-id=\"627edf3\" data-element_type=\"column\">\n\t\t\t<div class=\"elementor-widget-wrap elementor-element-populated\">\n\t\t\t\t\t\t<div class=\"elementor-element elementor-element-4234be61 elementor-widget elementor-widget-heading\" data-id=\"4234be61\" data-element_type=\"widget\" data-widget_type=\"heading.default\">\n\t\t\t\t<div class=\"elementor-widget-container\">\n\t\t\t\t\t<h1 class=\"elementor-heading-title elementor-size-default\">Orduithe Scoile<\/h1>\t\t\t\t<\/div>\n\t\t\t\t<\/div>\n\t\t\t\t\t<\/div>\n\t\t<\/div>\n\t\t\t\t\t<\/div>\n\t\t<\/section>\n\t\t\t\t<section class=\"elementor-section elementor-top-section elementor-element elementor-element-3c350606 elementor-section-boxed elementor-section-height-default elementor-section-height-default\" data-id=\"3c350606\" data-element_type=\"section\">\n\t\t\t\t\t\t<div class=\"elementor-container elementor-column-gap-no\">\n\t\t\t\t\t<div class=\"elementor-column elementor-col-100 elementor-top-column elementor-element elementor-element-3003ca82\" data-id=\"3003ca82\" data-element_type=\"column\">\n\t\t\t<div class=\"elementor-widget-wrap elementor-element-populated\">\n\t\t\t\t\t\t<div class=\"elementor-element elementor-element-7cb8d2f elementor-widget elementor-widget-heading\" data-id=\"7cb8d2f\" data-element_type=\"widget\" data-widget_type=\"heading.default\">\n\t\t\t\t<div class=\"elementor-widget-container\">\n\t\t\t\t\t<h3 class=\"elementor-heading-title elementor-size-default\">Orduithe Scoile<\/h3>\t\t\t\t<\/div>\n\t\t\t\t<\/div>\n\t\t\t\t<div class=\"elementor-element elementor-element-51b2d1eb elementor-widget elementor-widget-text-editor\" data-id=\"51b2d1eb\" data-element_type=\"widget\" data-widget_type=\"text-editor.default\">\n\t\t\t\t<div class=\"elementor-widget-container\">\n\t\t\t\t\t\t\t\t\t<h5>Ar mhaith leat do scoil a fhorchur le sonrasc?<\/h5><p>1. Cuir na hearra\u00ed is mian leat sa chise\u00e1n<br>2. Ag an tseice\u00e1il amach, roghnaigh \u201c\u00cdoc le haistri\u00fa bainc\/\u00edoca\u00edocht tr\u00ed sheic\u201d<br>3. Cr\u00edochnaigh d\u2019ord\u00fa!<\/p><p>Seolfaimid sonrasc chuig do scoil le h\u00edoc!<\/p><p> <\/p><p>Cuir in i\u00fal d\u00fainn i do n\u00f3ta\u00ed ag an tseice\u00e1il amach m\u00e1 theasta\u00edonn uait go seolfar an t-ord\u00fa roimh \u00edoca\u00edocht.<\/p><p>Cuir isteach uimhir ghuth\u00e1in agus r\u00edomhphost na hoifige chun teagmh\u00e1il a dh\u00e9anamh maidir leis an \u00edoca\u00edocht.<\/p>\t\t\t\t\t\t\t\t<\/div>\n\t\t\t\t<\/div>\n\t\t\t\t\t<\/div>\n\t\t<\/div>\n\t\t\t\t\t<\/div>\n\t\t<\/section>\n\t\t\t\t<\/div>\n\t\t","protected":false},"excerpt":{"rendered":"<p>Orduithe Scoile Orduithe Scoile Ar mhaith leat do scoil a fhorchur le sonrasc? 1. Cuir na hearra\u00ed is mian leat sa chise\u00e1n2. Ag an tseice\u00e1il amach, roghnaigh \u201c\u00cdoc le haistri\u00fa bainc\/\u00edoca\u00edocht tr\u00ed sheic\u201d3. Cr\u00edochnaigh d\u2019ord\u00fa! Seolfaimid sonrasc chuig do scoil le h\u00edoc! Cuir in i\u00fal d\u00fainn i do n\u00f3ta\u00ed ag an tseice\u00e1il amach m\u00e1 theasta\u00edonn [&hellip;]<\/p>\n","protected":false},"author":1339,"featured_media":0,"parent":0,"menu_order":0,"comment_status":"closed","ping_status":"closed","template":"","meta":{"_exactmetrics_skip_tracking":false,"_exactmetrics_sitenote_active":false,"_exactmetrics_sitenote_note":"","_exactmetrics_sitenote_category":0,"site-sidebar-layout":"no-sidebar","site-content-layout":"page-builder","ast-site-content-layout":"default","site-content-style":"default","site-sidebar-style":"default","ast-global-header-display":"","ast-banner-title-visibility":"","ast-main-header-display":"","ast-hfb-above-header-display":"","ast-hfb-below-header-display":"","ast-hfb-mobile-header-display":"","site-post-title":"disabled","ast-breadcrumbs-content":"","ast-featured-img":"disabled","footer-sml-layout":"","theme-transparent-header-meta":"enabled","adv-header-id-meta":"","stick-header-meta":"","header-above-stick-meta":"","header-main-stick-meta":"","header-below-stick-meta":"","astra-migrate-meta-layouts":"default","ast-page-background-enabled":"default","ast-page-background-meta":{"desktop":{"background-color":"","background-image":"","background-repeat":"repeat","background-position":"center center","background-size":"auto","background-attachment":"scroll","background-type":"","background-media":"","overlay-type":"","overlay-color":"","overlay-opacity":"","overlay-gradient":""},"tablet":{"background-color":"","background-image":"","background-repeat":"repeat","background-position":"center center","background-size":"auto","background-attachment":"scroll","background-type":"","background-media":"","overlay-type":"","overlay-color":"","overlay-opacity":"","overlay-gradient":""},"mobile":{"background-color":"","background-image":"","background-repeat":"repeat","background-position":"center center","background-size":"auto","background-attachment":"scroll","background-type":"","background-media":"","overlay-type":"","overlay-color":"","overlay-opacity":"","overlay-gradient":""}},"ast-content-background-meta":{"desktop":{"background-color":"var(--ast-global-color-5)","background-image":"","background-repeat":"repeat","background-position":"center center","background-size":"auto","background-attachment":"scroll","background-type":"","background-media":"","overlay-type":"","overlay-color":"","overlay-opacity":"","overlay-gradient":""},"tablet":{"background-color":"var(--ast-global-color-5)","background-image":"","background-repeat":"repeat","background-position":"center center","background-size":"auto","background-attachment":"scroll","background-type":"","background-media":"","overlay-type":"","overlay-color":"","overlay-opacity":"","overlay-gradient":""},"mobile":{"background-color":"var(--ast-global-color-5)","background-image":"","background-repeat":"repeat","background-position":"center center","background-size":"auto","background-attachment":"scroll","background-type":"","background-media":"","overlay-type":"","overlay-color":"","overlay-opacity":"","overlay-gradient":""}},"footnotes":""},"class_list":["post-12300","page","type-page","status-publish","hentry"],"_links":{"self":[{"href":"https:\/\/www.molanoige.com\/ga\/wp-json\/wp\/v2\/pages\/12300","targetHints":{"allow":["GET"]}}],"collection":[{"href":"https:\/\/www.molanoige.com\/ga\/wp-json\/wp\/v2\/pages"}],"about":[{"href":"https:\/\/www.molanoige.com\/ga\/wp-json\/wp\/v2\/types\/page"}],"author":[{"embeddable":true,"href":"https:\/\/www.molanoige.com\/ga\/wp-json\/wp\/v2\/users\/1339"}],"replies":[{"embeddable":true,"href":"https:\/\/www.molanoige.com\/ga\/wp-json\/wp\/v2\/comments?post=12300"}],"version-history":[{"count":3,"href":"https:\/\/www.molanoige.com\/ga\/wp-json\/wp\/v2\/pages\/12300\/revisions"}],"predecessor-version":[{"id":12305,"href":"https:\/\/www.molanoige.com\/ga\/wp-json\/wp\/v2\/pages\/12300\/revisions\/12305"}],"wp:attachment":[{"href":"https:\/\/www.molanoige.com\/ga\/wp-json\/wp\/v2\/media?parent=12300"}],"curies":[{"name":"wp","href":"https:\/\/api.w.org\/{rel}","templated":true}]}}