{"id":12296,"date":"2022-07-02T19:32:47","date_gmt":"2022-07-02T19:32:47","guid":{"rendered":"https:\/\/www.molanoige.com\/tairgi-pearsantaithe\/"},"modified":"2025-11-25T22:46:24","modified_gmt":"2025-11-25T22:46:24","slug":"tairgi-pearsantaithe","status":"publish","type":"page","link":"https:\/\/www.molanoige.com\/ga\/tairgi-pearsantaithe\/","title":{"rendered":"T\u00e1irg\u00ed Pearsantaithe"},"content":{"rendered":"\t\t<div data-elementor-type=\"wp-page\" data-elementor-id=\"12296\" class=\"elementor elementor-12296 elementor-7863\">\n\t\t\t\t\t\t<section class=\"elementor-section elementor-top-section elementor-element elementor-element-23de38df elementor-section-content-middle elementor-section-boxed elementor-section-height-default elementor-section-height-default\" data-id=\"23de38df\" data-element_type=\"section\" data-settings=\"{&quot;background_background&quot;:&quot;classic&quot;}\">\n\t\t\t\t\t\t\t<div class=\"elementor-background-overlay\"><\/div>\n\t\t\t\t\t\t\t<div class=\"elementor-container elementor-column-gap-no\">\n\t\t\t\t\t<div class=\"elementor-column elementor-col-100 elementor-top-column elementor-element elementor-element-2d3ae70a\" data-id=\"2d3ae70a\" data-element_type=\"column\">\n\t\t\t<div class=\"elementor-widget-wrap elementor-element-populated\">\n\t\t\t\t\t\t<div class=\"elementor-element elementor-element-5b73e533 elementor-widget elementor-widget-heading\" data-id=\"5b73e533\" data-element_type=\"widget\" data-widget_type=\"heading.default\">\n\t\t\t\t<div class=\"elementor-widget-container\">\n\t\t\t\t\t<h1 class=\"elementor-heading-title elementor-size-default\">T\u00e1irg\u00ed Pearsantaithe<\/h1>\t\t\t\t<\/div>\n\t\t\t\t<\/div>\n\t\t\t\t\t<\/div>\n\t\t<\/div>\n\t\t\t\t\t<\/div>\n\t\t<\/section>\n\t\t\t\t<section class=\"elementor-section elementor-top-section elementor-element elementor-element-9d56289 elementor-section-boxed elementor-section-height-default elementor-section-height-default\" data-id=\"9d56289\" data-element_type=\"section\">\n\t\t\t\t\t\t<div class=\"elementor-container elementor-column-gap-no\">\n\t\t\t\t\t<div class=\"elementor-column elementor-col-100 elementor-top-column elementor-element elementor-element-3e6723b9\" data-id=\"3e6723b9\" data-element_type=\"column\">\n\t\t\t<div class=\"elementor-widget-wrap elementor-element-populated\">\n\t\t\t\t\t\t<div class=\"elementor-element elementor-element-a79a55c elementor-widget elementor-widget-heading\" data-id=\"a79a55c\" data-element_type=\"widget\" data-widget_type=\"heading.default\">\n\t\t\t\t<div class=\"elementor-widget-container\">\n\t\t\t\t\t<h3 class=\"elementor-heading-title elementor-size-default\">T\u00e1irg\u00ed Pearsantaithe<\/h3>\t\t\t\t<\/div>\n\t\t\t\t<\/div>\n\t\t\t\t<div class=\"elementor-element elementor-element-313522f4 elementor-widget elementor-widget-text-editor\" data-id=\"313522f4\" data-element_type=\"widget\" data-widget_type=\"text-editor.default\">\n\t\t\t\t<div class=\"elementor-widget-container\">\n\t\t\t\t\t\t\t\t\t<h5>Suaitheantais phearsantaithe<\/h5><p>D\u00e9antar gach suaitheantas cnaip\u00ed pearsantaithe de l\u00e1imh. Ag brath ar an gcainn\u00edocht agus ar chastacht an dearaidh, pr\u00f3ise\u00e1iltear agus seoltar an t-ord\u00fa de ghn\u00e1th laistigh de 2 l\u00e1. <\/p><ul><li>Cuirimid suaitheantais ar f\u00e1il i dh\u00e1 mh\u00e9id: 56mm agus 32mm. <\/li><li>D\u00e9antar na suaitheantais ciorclacha buan as miotal \u00e9adrom le c\u00fal miotail le bior\u00e1n. T\u00e1 siad cosanta ar scr\u00edoba\u00ed agus ar sholas UV le cl\u00fadach mylar. <\/li><li>T\u00e1 \u00e1r suaitheantais \u00e9asca le cur ar \u00e9ada\u00ed, fi\u00fa ag l\u00e1mha beaga!<\/li><li>T\u00e1 rogha ann maidir le cl\u00fadach holografach n\u00f3 prionta miotalach. Praghs\u00e1ilfear \u00e9 sin ar leithligh. <\/li><li><span style=\"background-color: var(--ast-global-color-4); color: var(--ast-global-color-3);\">Is \u00e9 20 suaitheantas an t-\u00edosmh\u00e9id ordaithe.<\/span><\/li><li>N\u00edl le d\u00e9anamh ach an t\u00e9acs agus an \u00edomh\u00e1 is mian leat a \u00fas\u00e1id a sheoladh chugainn. Is f\u00e9idir l\u00f3g\u00f3nna scoile srl. a sheoladh chuig info@molanoige.com agus teast\u00f3idh an m\u00e9id comhaid ceart uathu chun oibri\u00fa i gceart. T\u00e1 dearadh amh\u00e1in san \u00e1ireamh sa phraghas. Seolfaimid grianghraf duit den tsuaitheantas cr\u00edochnaithe chun an st\u00edl agus an dearadh a dheimhni\u00fa.   <\/li><\/ul><h5>Rial\u00f3ir\u00ed pearsantaithe<\/h5><ul><li>Is \u00e9 an t-\u00edosord\u00fa 25 rial\u00f3ir.<\/li><li>Seol an t\u00e9acs agus an dath c\u00falra is mian leat a \u00fas\u00e1id.<\/li><li>D\u00e9antar rial\u00f3ir\u00ed pearsantaithe as plaisteach buan agus tomhaiseann siad 15cm.*<\/li><\/ul><h5>Gream\u00e1in phearsantaithe<\/h5><p>Is bealach iontach agus saor iad gream\u00e1in chun do dhalta\u00ed a lua. Is f\u00e9idir gream\u00e1in bhreithlae, gream\u00e1in \u00e9achta agus gream\u00e1in duaise a phearsant\u00fa le d\u2019ainm agus le teachtaireacht speisialta chun do dhalta\u00ed a spreagadh. <\/p><ul><li>24 gream\u00e1n ar A4 (\u22054cm)<\/li><li>Roghnaigh ceann de na deara\u00ed agus seol do th\u00e9acs chugainn (cuir n\u00f3ta le d\u2019ord\u00fa n\u00f3 seol r\u00edomhphost chugainn).<\/li><li>Is f\u00e9idir l\u00f3g\u00f3 scoile a phriont\u00e1il mar ghream\u00e1n freisin. N\u00ed g\u00e1 ach an comhad a sheoladh chugainn tr\u00ed r\u00edomhphost. <\/li><li>Do hordeanna de 20 bileog n\u00f3 n\u00edos m\u00f3, cuirimid dearadh saor in aisce ar f\u00e1il bunaithe ar do roghanna. N\u00ed g\u00e1 ach do smaoint\u00ed a sheoladh chuig info@molanoige.com. <\/li><\/ul><p><span style=\"background-color: var(--ast-global-color-4); color: var(--ast-global-color-3);\"> <\/span><\/p>\t\t\t\t\t\t\t\t<\/div>\n\t\t\t\t<\/div>\n\t\t\t\t\t<\/div>\n\t\t<\/div>\n\t\t\t\t\t<\/div>\n\t\t<\/section>\n\t\t\t\t<\/div>\n\t\t","protected":false},"excerpt":{"rendered":"<p>T\u00e1irg\u00ed Pearsantaithe T\u00e1irg\u00ed Pearsantaithe Suaitheantais phearsantaithe D\u00e9antar gach suaitheantas cnaip\u00ed pearsantaithe de l\u00e1imh. Ag brath ar an gcainn\u00edocht agus ar chastacht an dearaidh, pr\u00f3ise\u00e1iltear agus seoltar an t-ord\u00fa de ghn\u00e1th laistigh de 2 l\u00e1. Cuirimid suaitheantais ar f\u00e1il i dh\u00e1 mh\u00e9id: 56mm agus 32mm. D\u00e9antar na suaitheantais ciorclacha buan as miotal \u00e9adrom le c\u00fal miotail [&hellip;]<\/p>\n","protected":false},"author":1339,"featured_media":0,"parent":0,"menu_order":0,"comment_status":"closed","ping_status":"closed","template":"","meta":{"_exactmetrics_skip_tracking":false,"_exactmetrics_sitenote_active":false,"_exactmetrics_sitenote_note":"","_exactmetrics_sitenote_category":0,"site-sidebar-layout":"no-sidebar","site-content-layout":"page-builder","ast-site-content-layout":"default","site-content-style":"default","site-sidebar-style":"default","ast-global-header-display":"","ast-banner-title-visibility":"","ast-main-header-display":"","ast-hfb-above-header-display":"","ast-hfb-below-header-display":"","ast-hfb-mobile-header-display":"","site-post-title":"disabled","ast-breadcrumbs-content":"","ast-featured-img":"disabled","footer-sml-layout":"","theme-transparent-header-meta":"enabled","adv-header-id-meta":"","stick-header-meta":"","header-above-stick-meta":"","header-main-stick-meta":"","header-below-stick-meta":"","astra-migrate-meta-layouts":"default","ast-page-background-enabled":"default","ast-page-background-meta":{"desktop":{"background-color":"","background-image":"","background-repeat":"repeat","background-position":"center center","background-size":"auto","background-attachment":"scroll","background-type":"","background-media":"","overlay-type":"","overlay-color":"","overlay-opacity":"","overlay-gradient":""},"tablet":{"background-color":"","background-image":"","background-repeat":"repeat","background-position":"center center","background-size":"auto","background-attachment":"scroll","background-type":"","background-media":"","overlay-type":"","overlay-color":"","overlay-opacity":"","overlay-gradient":""},"mobile":{"background-color":"","background-image":"","background-repeat":"repeat","background-position":"center center","background-size":"auto","background-attachment":"scroll","background-type":"","background-media":"","overlay-type":"","overlay-color":"","overlay-opacity":"","overlay-gradient":""}},"ast-content-background-meta":{"desktop":{"background-color":"var(--ast-global-color-5)","background-image":"","background-repeat":"repeat","background-position":"center center","background-size":"auto","background-attachment":"scroll","background-type":"","background-media":"","overlay-type":"","overlay-color":"","overlay-opacity":"","overlay-gradient":""},"tablet":{"background-color":"var(--ast-global-color-5)","background-image":"","background-repeat":"repeat","background-position":"center center","background-size":"auto","background-attachment":"scroll","background-type":"","background-media":"","overlay-type":"","overlay-color":"","overlay-opacity":"","overlay-gradient":""},"mobile":{"background-color":"var(--ast-global-color-5)","background-image":"","background-repeat":"repeat","background-position":"center center","background-size":"auto","background-attachment":"scroll","background-type":"","background-media":"","overlay-type":"","overlay-color":"","overlay-opacity":"","overlay-gradient":""}},"footnotes":""},"class_list":["post-12296","page","type-page","status-publish","hentry"],"_links":{"self":[{"href":"https:\/\/www.molanoige.com\/ga\/wp-json\/wp\/v2\/pages\/12296","targetHints":{"allow":["GET"]}}],"collection":[{"href":"https:\/\/www.molanoige.com\/ga\/wp-json\/wp\/v2\/pages"}],"about":[{"href":"https:\/\/www.molanoige.com\/ga\/wp-json\/wp\/v2\/types\/page"}],"author":[{"embeddable":true,"href":"https:\/\/www.molanoige.com\/ga\/wp-json\/wp\/v2\/users\/1339"}],"replies":[{"embeddable":true,"href":"https:\/\/www.molanoige.com\/ga\/wp-json\/wp\/v2\/comments?post=12296"}],"version-history":[{"count":1,"href":"https:\/\/www.molanoige.com\/ga\/wp-json\/wp\/v2\/pages\/12296\/revisions"}],"predecessor-version":[{"id":12299,"href":"https:\/\/www.molanoige.com\/ga\/wp-json\/wp\/v2\/pages\/12296\/revisions\/12299"}],"wp:attachment":[{"href":"https:\/\/www.molanoige.com\/ga\/wp-json\/wp\/v2\/media?parent=12296"}],"curies":[{"name":"wp","href":"https:\/\/api.w.org\/{rel}","templated":true}]}}