{"id":12292,"date":"2022-07-01T18:26:50","date_gmt":"2022-07-01T18:26:50","guid":{"rendered":"https:\/\/www.molanoige.com\/tearmai-coinniollacha\/"},"modified":"2025-11-25T22:21:39","modified_gmt":"2025-11-25T22:21:39","slug":"tearmai-coinniollacha","status":"publish","type":"page","link":"https:\/\/www.molanoige.com\/ga\/tearmai-coinniollacha\/","title":{"rendered":"T\u00e9arma\u00ed &amp; Coinn\u00edollacha"},"content":{"rendered":"\t\t<div data-elementor-type=\"wp-page\" data-elementor-id=\"12292\" class=\"elementor elementor-12292 elementor-7725\">\n\t\t\t\t\t\t<section class=\"elementor-section elementor-top-section elementor-element elementor-element-1dee9d13 elementor-section-content-middle elementor-section-boxed elementor-section-height-default elementor-section-height-default\" data-id=\"1dee9d13\" data-element_type=\"section\" data-settings=\"{&quot;background_background&quot;:&quot;classic&quot;}\">\n\t\t\t\t\t\t\t<div class=\"elementor-background-overlay\"><\/div>\n\t\t\t\t\t\t\t<div class=\"elementor-container elementor-column-gap-no\">\n\t\t\t\t\t<div class=\"elementor-column elementor-col-100 elementor-top-column elementor-element elementor-element-74ace896\" data-id=\"74ace896\" data-element_type=\"column\">\n\t\t\t<div class=\"elementor-widget-wrap elementor-element-populated\">\n\t\t\t\t\t\t<div class=\"elementor-element elementor-element-68d34dd9 elementor-widget elementor-widget-heading\" data-id=\"68d34dd9\" data-element_type=\"widget\" data-widget_type=\"heading.default\">\n\t\t\t\t<div class=\"elementor-widget-container\">\n\t\t\t\t\t<h1 class=\"elementor-heading-title elementor-size-default\">T\u00e9arma\u00ed &amp; Coinn\u00edollacha<\/h1>\t\t\t\t<\/div>\n\t\t\t\t<\/div>\n\t\t\t\t\t<\/div>\n\t\t<\/div>\n\t\t\t\t\t<\/div>\n\t\t<\/section>\n\t\t\t\t<section class=\"elementor-section elementor-top-section elementor-element elementor-element-1bfae773 elementor-section-boxed elementor-section-height-default elementor-section-height-default\" data-id=\"1bfae773\" data-element_type=\"section\">\n\t\t\t\t\t\t<div class=\"elementor-container elementor-column-gap-no\">\n\t\t\t\t\t<div class=\"elementor-column elementor-col-100 elementor-top-column elementor-element elementor-element-0bb6fe4\" data-id=\"0bb6fe4\" data-element_type=\"column\">\n\t\t\t<div class=\"elementor-widget-wrap elementor-element-populated\">\n\t\t\t\t\t\t<div class=\"elementor-element elementor-element-373652a elementor-widget elementor-widget-heading\" data-id=\"373652a\" data-element_type=\"widget\" data-widget_type=\"heading.default\">\n\t\t\t\t<div class=\"elementor-widget-container\">\n\t\t\t\t\t<h3 class=\"elementor-heading-title elementor-size-default\">T\u00e9arma\u00ed &amp; Coinn\u00edollacha<\/h3>\t\t\t\t<\/div>\n\t\t\t\t<\/div>\n\t\t\t\t<div class=\"elementor-element elementor-element-6a0d760 elementor-widget elementor-widget-text-editor\" data-id=\"6a0d760\" data-element_type=\"widget\" data-widget_type=\"text-editor.default\">\n\t\t\t\t<div class=\"elementor-widget-container\">\n\t\t\t\t\t\t\t\t\t<p>L\u00e9igh \u00e1r dT\u00e9arma\u00ed &amp; Coinn\u00edollacha go c\u00faramach sula n-orda\u00edonn t\u00fa aon earra\u00ed uainn. Tr\u00ed earra\u00ed a ord\u00fa \u00f3 Mhol an \u00d3ige, t\u00e1 t\u00fa ag aont\u00fa leis na T\u00e9arma\u00ed &amp; Coinn\u00edollacha a leagtar amach th\u00edos.<\/p><p>D\u00c9AN TEAGMH\u00c1IL LINN<br>ORD\u00daCH\u00c1N<br>SEACHADADH<br>FILLEADH &amp; AISTI\u00daCH\u00c1IN<br>\u00cdOCA\u00cdOCHT\/SL\u00c1ND\u00c1IL<br>PRAGHASANNA<\/p><h5>1. D\u00c9AN TEAGMH\u00c1IL LINN<\/h5><p>Is f\u00e9idir teagmh\u00e1il a dh\u00e9anamh linn am ar bith ag info@molanoige.com n\u00f3 ar 089-9488049. Ar an drochuair, b\u2019fh\u00e9idir nach mbeimid in ann glaonna a ghlacadh idir 9rn agus 3.30in, Luan go hAoine. M\u00e1 t\u00e1imid gn\u00f3thach agus nach f\u00e9idir linn freagra a thabhairt, f\u00e1g teachtaireacht linn agus cuirfimid glaoch ar ais ort an l\u00e1 c\u00e9anna.<\/p><h5>2. ORD\u00daCH\u00c1N<\/h5><p>D\u00e9antar gach ord\u00fa a phr\u00f3ise\u00e1il laistigh de 1 l\u00e1 oibre tar \u00e9is d\u00f3 teacht isteach agus seoltar iad de ghn\u00e1th laistigh de 2 l\u00e1 oibre. D\u00e9anaimid \u00e1r nd\u00edcheall na hordeanna a sheoladh amach chomh tapa agus is f\u00e9idir. Seice\u00e1il d\u2019ord\u00fa l\u00e1ithreach bonn. Cuirfear f\u00f3gra chuig do sheoladh r\u00edomhphoist. M\u00e1 t\u00e1 aon cheist agat maidir le hord\u00fa a rinne t\u00fa, n\u00e1 b\u00edodh aon leisce ort teagmh\u00e1il a dh\u00e9anamh linn ag info@molanoige.com n\u00f3 089-9488049. B\u00edodh d\u2019uimhir ordaithe ar f\u00e1il agat.<\/p><h5>3. SEACHADADH<\/h5><p>Seachadtar orduithe chuig gach ceann de na 32 contae d\u2019\u00c9irinn, agus d\u00e9antar iad a sheachadadh tr\u00edd an bpost n\u00f3, den chuid is m\u00f3, le c\u00fair\u00e9ireachta. Tuigimid gur f\u00e9idir seachadadh a dh\u00e9anamh am ar bith idir 9rn agus 5in, Luan go hAoine, chuig an seoladh a thugtar ag an tseice\u00e1il amach. Seoltar orduithe de ghn\u00e1th laistigh de 2 l\u00e1 oibre tar \u00e9is an t-ord\u00fa a theacht isteach. <em>IM\u00e1 chuirtear ord\u00fa isteach agus mura bhfuil roinnt earra\u00ed i stoc, f\u00e9adfar m\u00edr den chine\u00e1l c\u00e9anna a chur ina h\u00e1it. Beidh gach earra ionaid cuma, luach, cainn\u00edocht agus caighde\u00e1n comhchos\u00fail.<\/em> Ar ch\u00faiseanna comhshaoil, n\u00ed chuireamar sonrasc n\u00e1 admh\u00e1il i gcl\u00f3 leis an ord\u00fa. Seolfar taifid ordaithe chuig an r\u00edomhphost a thugtar, ach is f\u00e9idir admh\u00e1il ph\u00e1ip\u00e9ir a iarraidh m\u00e1s g\u00e1.<\/p><h5>4. FILLEADH &amp; AISTI\u00daCH\u00c1IN<\/h5><p>T\u00e1 polasa\u00ed \u201cgan aon cheist\u201d againn maidir le filleadh agus ais\u00edoca\u00edochta\u00ed ag Mol an \u00d3ige Malart\u00f3imid n\u00f3 ais\u00edocfaimid aon mh\u00edr fad is at\u00e1 s\u00ed ar ais i riocht foirfe agus gan aon mharc uirthi. N\u00ed m\u00f3r d\u00fainn a chur ar an eolas laistigh de 10 l\u00e1 oibre \u00f3 fh\u00e1il an ordaithe chun m\u00edr a mhalart\u00fa n\u00f3 a ais\u00edoc. \u00cdocfaidh an custaim\u00e9ir costas ar bith a bhaineann le hearra\u00ed a chur ar ais. M\u00e1 t\u00e1 m\u00edr at\u00e1 \u00e1 filleadh n\u00f3 \u00e1 hais\u00edoc dam\u00e1istithe n\u00f3 marc\u00e1ilte, f\u00e9adfar t\u00e1ille a ghearradh agus d\u2019fh\u00e9adfadh s\u00e9 a bheith inch\u00e1ilithe ach ar phraghas laghdaithe. M\u00e1 t\u00e1 aon cheist agat faoi fhillteanas n\u00f3 ais\u00edoca\u00edochta\u00ed: info@molanoige.com n\u00f3 089-9488049. B\u00edodh d\u2019uimhir ordaithe ar f\u00e1il agat.<\/p><h5>5. \u00cdOCA\u00cdOCHT\/SL\u00c1ND\u00c1IL<\/h5><p>Cuirimid timpeallacht shl\u00e1n \u00edoca\u00edochta ar f\u00e1il tr\u00ed theicneola\u00edochta\u00ed pr\u00f3ise\u00e1la c\u00e1rta\u00ed PayPal a \u00fas\u00e1id. Leis na teicneola\u00edochta\u00ed sl\u00e1nd\u00e1la SSL, cuirtear isteach do shonra\u00ed \u00edoca\u00edochta faoi choinn\u00edollacha sl\u00e1na amh\u00e1in. Sula gcuireann t\u00fa do chuid sonra\u00ed isteach, atreor\u00f3far t\u00fa chuig freastala\u00ed sl\u00e1n ar l\u00edne chun an \u00edoca\u00edocht a dh\u00e9anamh. Glacaimid le h\u00edoca\u00edochta\u00ed Visa, MasterCard agus Laser. Glacaimid le haistrithe bainc agus le h\u00edoca\u00edochta\u00ed tr\u00ed sheic freisin. A luaithe a fhaighimid an \u00edoca\u00edocht, pr\u00f3ise\u00e1lfar d\u2019ord\u00fa.<\/p><h5>6. T\u00c1IRG\u00cd AGUS PRAGHASANNA<\/h5><p>T\u00e1 s\u00e9 de cheart ag Mol an \u00d3ige praghas aon t\u00e1irge ar an su\u00edomh seo a athr\u00fa am ar bith gan f\u00f3gra roimh r\u00e9. T\u00e1 na hearra\u00ed go l\u00e9ir mar at\u00e1 siad sna grianghraif ar an su\u00edomh, mar sin cinntigh go bhfuil t\u00fa s\u00e1sta leis an t\u00e1irge sula n-orda\u00edonn t\u00fa.<\/p>\t\t\t\t\t\t\t\t<\/div>\n\t\t\t\t<\/div>\n\t\t\t\t\t<\/div>\n\t\t<\/div>\n\t\t\t\t\t<\/div>\n\t\t<\/section>\n\t\t\t\t<\/div>\n\t\t","protected":false},"excerpt":{"rendered":"<p>T\u00e9arma\u00ed &amp; Coinn\u00edollacha T\u00e9arma\u00ed &amp; Coinn\u00edollacha L\u00e9igh \u00e1r dT\u00e9arma\u00ed &amp; Coinn\u00edollacha go c\u00faramach sula n-orda\u00edonn t\u00fa aon earra\u00ed uainn. Tr\u00ed earra\u00ed a ord\u00fa \u00f3 Mhol an \u00d3ige, t\u00e1 t\u00fa ag aont\u00fa leis na T\u00e9arma\u00ed &amp; Coinn\u00edollacha a leagtar amach th\u00edos. D\u00c9AN TEAGMH\u00c1IL LINNORD\u00daCH\u00c1NSEACHADADHFILLEADH &amp; AISTI\u00daCH\u00c1IN\u00cdOCA\u00cdOCHT\/SL\u00c1ND\u00c1ILPRAGHASANNA 1. D\u00c9AN TEAGMH\u00c1IL LINN Is f\u00e9idir teagmh\u00e1il a dh\u00e9anamh linn [&hellip;]<\/p>\n","protected":false},"author":1339,"featured_media":0,"parent":0,"menu_order":0,"comment_status":"closed","ping_status":"closed","template":"","meta":{"_exactmetrics_skip_tracking":false,"_exactmetrics_sitenote_active":false,"_exactmetrics_sitenote_note":"","_exactmetrics_sitenote_category":0,"site-sidebar-layout":"no-sidebar","site-content-layout":"page-builder","ast-site-content-layout":"default","site-content-style":"default","site-sidebar-style":"default","ast-global-header-display":"","ast-banner-title-visibility":"","ast-main-header-display":"","ast-hfb-above-header-display":"","ast-hfb-below-header-display":"","ast-hfb-mobile-header-display":"","site-post-title":"disabled","ast-breadcrumbs-content":"","ast-featured-img":"disabled","footer-sml-layout":"","theme-transparent-header-meta":"enabled","adv-header-id-meta":"","stick-header-meta":"","header-above-stick-meta":"","header-main-stick-meta":"","header-below-stick-meta":"","astra-migrate-meta-layouts":"default","ast-page-background-enabled":"default","ast-page-background-meta":{"desktop":{"background-color":"","background-image":"","background-repeat":"repeat","background-position":"center center","background-size":"auto","background-attachment":"scroll","background-type":"","background-media":"","overlay-type":"","overlay-color":"","overlay-opacity":"","overlay-gradient":""},"tablet":{"background-color":"","background-image":"","background-repeat":"repeat","background-position":"center center","background-size":"auto","background-attachment":"scroll","background-type":"","background-media":"","overlay-type":"","overlay-color":"","overlay-opacity":"","overlay-gradient":""},"mobile":{"background-color":"","background-image":"","background-repeat":"repeat","background-position":"center center","background-size":"auto","background-attachment":"scroll","background-type":"","background-media":"","overlay-type":"","overlay-color":"","overlay-opacity":"","overlay-gradient":""}},"ast-content-background-meta":{"desktop":{"background-color":"var(--ast-global-color-5)","background-image":"","background-repeat":"repeat","background-position":"center center","background-size":"auto","background-attachment":"scroll","background-type":"","background-media":"","overlay-type":"","overlay-color":"","overlay-opacity":"","overlay-gradient":""},"tablet":{"background-color":"var(--ast-global-color-5)","background-image":"","background-repeat":"repeat","background-position":"center center","background-size":"auto","background-attachment":"scroll","background-type":"","background-media":"","overlay-type":"","overlay-color":"","overlay-opacity":"","overlay-gradient":""},"mobile":{"background-color":"var(--ast-global-color-5)","background-image":"","background-repeat":"repeat","background-position":"center center","background-size":"auto","background-attachment":"scroll","background-type":"","background-media":"","overlay-type":"","overlay-color":"","overlay-opacity":"","overlay-gradient":""}},"footnotes":""},"class_list":["post-12292","page","type-page","status-publish","hentry"],"_links":{"self":[{"href":"https:\/\/www.molanoige.com\/ga\/wp-json\/wp\/v2\/pages\/12292","targetHints":{"allow":["GET"]}}],"collection":[{"href":"https:\/\/www.molanoige.com\/ga\/wp-json\/wp\/v2\/pages"}],"about":[{"href":"https:\/\/www.molanoige.com\/ga\/wp-json\/wp\/v2\/types\/page"}],"author":[{"embeddable":true,"href":"https:\/\/www.molanoige.com\/ga\/wp-json\/wp\/v2\/users\/1339"}],"replies":[{"embeddable":true,"href":"https:\/\/www.molanoige.com\/ga\/wp-json\/wp\/v2\/comments?post=12292"}],"version-history":[{"count":1,"href":"https:\/\/www.molanoige.com\/ga\/wp-json\/wp\/v2\/pages\/12292\/revisions"}],"predecessor-version":[{"id":12295,"href":"https:\/\/www.molanoige.com\/ga\/wp-json\/wp\/v2\/pages\/12292\/revisions\/12295"}],"wp:attachment":[{"href":"https:\/\/www.molanoige.com\/ga\/wp-json\/wp\/v2\/media?parent=12292"}],"curies":[{"name":"wp","href":"https:\/\/api.w.org\/{rel}","templated":true}]}}