{"id":12286,"date":"2022-07-02T20:47:42","date_gmt":"2022-07-02T20:47:42","guid":{"rendered":"https:\/\/www.molanoige.com\/tabhair-cuairt-ar-an-siopa\/"},"modified":"2025-11-25T21:41:18","modified_gmt":"2025-11-25T21:41:18","slug":"tabhair-cuairt-ar-an-siopa","status":"publish","type":"page","link":"https:\/\/www.molanoige.com\/ga\/tabhair-cuairt-ar-an-siopa\/","title":{"rendered":"Tabhair Cuairt ar an Siopa"},"content":{"rendered":"\t\t<div data-elementor-type=\"wp-page\" data-elementor-id=\"12286\" class=\"elementor elementor-12286 elementor-7886\">\n\t\t\t\t\t\t<section class=\"elementor-section elementor-top-section elementor-element elementor-element-3ee642e2 elementor-section-content-middle elementor-section-boxed elementor-section-height-default elementor-section-height-default\" data-id=\"3ee642e2\" data-element_type=\"section\" data-settings=\"{&quot;background_background&quot;:&quot;classic&quot;}\">\n\t\t\t\t\t\t\t<div class=\"elementor-background-overlay\"><\/div>\n\t\t\t\t\t\t\t<div class=\"elementor-container elementor-column-gap-no\">\n\t\t\t\t\t<div class=\"elementor-column elementor-col-100 elementor-top-column elementor-element elementor-element-1b355147\" data-id=\"1b355147\" data-element_type=\"column\">\n\t\t\t<div class=\"elementor-widget-wrap elementor-element-populated\">\n\t\t\t\t\t\t<div class=\"elementor-element elementor-element-4b2d0a99 elementor-widget elementor-widget-heading\" data-id=\"4b2d0a99\" data-element_type=\"widget\" data-widget_type=\"heading.default\">\n\t\t\t\t<div class=\"elementor-widget-container\">\n\t\t\t\t\t<h1 class=\"elementor-heading-title elementor-size-default\">Tabhair Cuairt ar an Siopa<\/h1>\t\t\t\t<\/div>\n\t\t\t\t<\/div>\n\t\t\t\t\t<\/div>\n\t\t<\/div>\n\t\t\t\t\t<\/div>\n\t\t<\/section>\n\t\t\t\t<section class=\"elementor-section elementor-top-section elementor-element elementor-element-56cefd92 elementor-section-boxed elementor-section-height-default elementor-section-height-default\" data-id=\"56cefd92\" data-element_type=\"section\">\n\t\t\t\t\t\t<div class=\"elementor-container elementor-column-gap-no\">\n\t\t\t\t\t<div class=\"elementor-column elementor-col-100 elementor-top-column elementor-element elementor-element-3688082c\" data-id=\"3688082c\" data-element_type=\"column\">\n\t\t\t<div class=\"elementor-widget-wrap elementor-element-populated\">\n\t\t\t\t\t\t<div class=\"elementor-element elementor-element-2a7811e1 elementor-widget elementor-widget-heading\" data-id=\"2a7811e1\" data-element_type=\"widget\" data-widget_type=\"heading.default\">\n\t\t\t\t<div class=\"elementor-widget-container\">\n\t\t\t\t\t<h3 class=\"elementor-heading-title elementor-size-default\">Mol an \u00d3ige<\/h3>\t\t\t\t<\/div>\n\t\t\t\t<\/div>\n\t\t\t\t<div class=\"elementor-element elementor-element-51252049 elementor-widget elementor-widget-text-editor\" data-id=\"51252049\" data-element_type=\"widget\" data-widget_type=\"text-editor.default\">\n\t\t\t\t<div class=\"elementor-widget-container\">\n\t\t\t\t\t\t\t\t\t<p>Tabhair cuairt ar Mhol an \u00d3ige m\u00e1 t\u00e1 t\u00fa ag lorg duaiseanna scoile, bronntanais do dhalta\u00ed agus spreagtha\u00ed. T\u00e1 go leor duaiseanna \u201cR\u00e9alt na Seachtaine\u201d againn. Is maith le p\u00e1ist\u00ed peannluaidhe, scrios\u00e1in bheaga dheasa, g\u00e9ar\u00f3ir\u00ed, gream\u00e1in, banda\u00ed l\u00e1imhe n\u00f3 leabharmharcanna a fh\u00e1il as a gcuid oibre agus dea-iompair.\nWe have many \u201cStar of the Week\u201d rewards.  Is maith le p\u00e1ist\u00ed peannluaidhe, scrios\u00e1in bheaga dheasa, g\u00e9ar\u00f3ir\u00ed, gream\u00e1in, banda\u00ed l\u00e1imhe n\u00f3 leabharmharcanna a fh\u00e1il as a gcuid oibre agus dea-iompair.<\/p><p>Roghna\u00edonn go leor m\u00fainteoir\u00ed agus c\u00fant\u00f3ir\u00ed riachtanais speisialta a gcuid dalta\u00ed a lua gach l\u00e1 le roghanna saor cos\u00fail le gream\u00e1in agus banda\u00ed p\u00e1ip\u00e9ir. Is smaoineamh maith agus saor iad n\u00f3ta\u00ed ini\u00fach\u00e1in le focail molta agus spreagtha freisin.<\/p><p>M\u00e1 t\u00e1 t\u00fa ag lorg paca\u00ed duaise do Sheachtain na Gaeilge, duaiseanna do L\u00e1 Sp\u00f3irt n\u00f3 sol\u00e1thairt\u00ed don tSeachtain Mhata, t\u00e1 a l\u00e1n againn le cur ar f\u00e1il duit. <\/p><p> <\/p>\t\t\t\t\t\t\t\t<\/div>\n\t\t\t\t<\/div>\n\t\t\t\t\t<\/div>\n\t\t<\/div>\n\t\t\t\t\t<\/div>\n\t\t<\/section>\n\t\t\t\t<\/div>\n\t\t","protected":false},"excerpt":{"rendered":"<p>Tabhair Cuairt ar an Siopa Mol an \u00d3ige Tabhair cuairt ar Mhol an \u00d3ige m\u00e1 t\u00e1 t\u00fa ag lorg duaiseanna scoile, bronntanais do dhalta\u00ed agus spreagtha\u00ed. T\u00e1 go leor duaiseanna \u201cR\u00e9alt na Seachtaine\u201d againn. Is maith le p\u00e1ist\u00ed peannluaidhe, scrios\u00e1in bheaga dheasa, g\u00e9ar\u00f3ir\u00ed, gream\u00e1in, banda\u00ed l\u00e1imhe n\u00f3 leabharmharcanna a fh\u00e1il as a gcuid oibre agus [&hellip;]<\/p>\n","protected":false},"author":1339,"featured_media":0,"parent":0,"menu_order":0,"comment_status":"closed","ping_status":"closed","template":"","meta":{"_exactmetrics_skip_tracking":false,"_exactmetrics_sitenote_active":false,"_exactmetrics_sitenote_note":"","_exactmetrics_sitenote_category":0,"site-sidebar-layout":"no-sidebar","site-content-layout":"page-builder","ast-site-content-layout":"default","site-content-style":"default","site-sidebar-style":"default","ast-global-header-display":"","ast-banner-title-visibility":"","ast-main-header-display":"","ast-hfb-above-header-display":"","ast-hfb-below-header-display":"","ast-hfb-mobile-header-display":"","site-post-title":"disabled","ast-breadcrumbs-content":"","ast-featured-img":"disabled","footer-sml-layout":"","theme-transparent-header-meta":"enabled","adv-header-id-meta":"","stick-header-meta":"","header-above-stick-meta":"","header-main-stick-meta":"","header-below-stick-meta":"","astra-migrate-meta-layouts":"default","ast-page-background-enabled":"default","ast-page-background-meta":{"desktop":{"background-color":"","background-image":"","background-repeat":"repeat","background-position":"center center","background-size":"auto","background-attachment":"scroll","background-type":"","background-media":"","overlay-type":"","overlay-color":"","overlay-opacity":"","overlay-gradient":""},"tablet":{"background-color":"","background-image":"","background-repeat":"repeat","background-position":"center center","background-size":"auto","background-attachment":"scroll","background-type":"","background-media":"","overlay-type":"","overlay-color":"","overlay-opacity":"","overlay-gradient":""},"mobile":{"background-color":"","background-image":"","background-repeat":"repeat","background-position":"center center","background-size":"auto","background-attachment":"scroll","background-type":"","background-media":"","overlay-type":"","overlay-color":"","overlay-opacity":"","overlay-gradient":""}},"ast-content-background-meta":{"desktop":{"background-color":"var(--ast-global-color-5)","background-image":"","background-repeat":"repeat","background-position":"center center","background-size":"auto","background-attachment":"scroll","background-type":"","background-media":"","overlay-type":"","overlay-color":"","overlay-opacity":"","overlay-gradient":""},"tablet":{"background-color":"var(--ast-global-color-5)","background-image":"","background-repeat":"repeat","background-position":"center center","background-size":"auto","background-attachment":"scroll","background-type":"","background-media":"","overlay-type":"","overlay-color":"","overlay-opacity":"","overlay-gradient":""},"mobile":{"background-color":"var(--ast-global-color-5)","background-image":"","background-repeat":"repeat","background-position":"center center","background-size":"auto","background-attachment":"scroll","background-type":"","background-media":"","overlay-type":"","overlay-color":"","overlay-opacity":"","overlay-gradient":""}},"footnotes":""},"class_list":["post-12286","page","type-page","status-publish","hentry"],"_links":{"self":[{"href":"https:\/\/www.molanoige.com\/ga\/wp-json\/wp\/v2\/pages\/12286","targetHints":{"allow":["GET"]}}],"collection":[{"href":"https:\/\/www.molanoige.com\/ga\/wp-json\/wp\/v2\/pages"}],"about":[{"href":"https:\/\/www.molanoige.com\/ga\/wp-json\/wp\/v2\/types\/page"}],"author":[{"embeddable":true,"href":"https:\/\/www.molanoige.com\/ga\/wp-json\/wp\/v2\/users\/1339"}],"replies":[{"embeddable":true,"href":"https:\/\/www.molanoige.com\/ga\/wp-json\/wp\/v2\/comments?post=12286"}],"version-history":[{"count":3,"href":"https:\/\/www.molanoige.com\/ga\/wp-json\/wp\/v2\/pages\/12286\/revisions"}],"predecessor-version":[{"id":12291,"href":"https:\/\/www.molanoige.com\/ga\/wp-json\/wp\/v2\/pages\/12286\/revisions\/12291"}],"wp:attachment":[{"href":"https:\/\/www.molanoige.com\/ga\/wp-json\/wp\/v2\/media?parent=12286"}],"curies":[{"name":"wp","href":"https:\/\/api.w.org\/{rel}","templated":true}]}}