{"id":12282,"date":"2022-07-01T19:19:21","date_gmt":"2022-07-01T19:19:21","guid":{"rendered":"https:\/\/www.molanoige.com\/fuinn\/"},"modified":"2025-11-25T21:29:30","modified_gmt":"2025-11-25T21:29:30","slug":"fuinn","status":"publish","type":"page","link":"https:\/\/www.molanoige.com\/ga\/fuinn\/","title":{"rendered":"F\u00fainn"},"content":{"rendered":"\t\t<div data-elementor-type=\"wp-page\" data-elementor-id=\"12282\" class=\"elementor elementor-12282 elementor-7767\">\n\t\t\t\t\t\t<section class=\"elementor-section elementor-top-section elementor-element elementor-element-5cf536c3 elementor-section-content-middle elementor-section-boxed elementor-section-height-default elementor-section-height-default\" data-id=\"5cf536c3\" data-element_type=\"section\" data-settings=\"{&quot;background_background&quot;:&quot;classic&quot;}\">\n\t\t\t\t\t\t\t<div class=\"elementor-background-overlay\"><\/div>\n\t\t\t\t\t\t\t<div class=\"elementor-container elementor-column-gap-no\">\n\t\t\t\t\t<div class=\"elementor-column elementor-col-100 elementor-top-column elementor-element elementor-element-71122f10\" data-id=\"71122f10\" data-element_type=\"column\">\n\t\t\t<div class=\"elementor-widget-wrap elementor-element-populated\">\n\t\t\t\t\t\t<div class=\"elementor-element elementor-element-75a9e3d7 elementor-widget elementor-widget-heading\" data-id=\"75a9e3d7\" data-element_type=\"widget\" data-widget_type=\"heading.default\">\n\t\t\t\t<div class=\"elementor-widget-container\">\n\t\t\t\t\t<h1 class=\"elementor-heading-title elementor-size-default\">F\u00fainn<\/h1>\t\t\t\t<\/div>\n\t\t\t\t<\/div>\n\t\t\t\t\t<\/div>\n\t\t<\/div>\n\t\t\t\t\t<\/div>\n\t\t<\/section>\n\t\t\t\t<section class=\"elementor-section elementor-top-section elementor-element elementor-element-6fbf629 elementor-section-boxed elementor-section-height-default elementor-section-height-default\" data-id=\"6fbf629\" data-element_type=\"section\">\n\t\t\t\t\t\t<div class=\"elementor-container elementor-column-gap-no\">\n\t\t\t\t\t<div class=\"elementor-column elementor-col-100 elementor-top-column elementor-element elementor-element-546edf55\" data-id=\"546edf55\" data-element_type=\"column\">\n\t\t\t<div class=\"elementor-widget-wrap elementor-element-populated\">\n\t\t\t\t\t\t<div class=\"elementor-element elementor-element-3a1575c0 elementor-widget elementor-widget-heading\" data-id=\"3a1575c0\" data-element_type=\"widget\" data-widget_type=\"heading.default\">\n\t\t\t\t<div class=\"elementor-widget-container\">\n\t\t\t\t\t<h3 class=\"elementor-heading-title elementor-size-default\">F\u00fainn<\/h3>\t\t\t\t<\/div>\n\t\t\t\t<\/div>\n\t\t\t\t<div class=\"elementor-element elementor-element-16143fa elementor-widget elementor-widget-text-editor\" data-id=\"16143fa\" data-element_type=\"widget\" data-widget_type=\"text-editor.default\">\n\t\t\t\t<div class=\"elementor-widget-container\">\n\t\t\t\t\t\t\t\t\t<p>Is comhlacht \u00c9ireannach \u00e9 Mol an \u00d3ige a re\u00e1cht\u00e1iltear ag m\u00fainteoir\u00ed, do mh\u00fainteoir\u00ed.<\/p><p>Buna\u00edodh an comhlacht i gCorcaigh ar dt\u00fas, agus d\u2019\u00e9irigh leis \u00e9 f\u00e9in a bhun\u00fa mar phr\u00edomhshol\u00e1thra\u00ed duaiseanna agus spreagtha\u00ed do scoileanna ar fud na t\u00edre. In 2020, ghlac m\u00fainteoir agus C\u00fant\u00f3ir Riachtanais Speisialta i nGaillimh seilbh ar an gcomhlacht le pleananna f\u00e1is agus forbartha.<\/p><p>T\u00e1 s\u00e9 mar aidhm againn cabhr\u00fa le scoileanna tr\u00ed chomhartha\u00ed beaga molta agus spreagtha a shol\u00e1thar. T\u00e1 \u00e1r dt\u00e1irg\u00ed inacmhainne, \u00e1bhartha agus \u00e9ags\u00fail chun freastal ar \u00e9achta\u00ed acad\u00fala agus iompair \u00e9ags\u00fala.<\/p><p>T\u00e1 raon leathan t\u00e1irg\u00ed againn chun foghlaim a spreagadh: lena n-\u00e1ir\u00edtear peannluaidhe, pinn, br\u00e1isl\u00e9id, gream\u00e1in, stampa\u00ed agus earra\u00ed eile.<\/p><p>Is \u00e9 \u00e1r sprioc \u00fas\u00e1id na Gaeilge a spreagadh agus a choth\u00fa \u2013 n\u00ed hamh\u00e1in sa seomra ranga, ach mar theanga labhartha i bpobal na scoile. <\/p><p>D\u00e9antar cuid mh\u00f3r d\u00e1r dt\u00e1irg\u00ed go saincheaptha in \u00c9irinn.<\/p><p>\u2014-<\/p><p>Mol an \u00d3ige agus Tiocfaidh S\u00ed<\/p>\t\t\t\t\t\t\t\t<\/div>\n\t\t\t\t<\/div>\n\t\t\t\t\t<\/div>\n\t\t<\/div>\n\t\t\t\t\t<\/div>\n\t\t<\/section>\n\t\t\t\t<\/div>\n\t\t","protected":false},"excerpt":{"rendered":"<p>F\u00fainn F\u00fainn Is comhlacht \u00c9ireannach \u00e9 Mol an \u00d3ige a re\u00e1cht\u00e1iltear ag m\u00fainteoir\u00ed, do mh\u00fainteoir\u00ed. Buna\u00edodh an comhlacht i gCorcaigh ar dt\u00fas, agus d\u2019\u00e9irigh leis \u00e9 f\u00e9in a bhun\u00fa mar phr\u00edomhshol\u00e1thra\u00ed duaiseanna agus spreagtha\u00ed do scoileanna ar fud na t\u00edre. In 2020, ghlac m\u00fainteoir agus C\u00fant\u00f3ir Riachtanais Speisialta i nGaillimh seilbh ar an gcomhlacht le [&hellip;]<\/p>\n","protected":false},"author":1339,"featured_media":0,"parent":0,"menu_order":0,"comment_status":"closed","ping_status":"closed","template":"","meta":{"_exactmetrics_skip_tracking":false,"_exactmetrics_sitenote_active":false,"_exactmetrics_sitenote_note":"","_exactmetrics_sitenote_category":0,"site-sidebar-layout":"no-sidebar","site-content-layout":"page-builder","ast-site-content-layout":"default","site-content-style":"default","site-sidebar-style":"default","ast-global-header-display":"","ast-banner-title-visibility":"","ast-main-header-display":"","ast-hfb-above-header-display":"","ast-hfb-below-header-display":"","ast-hfb-mobile-header-display":"","site-post-title":"disabled","ast-breadcrumbs-content":"","ast-featured-img":"disabled","footer-sml-layout":"","theme-transparent-header-meta":"enabled","adv-header-id-meta":"","stick-header-meta":"","header-above-stick-meta":"","header-main-stick-meta":"","header-below-stick-meta":"","astra-migrate-meta-layouts":"default","ast-page-background-enabled":"default","ast-page-background-meta":{"desktop":{"background-color":"","background-image":"","background-repeat":"repeat","background-position":"center center","background-size":"auto","background-attachment":"scroll","background-type":"","background-media":"","overlay-type":"","overlay-color":"","overlay-opacity":"","overlay-gradient":""},"tablet":{"background-color":"","background-image":"","background-repeat":"repeat","background-position":"center center","background-size":"auto","background-attachment":"scroll","background-type":"","background-media":"","overlay-type":"","overlay-color":"","overlay-opacity":"","overlay-gradient":""},"mobile":{"background-color":"","background-image":"","background-repeat":"repeat","background-position":"center center","background-size":"auto","background-attachment":"scroll","background-type":"","background-media":"","overlay-type":"","overlay-color":"","overlay-opacity":"","overlay-gradient":""}},"ast-content-background-meta":{"desktop":{"background-color":"var(--ast-global-color-5)","background-image":"","background-repeat":"repeat","background-position":"center center","background-size":"auto","background-attachment":"scroll","background-type":"","background-media":"","overlay-type":"","overlay-color":"","overlay-opacity":"","overlay-gradient":""},"tablet":{"background-color":"var(--ast-global-color-5)","background-image":"","background-repeat":"repeat","background-position":"center center","background-size":"auto","background-attachment":"scroll","background-type":"","background-media":"","overlay-type":"","overlay-color":"","overlay-opacity":"","overlay-gradient":""},"mobile":{"background-color":"var(--ast-global-color-5)","background-image":"","background-repeat":"repeat","background-position":"center center","background-size":"auto","background-attachment":"scroll","background-type":"","background-media":"","overlay-type":"","overlay-color":"","overlay-opacity":"","overlay-gradient":""}},"footnotes":""},"class_list":["post-12282","page","type-page","status-publish","hentry"],"_links":{"self":[{"href":"https:\/\/www.molanoige.com\/ga\/wp-json\/wp\/v2\/pages\/12282","targetHints":{"allow":["GET"]}}],"collection":[{"href":"https:\/\/www.molanoige.com\/ga\/wp-json\/wp\/v2\/pages"}],"about":[{"href":"https:\/\/www.molanoige.com\/ga\/wp-json\/wp\/v2\/types\/page"}],"author":[{"embeddable":true,"href":"https:\/\/www.molanoige.com\/ga\/wp-json\/wp\/v2\/users\/1339"}],"replies":[{"embeddable":true,"href":"https:\/\/www.molanoige.com\/ga\/wp-json\/wp\/v2\/comments?post=12282"}],"version-history":[{"count":1,"href":"https:\/\/www.molanoige.com\/ga\/wp-json\/wp\/v2\/pages\/12282\/revisions"}],"predecessor-version":[{"id":12285,"href":"https:\/\/www.molanoige.com\/ga\/wp-json\/wp\/v2\/pages\/12282\/revisions\/12285"}],"wp:attachment":[{"href":"https:\/\/www.molanoige.com\/ga\/wp-json\/wp\/v2\/media?parent=12282"}],"curies":[{"name":"wp","href":"https:\/\/api.w.org\/{rel}","templated":true}]}}